{"id":10052,"date":"2023-05-26T11:15:23","date_gmt":"2023-05-26T09:15:23","guid":{"rendered":"https:\/\/www.kostkos.vilniausr.lm.lt\/?page_id=10052"},"modified":"2023-05-26T11:15:23","modified_gmt":"2023-05-26T09:15:23","slug":"lesos-veiklai-viesinti","status":"publish","type":"page","link":"https:\/\/www.kostkos.vilniausr.lm.lt\/?page_id=10052","title":{"rendered":"L\u0117\u0161os veiklai vie\u0161inti"},"content":{"rendered":"\n<p>Vie\u0161osios informacijos reng\u0117j\u0173 ir skleid\u0117j\u0173 informacin\u0117 sistema (VIRSIS)<\/p>\n\n\n\n<p><a href=\"https:\/\/www.virsis.lt\">https:\/\/www.virsis.lt<\/a><\/p>\n\n\n\n<p>Gimnazija l\u0117\u0161\u0173 savo veiklai vie\u0161inti nenaudojo.<\/p>\n","protected":false},"excerpt":{"rendered":"<p>Vie\u0161osios informacijos reng\u0117j\u0173 ir skleid\u0117j\u0173 informacin\u0117 sistema (VIRSIS) https:\/\/www.virsis.lt Gimnazija l\u0117\u0161\u0173 savo veiklai vie\u0161inti nenaudojo.<\/p>\n","protected":false},"author":1,"featured_media":0,"parent":10025,"menu_order":10,"comment_status":"closed","ping_status":"closed","template":"","meta":{"ngg_post_thumbnail":0,"footnotes":"","_links_to":"","_links_to_target":""},"_links":{"self":[{"href":"https:\/\/www.kostkos.vilniausr.lm.lt\/index.php?rest_route=\/wp\/v2\/pages\/10052"}],"collection":[{"href":"https:\/\/www.kostkos.vilniausr.lm.lt\/index.php?rest_route=\/wp\/v2\/pages"}],"about":[{"href":"https:\/\/www.kostkos.vilniausr.lm.lt\/index.php?rest_route=\/wp\/v2\/types\/page"}],"author":[{"embeddable":true,"href":"https:\/\/www.kostkos.vilniausr.lm.lt\/index.php?rest_route=\/wp\/v2\/users\/1"}],"replies":[{"embeddable":true,"href":"https:\/\/www.kostkos.vilniausr.lm.lt\/index.php?rest_route=%2Fwp%2Fv2%2Fcomments&post=10052"}],"version-history":[{"count":1,"href":"https:\/\/www.kostkos.vilniausr.lm.lt\/index.php?rest_route=\/wp\/v2\/pages\/10052\/revisions"}],"predecessor-version":[{"id":10053,"href":"https:\/\/www.kostkos.vilniausr.lm.lt\/index.php?rest_route=\/wp\/v2\/pages\/10052\/revisions\/10053"}],"up":[{"embeddable":true,"href":"https:\/\/www.kostkos.vilniausr.lm.lt\/index.php?rest_route=\/wp\/v2\/pages\/10025"}],"wp:attachment":[{"href":"https:\/\/www.kostkos.vilniausr.lm.lt\/index.php?rest_route=%2Fwp%2Fv2%2Fmedia&parent=10052"}],"curies":[{"name":"wp","href":"https:\/\/api.w.org\/{rel}","templated":true}]}}