{"id":10069,"date":"2023-05-26T12:06:42","date_gmt":"2023-05-26T10:06:42","guid":{"rendered":"https:\/\/www.kostkos.vilniausr.lm.lt\/?page_id=10069"},"modified":"2026-03-19T17:09:02","modified_gmt":"2026-03-19T15:09:02","slug":"gimnazijos-darbuotojai","status":"publish","type":"page","link":"https:\/\/www.kostkos.vilniausr.lm.lt\/?page_id=10069","title":{"rendered":"Gimnazijos darbuotojai"},"content":{"rendered":"\n<p><strong><a href=\"https:\/\/www.kostkos.vilniausr.lm.lt\/wp-content\/uploads\/2026\/03\/Pedagoginiu-darbuotoju-sarasas.pdf\">2025-2026 M. M. PEDAGOGINI\u0172 DARBUOTOJ\u0172 S\u0104RA\u0160AS<\/a><\/strong><\/p>\n\n\n\n<figure class=\"wp-block-table\"><\/figure>\n","protected":false},"excerpt":{"rendered":"<p>2025-2026 M. M. PEDAGOGINI\u0172 DARBUOTOJ\u0172 S\u0104RA\u0160AS<\/p>\n","protected":false},"author":1,"featured_media":0,"parent":1813,"menu_order":4,"comment_status":"closed","ping_status":"closed","template":"","meta":{"ngg_post_thumbnail":0,"footnotes":"","_links_to":"","_links_to_target":""},"_links":{"self":[{"href":"https:\/\/www.kostkos.vilniausr.lm.lt\/index.php?rest_route=\/wp\/v2\/pages\/10069"}],"collection":[{"href":"https:\/\/www.kostkos.vilniausr.lm.lt\/index.php?rest_route=\/wp\/v2\/pages"}],"about":[{"href":"https:\/\/www.kostkos.vilniausr.lm.lt\/index.php?rest_route=\/wp\/v2\/types\/page"}],"author":[{"embeddable":true,"href":"https:\/\/www.kostkos.vilniausr.lm.lt\/index.php?rest_route=\/wp\/v2\/users\/1"}],"replies":[{"embeddable":true,"href":"https:\/\/www.kostkos.vilniausr.lm.lt\/index.php?rest_route=%2Fwp%2Fv2%2Fcomments&post=10069"}],"version-history":[{"count":5,"href":"https:\/\/www.kostkos.vilniausr.lm.lt\/index.php?rest_route=\/wp\/v2\/pages\/10069\/revisions"}],"predecessor-version":[{"id":16322,"href":"https:\/\/www.kostkos.vilniausr.lm.lt\/index.php?rest_route=\/wp\/v2\/pages\/10069\/revisions\/16322"}],"up":[{"embeddable":true,"href":"https:\/\/www.kostkos.vilniausr.lm.lt\/index.php?rest_route=\/wp\/v2\/pages\/1813"}],"wp:attachment":[{"href":"https:\/\/www.kostkos.vilniausr.lm.lt\/index.php?rest_route=%2Fwp%2Fv2%2Fmedia&parent=10069"}],"curies":[{"name":"wp","href":"https:\/\/api.w.org\/{rel}","templated":true}]}}