{"id":10122,"date":"2023-05-26T14:55:34","date_gmt":"2023-05-26T12:55:34","guid":{"rendered":"https:\/\/www.kostkos.vilniausr.lm.lt\/?page_id=10122"},"modified":"2025-01-02T13:41:52","modified_gmt":"2025-01-02T11:41:52","slug":"veiklos-planai","status":"publish","type":"page","link":"https:\/\/www.kostkos.vilniausr.lm.lt\/?page_id=10122","title":{"rendered":"Veiklos planai"},"content":{"rendered":"\n<p>Vilniaus r. Paber\u017e\u0117s \u0161v. Stanislavo Kostkos gimnazijos 2024-2025 m. m. veiklos programa (<a href=\"https:\/\/www.kostkos.vilniausr.lm.lt\/wp-content\/uploads\/2025\/01\/Veiklos-programa-2024-2025.pdf\">pridedama<\/a>)<\/p>\n","protected":false},"excerpt":{"rendered":"<p>Vilniaus r. Paber\u017e\u0117s \u0161v. Stanislavo Kostkos gimnazijos 2024-2025 m. m. veiklos programa (pridedama)<\/p>\n","protected":false},"author":1,"featured_media":0,"parent":10029,"menu_order":4,"comment_status":"closed","ping_status":"closed","template":"","meta":{"ngg_post_thumbnail":0,"footnotes":"","_links_to":"","_links_to_target":""},"_links":{"self":[{"href":"https:\/\/www.kostkos.vilniausr.lm.lt\/index.php?rest_route=\/wp\/v2\/pages\/10122"}],"collection":[{"href":"https:\/\/www.kostkos.vilniausr.lm.lt\/index.php?rest_route=\/wp\/v2\/pages"}],"about":[{"href":"https:\/\/www.kostkos.vilniausr.lm.lt\/index.php?rest_route=\/wp\/v2\/types\/page"}],"author":[{"embeddable":true,"href":"https:\/\/www.kostkos.vilniausr.lm.lt\/index.php?rest_route=\/wp\/v2\/users\/1"}],"replies":[{"embeddable":true,"href":"https:\/\/www.kostkos.vilniausr.lm.lt\/index.php?rest_route=%2Fwp%2Fv2%2Fcomments&post=10122"}],"version-history":[{"count":2,"href":"https:\/\/www.kostkos.vilniausr.lm.lt\/index.php?rest_route=\/wp\/v2\/pages\/10122\/revisions"}],"predecessor-version":[{"id":11792,"href":"https:\/\/www.kostkos.vilniausr.lm.lt\/index.php?rest_route=\/wp\/v2\/pages\/10122\/revisions\/11792"}],"up":[{"embeddable":true,"href":"https:\/\/www.kostkos.vilniausr.lm.lt\/index.php?rest_route=\/wp\/v2\/pages\/10029"}],"wp:attachment":[{"href":"https:\/\/www.kostkos.vilniausr.lm.lt\/index.php?rest_route=%2Fwp%2Fv2%2Fmedia&parent=10122"}],"curies":[{"name":"wp","href":"https:\/\/api.w.org\/{rel}","templated":true}]}}