{"id":10169,"date":"2023-05-29T14:02:30","date_gmt":"2023-05-29T12:02:30","guid":{"rendered":"https:\/\/www.kostkos.vilniausr.lm.lt\/?page_id=10169"},"modified":"2024-01-23T14:13:21","modified_gmt":"2024-01-23T12:13:21","slug":"gabiu-vaiku-ugdymas","status":"publish","type":"page","link":"https:\/\/www.kostkos.vilniausr.lm.lt\/?page_id=10169","title":{"rendered":"Gabi\u0173 vaik\u0173 ugdymas"},"content":{"rendered":"\n<p>Mokini\u0173 dalykini\u0173 olimpiad\u0173, konkurs\u0173 ir kit\u0173 rengini\u0173 nuostatai&nbsp;<strong><a href=\"https:\/\/www.e-tar.lt\/portal\/lt\/legalAct\/e36423c08e9a11ea9515f752ff221ec9\" target=\"_blank\" rel=\"noreferrer noopener\">https:\/\/www.e-tar.lt\/portal\/lt\/legalAct\/e36423c08e9a11ea9515f752ff221ec9<\/a><\/strong><\/p>\n\n\n\n<p>Lietuvos gamtos moksl\u0173 olimpiad\u0173 asociacija&nbsp;<strong><a href=\"https:\/\/olimpiados.lt\/\" target=\"_blank\" rel=\"noreferrer noopener\">https:\/\/olimpiados.lt<\/a><\/strong><\/p>\n\n\n\n<p>Lietuvos mokini\u0173 neformaliojo \u0161vietimo centras (LMN\u0160C) &nbsp;<strong><a href=\"https:\/\/www.lmnsc.lt\/\" target=\"_blank\" rel=\"noreferrer noopener\">https:\/\/www.lmnsc.lt<\/a><\/strong><\/p>\n","protected":false},"excerpt":{"rendered":"<p>Mokini\u0173 dalykini\u0173 olimpiad\u0173, konkurs\u0173 ir kit\u0173 rengini\u0173 nuostatai&nbsp;https:\/\/www.e-tar.lt\/portal\/lt\/legalAct\/e36423c08e9a11ea9515f752ff221ec9 Lietuvos gamtos moksl\u0173 olimpiad\u0173 asociacija&nbsp;https:\/\/olimpiados.lt Lietuvos mokini\u0173 neformaliojo \u0161vietimo centras (LMN\u0160C) &nbsp;https:\/\/www.lmnsc.lt<\/p>\n","protected":false},"author":1,"featured_media":0,"parent":1499,"menu_order":6,"comment_status":"closed","ping_status":"closed","template":"","meta":{"ngg_post_thumbnail":0,"footnotes":"","_links_to":"","_links_to_target":""},"_links":{"self":[{"href":"https:\/\/www.kostkos.vilniausr.lm.lt\/index.php?rest_route=\/wp\/v2\/pages\/10169"}],"collection":[{"href":"https:\/\/www.kostkos.vilniausr.lm.lt\/index.php?rest_route=\/wp\/v2\/pages"}],"about":[{"href":"https:\/\/www.kostkos.vilniausr.lm.lt\/index.php?rest_route=\/wp\/v2\/types\/page"}],"author":[{"embeddable":true,"href":"https:\/\/www.kostkos.vilniausr.lm.lt\/index.php?rest_route=\/wp\/v2\/users\/1"}],"replies":[{"embeddable":true,"href":"https:\/\/www.kostkos.vilniausr.lm.lt\/index.php?rest_route=%2Fwp%2Fv2%2Fcomments&post=10169"}],"version-history":[{"count":1,"href":"https:\/\/www.kostkos.vilniausr.lm.lt\/index.php?rest_route=\/wp\/v2\/pages\/10169\/revisions"}],"predecessor-version":[{"id":10170,"href":"https:\/\/www.kostkos.vilniausr.lm.lt\/index.php?rest_route=\/wp\/v2\/pages\/10169\/revisions\/10170"}],"up":[{"embeddable":true,"href":"https:\/\/www.kostkos.vilniausr.lm.lt\/index.php?rest_route=\/wp\/v2\/pages\/1499"}],"wp:attachment":[{"href":"https:\/\/www.kostkos.vilniausr.lm.lt\/index.php?rest_route=%2Fwp%2Fv2%2Fmedia&parent=10169"}],"curies":[{"name":"wp","href":"https:\/\/api.w.org\/{rel}","templated":true}]}}