{"id":10173,"date":"2023-05-29T14:07:43","date_gmt":"2023-05-29T12:07:43","guid":{"rendered":"https:\/\/www.kostkos.vilniausr.lm.lt\/?page_id=10173"},"modified":"2024-01-23T14:13:45","modified_gmt":"2024-01-23T12:13:45","slug":"neformalusis-vaiku-svietimas-ir-formaluji-svietima-papildantis-ugdymas","status":"publish","type":"page","link":"https:\/\/www.kostkos.vilniausr.lm.lt\/?page_id=10173","title":{"rendered":"Neformalusis vaik\u0173 \u0161vietimas ir formal\u0173j\u012f \u0161vietim\u0105 papildantis ugdymas"},"content":{"rendered":"\n<p>Formal\u0173j\u012f \u0161vietim\u0105 papildan\u010dio ugdymo paskirtis \u2013 pagal ilgalaikes programas sistemi\u0161kai pl\u0117sti tam tikros srities \u017einias, stiprinti geb\u0117jimus ir \u012fg\u016bd\u017eius ir suteikti asmeniui papildomas dalykines kompetencijas.<\/p>\n\n\n\n<p>Mokini\u0173 pri\u0117mimo \u012f Vilniaus rajono neformaliojo vaik\u0173 \u0161vietimo mokyklas ir formal\u0173j\u012f \u0161vietim\u0105 papildan\u010dio ugdymo mokyklas tvarkos apra\u0161as&nbsp;<strong><a href=\"https:\/\/www.e-tar.lt\/portal\/lt\/legalAct\/ba2479b0469a11e7846ef01bfffb9b64\" target=\"_blank\" rel=\"noreferrer noopener\">https:\/\/www.e-tar.lt\/portal\/lt\/legalAct\/ba2479b0469a11e7846ef01bfffb9b64<\/a><\/strong><\/p>\n\n\n\n<p>Mokes\u010dio u\u017e formal\u0173j\u012f \u0161vietim\u0105 papildant\u012f ugdym\u0105 ir neformal\u0173j\u012f vaik\u0173 \u0161vietim\u0105 Vilniaus rajono savivaldyb\u0117s meno ir muzikos mokyklose mok\u0117jimo tvarkos apra\u0161as&nbsp;<strong><a href=\"https:\/\/www.e-tar.lt\/portal\/lt\/legalAct\/8d8370f01f6d11ebb0038a8cd8ff585f\" target=\"_blank\" rel=\"noreferrer noopener\">https:\/\/www.e-tar.lt\/portal\/lt\/legalAct\/8d8370f01f6d11ebb0038a8cd8ff585f<\/a><\/strong><\/p>\n\n\n\n<p>Neformaliojo vaik\u0173 \u0161vietimo pa\u017eym\u0117jimo i\u0161davimas&nbsp;<strong><a href=\"https:\/\/www.e-tar.lt\/portal\/lt\/legalAct\/TAR.D88A6342B2CC\" target=\"_blank\" rel=\"noreferrer noopener\">https:\/\/www.e-tar.lt\/portal\/lt\/legalAct\/TAR.D88A6342B2CC<\/a><\/strong><\/p>\n\n\n\n<p>Daugiau informacijos apie neformal\u0173j\u012f vaik\u0173 \u0161vietim\u0105 ir formal\u0173j\u012f \u0161vietim\u0105 papildant\u012f ugdym\u0105 Vilniaus rajono savivaldyb\u0117s interneto svetain\u0117je&nbsp;<strong><a href=\"https:\/\/www.vrsa.lt\/svietimas\/bendrasis-ir-neformalusis-ugdymas\/neformalusis-ugdymas\/931\" target=\"_blank\" rel=\"noreferrer noopener\">https:\/\/www.vrsa.lt\/svietimas\/bendrasis-ir-neformalusis-ugdymas\/neformalusis-ugdymas\/931<\/a><\/strong>&nbsp;bei &nbsp;\u0160vietimo, mokslo ir sporto ministerijos interneto svetain\u0117je&nbsp;<strong><a href=\"https:\/\/smsm.lrv.lt\/lt\/veiklos-sritys-1\/smm-svietimas\/svietimas-neformalusis\" target=\"_blank\" rel=\"noreferrer noopener\">https:\/\/smsm.lrv.lt\/lt\/veiklos-sritys-1\/smm-svietimas\/svietimas-neformalusis<\/a><\/strong><\/p>\n","protected":false},"excerpt":{"rendered":"<p>Formal\u0173j\u012f \u0161vietim\u0105 papildan\u010dio ugdymo paskirtis \u2013 pagal ilgalaikes programas sistemi\u0161kai pl\u0117sti tam tikros srities \u017einias, stiprinti geb\u0117jimus ir \u012fg\u016bd\u017eius ir suteikti asmeniui papildomas dalykines kompetencijas. Mokini\u0173 pri\u0117mimo \u012f Vilniaus rajono neformaliojo vaik\u0173 \u0161vietimo mokyklas ir formal\u0173j\u012f \u0161vietim\u0105 papildan\u010dio ugdymo mokyklas &hellip; <a href=\"https:\/\/www.kostkos.vilniausr.lm.lt\/?page_id=10173\">Continue reading <span class=\"meta-nav\">&rarr;<\/span><\/a><\/p>\n","protected":false},"author":1,"featured_media":0,"parent":1499,"menu_order":7,"comment_status":"closed","ping_status":"closed","template":"","meta":{"ngg_post_thumbnail":0,"footnotes":"","_links_to":"","_links_to_target":""},"_links":{"self":[{"href":"https:\/\/www.kostkos.vilniausr.lm.lt\/index.php?rest_route=\/wp\/v2\/pages\/10173"}],"collection":[{"href":"https:\/\/www.kostkos.vilniausr.lm.lt\/index.php?rest_route=\/wp\/v2\/pages"}],"about":[{"href":"https:\/\/www.kostkos.vilniausr.lm.lt\/index.php?rest_route=\/wp\/v2\/types\/page"}],"author":[{"embeddable":true,"href":"https:\/\/www.kostkos.vilniausr.lm.lt\/index.php?rest_route=\/wp\/v2\/users\/1"}],"replies":[{"embeddable":true,"href":"https:\/\/www.kostkos.vilniausr.lm.lt\/index.php?rest_route=%2Fwp%2Fv2%2Fcomments&post=10173"}],"version-history":[{"count":1,"href":"https:\/\/www.kostkos.vilniausr.lm.lt\/index.php?rest_route=\/wp\/v2\/pages\/10173\/revisions"}],"predecessor-version":[{"id":10174,"href":"https:\/\/www.kostkos.vilniausr.lm.lt\/index.php?rest_route=\/wp\/v2\/pages\/10173\/revisions\/10174"}],"up":[{"embeddable":true,"href":"https:\/\/www.kostkos.vilniausr.lm.lt\/index.php?rest_route=\/wp\/v2\/pages\/1499"}],"wp:attachment":[{"href":"https:\/\/www.kostkos.vilniausr.lm.lt\/index.php?rest_route=%2Fwp%2Fv2%2Fmedia&parent=10173"}],"curies":[{"name":"wp","href":"https:\/\/api.w.org\/{rel}","templated":true}]}}