{"id":10216,"date":"2023-05-31T14:40:26","date_gmt":"2023-05-31T12:40:26","guid":{"rendered":"https:\/\/www.kostkos.vilniausr.lm.lt\/?page_id=10216"},"modified":"2024-01-23T14:15:03","modified_gmt":"2024-01-23T12:15:03","slug":"ugdymo-turinio-atnaujinimas-uta","status":"publish","type":"page","link":"https:\/\/www.kostkos.vilniausr.lm.lt\/?page_id=10216","title":{"rendered":"Ugdymo turinio atnaujinimas UTA"},"content":{"rendered":"\n<p><a href=\"https:\/\/www.kostkos.vilniausr.lm.lt\/wp-content\/uploads\/2023\/06\/V-154.docx\">UTA darbo grup\u0117 gimnazijoje<\/a><\/p>\n\n\n\n<p><a href=\"https:\/\/www.kostkos.vilniausr.lm.lt\/wp-content\/uploads\/2023\/05\/Ugdymo-turinio-atnaujinimas.pdf\">UTA \u2013 k\u0105 reikia \u017einoti<\/a><\/p>\n\n\n\n<p><a href=\"https:\/\/www.kostkos.vilniausr.lm.lt\/wp-content\/uploads\/2023\/05\/EBPO-Ko-mokosi-mokiniai-viesinimui.pdf\">Yra svarbu, ko mokosi mokiniai: koks turi b\u016bti XXI am\u017eiaus ugdymo turinys<\/a><\/p>\n\n\n\n<p><a href=\"https:\/\/www.kostkos.vilniausr.lm.lt\/wp-content\/uploads\/2023\/05\/Apie-Ugdymo-turinio-atnaujinima-UTA.pdf\">T\u0117vams apie UTA<\/a><\/p>\n\n\n\n<p><a href=\"https:\/\/www.kostkos.vilniausr.lm.lt\/wp-content\/uploads\/2023\/05\/Mokytojams-apie-kompetencijas.pdf\">Mokytojams apie kompetencijas<\/a><\/p>\n\n\n\n<p><a href=\"https:\/\/www.kostkos.vilniausr.lm.lt\/wp-content\/uploads\/2023\/06\/planas-UTA-3.docx\">UTA proceso planavimas<\/a><\/p>\n\n\n\n<p><a href=\"https:\/\/www.mokykla2030.lt\/infografikai\/\" target=\"_blank\" rel=\"noreferrer noopener\">Infografikai<\/a><\/p>\n\n\n\n<p>Naudinga informacija:<\/p>\n\n\n\n<ul>\n<li>Vaiko raidos&nbsp;<a rel=\"noreferrer noopener\" href=\"https:\/\/www.mokykla2030.lt\/kompetenciju-ir-vaiko-raidos-aprasai\/\" target=\"_blank\">ypatumai<\/a><\/li>\n\n\n\n<li>Kompetencij\u0173&nbsp;<a href=\"https:\/\/www.kostkos.vilniausr.lm.lt\/wp-content\/uploads\/2023\/05\/Kompetenciju-raidos-aprasas.pdf\">raidos apra\u0161as<\/a><\/li>\n\n\n\n<li>Atnaujinto ugdymo turinys. Ugdymo turinio integralumas. Pasirenkamas mokymo turinys.&nbsp;<a href=\"https:\/\/sena.emokykla.lt\/bendrasis\/bendrosios-programos\/atnaujintos-bendrosios-programos\">Metodin\u0117s rekomendacijos<\/a><a rel=\"noreferrer noopener\" href=\"https:\/\/www.emokykla.lt\/bendrasis\/bendrosios-programos\/atnaujintos-bendrosios-programos\" target=\"_blank\">.<\/a><\/li>\n\n\n\n<li>Kompetencijomis gr\u012fstas&nbsp;<a href=\"https:\/\/www.kostkos.vilniausr.lm.lt\/wp-content\/uploads\/2023\/05\/Kompetencijos.pdf\">ugdymas<\/a><\/li>\n\n\n\n<li>\u012egyvendinimo galimyb\u0117s&nbsp;<a rel=\"noreferrer noopener\" href=\"https:\/\/www.youtube.com\/watch?v=k3-qi6Rs-Gg\" target=\"_blank\">(vaizdo \u012fra\u0161ai Youtube)<\/a><\/li>\n\n\n\n<li><a href=\"https:\/\/mppt.lt\/paslaugos\/informacija-ugdymo-istaigoms\/ugdymo-turinio-pritaikymo-rekomendacijos\/\">Rekomendacijos&nbsp;<\/a>d\u0117l atnaujint\u0173 bendr\u0173j\u0173 program\u0173 pritaikymo speciali\u0173j\u0173 ugdymosi poreiki\u0173 turintiems mokiniams<\/li>\n<\/ul>\n\n\n\n<p>Apie kompetencijas:<\/p>\n\n\n\n<ul>\n<li>Kompetencij\u0173 apra\u0161\u0173 reng\u0117j\u0173&nbsp;<a href=\"https:\/\/mokytojotv.emokykla.lt\/search?q=Kompetencij%C5%B3+apra%C5%A1o+reng%C4%97j%C5%B3+pristatym%C5%B3+ciklas\">pristatymai<\/a><\/li>\n\n\n\n<li>Kompetencij\u0173 raidos&nbsp;<a href=\"https:\/\/www.mokykla2030.lt\/kompetenciju-ir-vaiko-raidos-aprasai\/\">apra\u0161ai<\/a><\/li>\n\n\n\n<li>Kompetencij\u0173 \u017eem\u0117lapis bendrosiose ugdymo programose&nbsp;<a href=\"https:\/\/youtu.be\/gn60EjOTITQ\">(vaizdo \u012fra\u0161ai Youtube)<\/a><\/li>\n\n\n\n<li>Kompetencij\u0173 rai\u0161kos mokymosi turinyje&nbsp;<a href=\"https:\/\/www.gediminas.kaunas.lm.lt\/wp-content\/uploads\/Kompetenciju-zemelapis.pdf\"><\/a><a href=\"https:\/\/www.obrembskio.vilniausr.lm.lt\/pl\/wp-content\/uploads\/2023\/01\/Kompetenciju-zemelapis.pdf\">\u017eem\u0117lapiai<\/a><\/li>\n\n\n\n<li>Kompetencij\u0173 pristatymas&nbsp;<a href=\"https:\/\/www.mokykla2030.lt\/kompetenciju-pristatymas-savivaldybiu-atstovams-2021-m-sausio-kovo-men\/\">prezentacijos<\/a><\/li>\n\n\n\n<li>\u012evair\u016bs N\u0160A renginiai&nbsp;<a href=\"https:\/\/www.youtube.com\/@nacionalinesvietimoagentur7525\">(vaizdo \u012fra\u0161ai Youtube)<\/a><\/li>\n<\/ul>\n","protected":false},"excerpt":{"rendered":"<p>UTA darbo grup\u0117 gimnazijoje UTA \u2013 k\u0105 reikia \u017einoti Yra svarbu, ko mokosi mokiniai: koks turi b\u016bti XXI am\u017eiaus ugdymo turinys T\u0117vams apie UTA Mokytojams apie kompetencijas UTA proceso planavimas Infografikai Naudinga informacija: Apie kompetencijas:<\/p>\n","protected":false},"author":1,"featured_media":0,"parent":1499,"menu_order":16,"comment_status":"closed","ping_status":"closed","template":"","meta":{"ngg_post_thumbnail":0,"footnotes":"","_links_to":"","_links_to_target":""},"_links":{"self":[{"href":"https:\/\/www.kostkos.vilniausr.lm.lt\/index.php?rest_route=\/wp\/v2\/pages\/10216"}],"collection":[{"href":"https:\/\/www.kostkos.vilniausr.lm.lt\/index.php?rest_route=\/wp\/v2\/pages"}],"about":[{"href":"https:\/\/www.kostkos.vilniausr.lm.lt\/index.php?rest_route=\/wp\/v2\/types\/page"}],"author":[{"embeddable":true,"href":"https:\/\/www.kostkos.vilniausr.lm.lt\/index.php?rest_route=\/wp\/v2\/users\/1"}],"replies":[{"embeddable":true,"href":"https:\/\/www.kostkos.vilniausr.lm.lt\/index.php?rest_route=%2Fwp%2Fv2%2Fcomments&post=10216"}],"version-history":[{"count":14,"href":"https:\/\/www.kostkos.vilniausr.lm.lt\/index.php?rest_route=\/wp\/v2\/pages\/10216\/revisions"}],"predecessor-version":[{"id":10272,"href":"https:\/\/www.kostkos.vilniausr.lm.lt\/index.php?rest_route=\/wp\/v2\/pages\/10216\/revisions\/10272"}],"up":[{"embeddable":true,"href":"https:\/\/www.kostkos.vilniausr.lm.lt\/index.php?rest_route=\/wp\/v2\/pages\/1499"}],"wp:attachment":[{"href":"https:\/\/www.kostkos.vilniausr.lm.lt\/index.php?rest_route=%2Fwp%2Fv2%2Fmedia&parent=10216"}],"curies":[{"name":"wp","href":"https:\/\/api.w.org\/{rel}","templated":true}]}}