{"id":12,"date":"2009-11-03T17:11:26","date_gmt":"2009-11-03T15:11:26","guid":{"rendered":"http:\/\/www2095.vu.lt\/?page_id=12"},"modified":"2024-01-23T13:59:34","modified_gmt":"2024-01-23T11:59:34","slug":"mokyklos-istorija","status":"publish","type":"page","link":"https:\/\/www.kostkos.vilniausr.lm.lt\/?page_id=12","title":{"rendered":"Istorija"},"content":{"rendered":"<p style=\"text-align: justify;\">Paber\u017e\u0117s \u0161v. Stanislavo Kostkos vidurin\u0117s mokyklos \u012fk\u016brimo istorija siekia tuos laikus, kai mokyklos buvo priva\u010dios arba steigiamos prie ba\u017eny\u010di\u0173. Jos minimos XVIII a. II-oje pus\u0117je. Pati mokykla minima XX a. prad\u017eioje, kai buvo pastatytas naujas m\u016brinis raudon\u0173 plyt\u0173 pastatas. L\u0117\u0161as ir \u017eem\u0119 \u0161iai mokyklai skyr\u0117 Zagursk\u0173 \u0161eima ir \u017eydas Heim Hendler. Iki I-ojo pasaulinio karo mokymas vyko rus\u0173 kalba. Tarpukario metu mokykloje buvo 7 klas\u0117s, kuriose mok\u0117si nuo 200 iki 250 mokini\u0173. Tuo metu mokyklai buvo suteiktas \u0161v. Stanislavo Kostkos vardas.<\/p>\n<p style=\"text-align: justify;\">Mokyklai vadovavo direktorius Kazimieras Mu\u0161alskis, mokytojavo Liudmila ir Juzefas Kone\u010dnai, Ana Kurlanuvna, Zofija Ka\u010danovska ir kiti; i\u0161 viso dirbo 9 mokytojai. Mokyklai priklaus\u0117 trys pastatai. Pagrindinis pastatas \u2013 m\u016brinis, jame \u0161iuo metu yra atidarytos dirbtuv\u0117s. Prie jo \u0161liejosi medinis pastatas, kuris 1944 m. sudeg\u0117. Po karo mokykla buvo pradin\u0117, po to septynmet\u0117, o nuo 1952 m. \u2013 vidurin\u0117. I\u0161 prad\u017ei\u0173 mokymas vyko rus\u0173 kalba.<\/p>\n<p style=\"text-align: justify;\"><a href=\"https:\/\/www.kostkos.vilniausr.lm.lt\/wp-content\/uploads\/2009\/11\/do.fistorii.jpg\"><img loading=\"lazy\" decoding=\"async\" class=\"alignnone size-medium wp-image-1911\" src=\"https:\/\/www.kostkos.vilniausr.lm.lt\/wp-content\/uploads\/2009\/11\/do.fistorii-300x237.jpg\" alt=\"do.fistorii\" width=\"300\" height=\"237\" srcset=\"https:\/\/www.kostkos.vilniausr.lm.lt\/wp-content\/uploads\/2009\/11\/do.fistorii-300x237.jpg 300w, https:\/\/www.kostkos.vilniausr.lm.lt\/wp-content\/uploads\/2009\/11\/do.fistorii-150x118.jpg 150w, https:\/\/www.kostkos.vilniausr.lm.lt\/wp-content\/uploads\/2009\/11\/do.fistorii-600x474.jpg 600w, https:\/\/www.kostkos.vilniausr.lm.lt\/wp-content\/uploads\/2009\/11\/do.fistorii.jpg 1087w\" sizes=\"(max-width: 300px) 100vw, 300px\" \/><\/a> &nbsp; &nbsp; &nbsp;&nbsp; <a href=\"https:\/\/www.kostkos.vilniausr.lm.lt\/wp-content\/uploads\/2009\/11\/do.historii2.jpg\"><img loading=\"lazy\" decoding=\"async\" class=\"alignnone wp-image-1910\" src=\"https:\/\/www.kostkos.vilniausr.lm.lt\/wp-content\/uploads\/2009\/11\/do.historii2-216x300.jpg\" alt=\"do.historii2\" width=\"171\" height=\"237\" srcset=\"https:\/\/www.kostkos.vilniausr.lm.lt\/wp-content\/uploads\/2009\/11\/do.historii2-216x300.jpg 216w, https:\/\/www.kostkos.vilniausr.lm.lt\/wp-content\/uploads\/2009\/11\/do.historii2-108x150.jpg 108w, https:\/\/www.kostkos.vilniausr.lm.lt\/wp-content\/uploads\/2009\/11\/do.historii2-600x831.jpg 600w, https:\/\/www.kostkos.vilniausr.lm.lt\/wp-content\/uploads\/2009\/11\/do.historii2.jpg 1264w\" sizes=\"(max-width: 171px) 100vw, 171px\" \/><\/a><\/p>\n<p style=\"text-align: justify;\">Pirmoji Paber\u017e\u0117s vidurin\u0117s mokyklos laida, baigusi j\u0105 rus\u0173 kalba, i\u0161leista 1955 m., o laida, baigusi lenk\u0173 kalba \u2013 1973 m. Taip pat buvo 8 klas\u0117s, kuriose mokymas vyko lietuvi\u0173 kalba. Po karo pradin\u0117 mokykla u\u017e\u0117m\u0117 vien\u0105 m\u016brin\u012f pastat\u0105. Kadangi augo mokini\u0173 skai\u010dius, reik\u0117jo pl\u0117sti ir pa\u010di\u0105 mokykl\u0105. 1957 m. buvo pastatytas medinis pastatas, kuriame tilpo trys klas\u0117s, o 1964 m. buvo pastatytas naujas m\u016brinis balt\u0173 plyt\u0173 pastatas, kuriame tilpo 5 klas\u0117s. 1965 m. pastatytas pastatas, kuriame \u012fsik\u016br\u0117 dvi klas\u0117s ir biblioteka. Ta\u010diau to buvo per ma\u017ea, nes mokini\u0173 skai\u010dius siek\u0117 800. Tod\u0117l 1974 m. buvo pastatytas naujas m\u016brinis, erdvus pastatas su \u0161viesiomis ir erdviomis klas\u0117mis, naujais baldais ir nauja mokom\u0105j\u0105 med\u017eiaga. Mokykloje buvo \u012frengti biologijos, fizikos ir chemijos kabinetai, yra akt\u0173 ir sporto sal\u0117s, valgykla ir biblioteka. Tuo metu mokymas vyko rus\u0173-lenk\u0173-lietuvi\u0173 kalbomis. Nuo 1991 m. Paber\u017e\u0117je veikia dvi mokyklos: lenk\u0173-rus\u0173 mokykla, kuriai gr\u0105\u017eintas \u0161v. Stanislavo Kostkos vardas, ir \u201eVerden\u0117s\u201c vidurin\u0117 mokykla, kurioje mokymas vyksta lietuvi\u0173 kalba. 2010 m. Pikeli\u0161ki\u0173 pagrindin\u0117 mokykla tapo m\u016bs\u0173 mokyklos <a href=\"https:\/\/www.kostkos.vilniausr.lm.lt\/?page_id=1801\" target=\"_blank\" rel=\"noopener noreferrer\">skyriumi<\/a>.<\/p>\n<p style=\"font-weight: 400; text-align: justify;\">Gimnazija turi 2 skyrius: nuo 2010 m. Pikeli\u0161ki\u0173 pagrindinio ugdymo skyrius (dabar Pikeli\u0161ki\u0173 pradinio ugdymo skyrius) ir nuo 2017 m. skyriumi tapo Visalauk\u0117s mokykla-daugiafunkcis centras.<\/p>\n<p style=\"font-weight: 400; text-align: left;\">2022-2023 m. m. gimnazijoje ir skyriuose mokosi 206 mokiniai.<\/p>\n<p style=\"font-weight: 400; text-align: justify;\">Gimnazijoje dirba 32 pedagogai: 6 mokytojai metodininkai, 20 \u2013 vyresnieji mokytojai, 6 \u2013 mokytojai. M\u016bs\u0173 gimnazijos moksleiviai noriai lanko b\u016brelius: sporto, literat\u016brinius, dail\u0117s, muzikos ir \u0161oki\u0173.<\/p>\n<p style=\"font-weight: 400; text-align: justify;\">Gimnazija bendradarbiauja su aplinkin\u0117mis pradin\u0117mis ir pagrindin\u0117mis mokyklomis, Paber\u017e\u0117s seni\u016bnija, ba\u017eny\u010dia. Ilgalaikiu gimnazijos partneriu yra mokykla i\u0161 Sierakovic\u0173, Komornik\u0173, Sulejuvko.<\/p>\n<div style=\"text-align: left;\">\n<hr align=\"left\" size=\"1\" width=\"33%\">\n<\/div>\n<p style=\"text-align: justify;\"><a href=\"https:\/\/www.kostkos.vilniausr.lm.lt\/wp-content\/uploads\/2009\/11\/mokykla.png\"><img loading=\"lazy\" decoding=\"async\" class=\"aligncenter wp-image-1913\" src=\"https:\/\/www.kostkos.vilniausr.lm.lt\/wp-content\/uploads\/2009\/11\/mokykla-300x193.png\" alt=\"mokykla\" width=\"300\" height=\"193\" srcset=\"https:\/\/www.kostkos.vilniausr.lm.lt\/wp-content\/uploads\/2009\/11\/mokykla-300x193.png 300w, https:\/\/www.kostkos.vilniausr.lm.lt\/wp-content\/uploads\/2009\/11\/mokykla-150x96.png 150w, https:\/\/www.kostkos.vilniausr.lm.lt\/wp-content\/uploads\/2009\/11\/mokykla-600x387.png 600w, https:\/\/www.kostkos.vilniausr.lm.lt\/wp-content\/uploads\/2009\/11\/mokykla.png 635w\" sizes=\"(max-width: 300px) 100vw, 300px\" \/><\/a><\/p>\n<p style=\"text-align: justify;\">Kiekvienais metais m\u016bs\u0173 abiturientai \u012fstoja \u012f auk\u0161t\u0105sias mokyklas. M\u016bs\u0173 moksleiviai da\u017enai tampa \u012fvairi\u0173 olimpiad\u0173 ir konkurs\u0173 prizininkais. Moksleiviai t\u0119sia mokyklos tradicijas, kasmet \u0161ven\u010diamos tokios \u0161vent\u0117s: \u0161v. Stanislavo Kostkos vardo suteikimo diena, pirmok\u0173 krik\u0161tynos, \u0161imtadienis, Rudens \u0161vent\u0117, mo\u010diu\u010di\u0173 ir seneli\u0173 \u0161vent\u0117, mokytoj\u0173 diena, \u0160eimos diena ir kt.<\/p>\n<p style=\"text-align: center;\">&nbsp;<strong> DIREKTORIAI<\/strong><\/p>\n<p style=\"text-align: center;\"><a href=\"https:\/\/www.kostkos.vilniausr.lm.lt\/wp-content\/uploads\/2009\/11\/martyn.png\"><img loading=\"lazy\" decoding=\"async\" class=\"aligncenter size-full wp-image-1915\" src=\"https:\/\/www.kostkos.vilniausr.lm.lt\/wp-content\/uploads\/2009\/11\/martyn.png\" alt=\"martyn\" width=\"181\" height=\"236\" srcset=\"https:\/\/www.kostkos.vilniausr.lm.lt\/wp-content\/uploads\/2009\/11\/martyn.png 181w, https:\/\/www.kostkos.vilniausr.lm.lt\/wp-content\/uploads\/2009\/11\/martyn-115x150.png 115w\" sizes=\"(max-width: 181px) 100vw, 181px\" \/><\/a>Eugenijus Martincevas, rus\u0173 kalbos mokytojas<br \/>\n(1964-1969 m.), (1984-1992 m.)<\/p>\n<p style=\"text-align: center;\"><a href=\"https:\/\/www.kostkos.vilniausr.lm.lt\/wp-content\/uploads\/2009\/11\/akul.png\"><img loading=\"lazy\" decoding=\"async\" class=\"aligncenter size-full wp-image-1916\" src=\"https:\/\/www.kostkos.vilniausr.lm.lt\/wp-content\/uploads\/2009\/11\/akul.png\" alt=\"akul\" width=\"185\" height=\"236\" srcset=\"https:\/\/www.kostkos.vilniausr.lm.lt\/wp-content\/uploads\/2009\/11\/akul.png 185w, https:\/\/www.kostkos.vilniausr.lm.lt\/wp-content\/uploads\/2009\/11\/akul-117x150.png 117w\" sizes=\"(max-width: 185px) 100vw, 185px\" \/><\/a>Antanas Akulavi\u010dius, lietuvi\u0173 kalbos mokytojas<br \/>\n(1969-1984 m.)<\/p>\n<p style=\"text-align: center;\"><a href=\"https:\/\/www.kostkos.vilniausr.lm.lt\/wp-content\/uploads\/2009\/11\/pliavgo.png\"><img loading=\"lazy\" decoding=\"async\" class=\"aligncenter size-full wp-image-1917\" src=\"https:\/\/www.kostkos.vilniausr.lm.lt\/wp-content\/uploads\/2009\/11\/pliavgo.png\" alt=\"pliavgo\" width=\"181\" height=\"238\" srcset=\"https:\/\/www.kostkos.vilniausr.lm.lt\/wp-content\/uploads\/2009\/11\/pliavgo.png 181w, https:\/\/www.kostkos.vilniausr.lm.lt\/wp-content\/uploads\/2009\/11\/pliavgo-114x150.png 114w\" sizes=\"(max-width: 181px) 100vw, 181px\" \/><\/a>Jurijus Pliavgo, fizikos mokytojas<br \/>\n(1992-2007 m.)<\/p>\n","protected":false},"excerpt":{"rendered":"<p>Paber\u017e\u0117s \u0161v. Stanislavo Kostkos vidurin\u0117s mokyklos \u012fk\u016brimo istorija siekia tuos laikus, kai mokyklos buvo priva\u010dios arba steigiamos prie ba\u017eny\u010di\u0173. Jos minimos XVIII a. II-oje pus\u0117je. Pati mokykla minima XX a. prad\u017eioje, kai buvo pastatytas naujas m\u016brinis raudon\u0173 plyt\u0173 pastatas. L\u0117\u0161as &hellip; <a href=\"https:\/\/www.kostkos.vilniausr.lm.lt\/?page_id=12\">Continue reading <span class=\"meta-nav\">&rarr;<\/span><\/a><\/p>\n","protected":false},"author":1,"featured_media":0,"parent":10099,"menu_order":2,"comment_status":"closed","ping_status":"closed","template":"","meta":{"ngg_post_thumbnail":0,"footnotes":"","_links_to":"","_links_to_target":""},"_links":{"self":[{"href":"https:\/\/www.kostkos.vilniausr.lm.lt\/index.php?rest_route=\/wp\/v2\/pages\/12"}],"collection":[{"href":"https:\/\/www.kostkos.vilniausr.lm.lt\/index.php?rest_route=\/wp\/v2\/pages"}],"about":[{"href":"https:\/\/www.kostkos.vilniausr.lm.lt\/index.php?rest_route=\/wp\/v2\/types\/page"}],"author":[{"embeddable":true,"href":"https:\/\/www.kostkos.vilniausr.lm.lt\/index.php?rest_route=\/wp\/v2\/users\/1"}],"replies":[{"embeddable":true,"href":"https:\/\/www.kostkos.vilniausr.lm.lt\/index.php?rest_route=%2Fwp%2Fv2%2Fcomments&post=12"}],"version-history":[{"count":22,"href":"https:\/\/www.kostkos.vilniausr.lm.lt\/index.php?rest_route=\/wp\/v2\/pages\/12\/revisions"}],"predecessor-version":[{"id":9575,"href":"https:\/\/www.kostkos.vilniausr.lm.lt\/index.php?rest_route=\/wp\/v2\/pages\/12\/revisions\/9575"}],"up":[{"embeddable":true,"href":"https:\/\/www.kostkos.vilniausr.lm.lt\/index.php?rest_route=\/wp\/v2\/pages\/10099"}],"wp:attachment":[{"href":"https:\/\/www.kostkos.vilniausr.lm.lt\/index.php?rest_route=%2Fwp%2Fv2%2Fmedia&parent=12"}],"curies":[{"name":"wp","href":"https:\/\/api.w.org\/{rel}","templated":true}]}}