{"id":14112,"date":"2025-12-16T11:57:48","date_gmt":"2025-12-16T09:57:48","guid":{"rendered":"https:\/\/www.kostkos.vilniausr.lm.lt\/?page_id=14112"},"modified":"2025-12-16T11:58:35","modified_gmt":"2025-12-16T09:58:35","slug":"maitinimas","status":"publish","type":"page","link":"https:\/\/www.kostkos.vilniausr.lm.lt\/?page_id=14112","title":{"rendered":"Maitinimas"},"content":{"rendered":"\n<p><strong>Vaisi\u0173, dar\u017eovi\u0173, pieno ir jo produkt\u0173 vartojimo skatinimo programa<\/strong><\/p>\n\n\n\n<p>Gimnazija dalyvauja programoje \u201eVaisi\u0173 ir dar\u017eovi\u0173 bei pieno ir pieno produkt\u0173 vartojimo skatinimo vaik\u0173 ugdymo \u012fstaigose\u201c. Programa siekiama gerinti \u017eem\u0117s \u016bkio produkt\u0173 paskirstym\u0105 bei padidinti suvartojam\u0173 vaisi\u0173 ir dar\u017eovi\u0173 bei pieno ir pieno produkt\u0173 dal\u012f vaik\u0173 mityboje ir diegti vaikams supratim\u0105 apie vaisi\u0173 ir dar\u017eovi\u0173 bei pieno ir pieno produkt\u0173 vartojimo teigiam\u0105 poveik\u012f sveikatai.<\/p>\n\n\n\n<p><strong>D\u0117l pieno ir pieno produkt\u0173 dalinimo<\/strong><\/p>\n\n\n\n<ul>\n<li>L\u0117\u0161\u0173 limitas skirtas vienam vaikui per m\u0117nes\u012f&nbsp;<strong>pienui ir pieno produktams dalyti&nbsp;\u2013<\/strong>&nbsp;<strong>1,62<\/strong>&nbsp;<strong>Eur su PVM.&nbsp;<\/strong><\/li>\n\n\n\n<li>Vaikui skiriama viena porcija pieno ar pieno produkt\u0173 per dien\u0105, kuri\u0105 sudaro vienas i\u0161 produkt\u0173:&nbsp;<strong>125 &#8211; 150&nbsp;ml&nbsp;pieno; 125 g&nbsp;jogurto; 40 g \u0161vie\u017eio ar brandinto s\u016brio<\/strong>&nbsp;(brandinti s\u016briai gali b\u016bti tiekiami tik 1\u20134 klasi\u0173 mokiniams<strong>).<\/strong><\/li>\n\n\n\n<li>Pienas ir pieno produktai dalijami&nbsp;<strong>iki trij\u0173 kart\u0173&nbsp;per&nbsp;savait\u0119,<\/strong>&nbsp;i\u0161 kuri\u0173 bent du kartus turi b\u016bti tiekiamas pienas.&nbsp;Vien\u0105 kart\u0105 per m\u0117nes\u012f gali b\u016bti tiekiamas&nbsp;brandintas s\u016bris<\/li>\n<\/ul>\n\n\n\n<p><strong>D\u0117l vaisi\u0173 ir dar\u017eovi\u0173 dalinimo<\/strong><\/p>\n\n\n\n<ul>\n<li><strong>L\u0117\u0161\u0173 limitas<\/strong>, skirtas&nbsp;vienam vaikui per m\u0117nes\u012f&nbsp;<strong>vaisiams ir dar\u017eov\u0117ms dalyti<\/strong>&nbsp;<strong>&#8211; 1,24 Eur (su PVM)<\/strong>&nbsp;(<strong>tik vaisiams dalyti- 0,82 Eur&nbsp;<\/strong>(su PVM) \/ vaikui \/ m\u0117nes\u012f;<strong>&nbsp;tik dar\u017eov\u0117ms dalyti&nbsp; &#8211; 0,42 Eur&nbsp;<\/strong>(su PVM) \/ vaikui \/ m\u0117nes\u012f)<strong>.<\/strong><\/li>\n\n\n\n<li>Vaikui skiriam\u0105 porcij\u0105 sudaro vienas i\u0161 produkt\u0173:&nbsp;<strong>obuolys ar kriau\u0161\u0117 iki 150&nbsp;g;<\/strong>&nbsp;<strong>80 &#8211; 100&nbsp;g pjaustyt\u0173 mork\u0173;<\/strong>&nbsp;<strong>125 &#8211; 150&nbsp;ml vaisi\u0173 ir (arba) dar\u017eovi\u0173 sul\u010di\u0173.<\/strong><\/li>\n\n\n\n<li>Vaisi\u0173 ir dar\u017eovi\u0173 produktai dalijami&nbsp;<strong>iki trij\u0173 kart\u0173 per savait\u0119<\/strong>; morkos dalijamos du kartus per m\u0117nes\u012f, vien\u0105 kart\u0105 per m\u0117nes\u012f gali b\u016bti tiekiamos vaisi\u0173 ir (arba) dar\u017eovi\u0173 sultys; vaisi\u0173 ir dar\u017eovi\u0173 produkt\u0173 dalijimas turi b\u016bti tolygiai i\u0161d\u0117stomas per m\u0117nes\u012f, t. y. kiekvien\u0105 savait\u0119 turi b\u016bti patiekiama vaisi\u0173 ir (ar) dar\u017eovi\u0173 ir (ar) sul\u010di\u0173 porcija.<\/li>\n<\/ul>\n","protected":false},"excerpt":{"rendered":"<p>Vaisi\u0173, dar\u017eovi\u0173, pieno ir jo produkt\u0173 vartojimo skatinimo programa Gimnazija dalyvauja programoje \u201eVaisi\u0173 ir dar\u017eovi\u0173 bei pieno ir pieno produkt\u0173 vartojimo skatinimo vaik\u0173 ugdymo \u012fstaigose\u201c. Programa siekiama gerinti \u017eem\u0117s \u016bkio produkt\u0173 paskirstym\u0105 bei padidinti suvartojam\u0173 vaisi\u0173 ir dar\u017eovi\u0173 bei pieno &hellip; <a href=\"https:\/\/www.kostkos.vilniausr.lm.lt\/?page_id=14112\">Continue reading <span class=\"meta-nav\">&rarr;<\/span><\/a><\/p>\n","protected":false},"author":1,"featured_media":0,"parent":8018,"menu_order":0,"comment_status":"closed","ping_status":"closed","template":"","meta":{"ngg_post_thumbnail":0,"footnotes":"","_links_to":"","_links_to_target":""},"_links":{"self":[{"href":"https:\/\/www.kostkos.vilniausr.lm.lt\/index.php?rest_route=\/wp\/v2\/pages\/14112"}],"collection":[{"href":"https:\/\/www.kostkos.vilniausr.lm.lt\/index.php?rest_route=\/wp\/v2\/pages"}],"about":[{"href":"https:\/\/www.kostkos.vilniausr.lm.lt\/index.php?rest_route=\/wp\/v2\/types\/page"}],"author":[{"embeddable":true,"href":"https:\/\/www.kostkos.vilniausr.lm.lt\/index.php?rest_route=\/wp\/v2\/users\/1"}],"replies":[{"embeddable":true,"href":"https:\/\/www.kostkos.vilniausr.lm.lt\/index.php?rest_route=%2Fwp%2Fv2%2Fcomments&post=14112"}],"version-history":[{"count":2,"href":"https:\/\/www.kostkos.vilniausr.lm.lt\/index.php?rest_route=\/wp\/v2\/pages\/14112\/revisions"}],"predecessor-version":[{"id":14114,"href":"https:\/\/www.kostkos.vilniausr.lm.lt\/index.php?rest_route=\/wp\/v2\/pages\/14112\/revisions\/14114"}],"up":[{"embeddable":true,"href":"https:\/\/www.kostkos.vilniausr.lm.lt\/index.php?rest_route=\/wp\/v2\/pages\/8018"}],"wp:attachment":[{"href":"https:\/\/www.kostkos.vilniausr.lm.lt\/index.php?rest_route=%2Fwp%2Fv2%2Fmedia&parent=14112"}],"curies":[{"name":"wp","href":"https:\/\/api.w.org\/{rel}","templated":true}]}}