{"id":1476,"date":"2014-02-04T20:46:25","date_gmt":"2014-02-04T18:46:25","guid":{"rendered":"https:\/\/www.kostkos.vilniausr.lm.lt\/?page_id=1476"},"modified":"2024-03-05T11:14:21","modified_gmt":"2024-03-05T09:14:21","slug":"viesieji-pirkimai","status":"publish","type":"page","link":"https:\/\/www.kostkos.vilniausr.lm.lt\/?page_id=1476","title":{"rendered":"Vie\u0161ieji pirkimai"},"content":{"rendered":"<p>Lietuvos Respublikos vie\u0161\u0173j\u0173 pirkim\u0173 \u012fstatymas:&nbsp;<a href=\"https:\/\/www.e-tar.lt\/portal\/lt\/legalAct\/TAR.C54AFFAA7622\">https:\/\/www.e-tar.lt\/portal\/lt\/legalAct\/TAR.C54AFFAA7622<\/a><\/p>\n<p>Aplinkos apsaugos kriterij\u0173 taikymo, vykdant \u017ealiuosius pirkimus, tvarkos apra\u0161as bei Produkt\u0173, kuri\u0173 vie\u0161iesiems pirkimams ir pirkimams taikytini minimal\u016bs aplinkos apsaugos kriterijai, s\u0105ra\u0161as&nbsp;<a href=\"https:\/\/www.e-tar.lt\/portal\/lt\/legalAct\/TAR.4B60A8C9678B\/asr\">https:\/\/www.e-tar.lt\/portal\/lt\/legalAct\/TAR.4B60A8C9678B\/asr<\/a><\/p>\n<p>Vilniaus r. Paber\u017e\u0117s \u0161v. Stanislavo Kostkos gimnazijos ma\u017eos vert\u0117s vie\u0161ieji pirkimai organizuojami vadovaujantis Vie\u0161\u0173j\u0173 pirkim\u0173 tarnybos direktoriaus patvirtintu Ma\u017eos vert\u0117s pirkim\u0173 tvarkos apra\u0161u:&nbsp;<a href=\"https:\/\/www.e-tar.lt\/portal\/lt\/legalAct\/a0f25f005ca411e79198ffdb108a3753\">https:\/\/www.e-tar.lt\/portal\/lt\/legalAct\/a0f25f005ca411e79198ffdb108a3753<\/a><\/p>\n<p>Vilniaus r. Paber\u017e\u0117s \u0161v. Stanislavo Kostkos gimnazijos vie\u0161\u0173j\u0173 pirkim\u0173 dokumentai skelbiami Centrin\u0117je vie\u0161\u0173j\u0173 pirkim\u0173 informacin\u0117je sistemoje (CVP IS):&nbsp;<a href=\"http:\/\/www.cvpp.lt\/\">www.cvpp.lt<\/a>&nbsp;&nbsp;<\/p>\n<p>Vie\u0161\u0173j\u0173 pirkim\u0173 tarnyba:&nbsp;<a href=\"https:\/\/vpt.lrv.lt\/lt\">https:\/\/vpt.lrv.lt\/lt<\/a><\/p>\n<p><!-- [if gte mso 9]><xml>\n<o:OfficeDocumentSettings>\n<o:AllowPNG\/>\n<\/o:OfficeDocumentSettings>\n<\/xml><![endif]--><\/p>\n","protected":false},"excerpt":{"rendered":"<p>Lietuvos Respublikos vie\u0161\u0173j\u0173 pirkim\u0173 \u012fstatymas:&nbsp;https:\/\/www.e-tar.lt\/portal\/lt\/legalAct\/TAR.C54AFFAA7622 Aplinkos apsaugos kriterij\u0173 taikymo, vykdant \u017ealiuosius pirkimus, tvarkos apra\u0161as bei Produkt\u0173, kuri\u0173 vie\u0161iesiems pirkimams ir pirkimams taikytini minimal\u016bs aplinkos apsaugos kriterijai, s\u0105ra\u0161as&nbsp;https:\/\/www.e-tar.lt\/portal\/lt\/legalAct\/TAR.4B60A8C9678B\/asr Vilniaus r. Paber\u017e\u0117s \u0161v. Stanislavo Kostkos gimnazijos ma\u017eos vert\u0117s vie\u0161ieji pirkimai organizuojami vadovaujantis &hellip; <a href=\"https:\/\/www.kostkos.vilniausr.lm.lt\/?page_id=1476\">Continue reading <span class=\"meta-nav\">&rarr;<\/span><\/a><\/p>\n","protected":false},"author":1,"featured_media":0,"parent":10025,"menu_order":5,"comment_status":"closed","ping_status":"closed","template":"","meta":{"ngg_post_thumbnail":0,"footnotes":"","_links_to":"","_links_to_target":""},"_links":{"self":[{"href":"https:\/\/www.kostkos.vilniausr.lm.lt\/index.php?rest_route=\/wp\/v2\/pages\/1476"}],"collection":[{"href":"https:\/\/www.kostkos.vilniausr.lm.lt\/index.php?rest_route=\/wp\/v2\/pages"}],"about":[{"href":"https:\/\/www.kostkos.vilniausr.lm.lt\/index.php?rest_route=\/wp\/v2\/types\/page"}],"author":[{"embeddable":true,"href":"https:\/\/www.kostkos.vilniausr.lm.lt\/index.php?rest_route=\/wp\/v2\/users\/1"}],"replies":[{"embeddable":true,"href":"https:\/\/www.kostkos.vilniausr.lm.lt\/index.php?rest_route=%2Fwp%2Fv2%2Fcomments&post=1476"}],"version-history":[{"count":13,"href":"https:\/\/www.kostkos.vilniausr.lm.lt\/index.php?rest_route=\/wp\/v2\/pages\/1476\/revisions"}],"predecessor-version":[{"id":11704,"href":"https:\/\/www.kostkos.vilniausr.lm.lt\/index.php?rest_route=\/wp\/v2\/pages\/1476\/revisions\/11704"}],"up":[{"embeddable":true,"href":"https:\/\/www.kostkos.vilniausr.lm.lt\/index.php?rest_route=\/wp\/v2\/pages\/10025"}],"wp:attachment":[{"href":"https:\/\/www.kostkos.vilniausr.lm.lt\/index.php?rest_route=%2Fwp%2Fv2%2Fmedia&parent=1476"}],"curies":[{"name":"wp","href":"https:\/\/api.w.org\/{rel}","templated":true}]}}