{"id":1507,"date":"2014-02-04T21:20:05","date_gmt":"2014-02-04T19:20:05","guid":{"rendered":"https:\/\/www.kostkos.vilniausr.lm.lt\/?page_id=1507"},"modified":"2024-01-24T16:26:48","modified_gmt":"2024-01-24T14:26:48","slug":"vidurinis-ugdymas","status":"publish","type":"page","link":"https:\/\/www.kostkos.vilniausr.lm.lt\/?page_id=1507","title":{"rendered":"Vidurinis ugdymas"},"content":{"rendered":"<p style=\"text-align: justify;\">Vidurinio ugdymo paskirtis \u2013 pad\u0117ti asmeniui \u012fgyti bendr\u0105j\u012f dalykin\u012f, sociokult\u016brin\u012f, technologin\u012f ra\u0161tingum\u0105, dorin\u0119, tautin\u0119 ir pilietin\u0119 brand\u0105, profesin\u0117s kompetencijos pradmenis.<\/p>\n<p>Vidurinio ugdymo programa gimnazijoje \u012fgyvendinama remiantis Vidurinio ugdymo bendrosiomis programomis&nbsp;<strong><a href=\"https:\/\/www.e-tar.lt\/portal\/lt\/legalAct\/1a764050239511edb4cae1b158f98ea5\" target=\"_blank\" rel=\"noopener\">https:\/\/www.e-tar.lt\/portal\/lt\/legalAct\/1a764050239511edb4cae1b158f98ea5<\/a><\/strong><\/p>\n<p>Daugiau informacijos apie vidurin\u012f ugdym\u0105 Vilniaus rajono savivaldyb\u0117s interneto svetain\u0117je&nbsp;<strong><a href=\"https:\/\/www.vrsa.lt\/svietimas\/bendrasis-ir-neformalusis-ugdymas\/bendrasis-ugdymas\/930\" target=\"_blank\" rel=\"noopener\">https:\/\/www.vrsa.lt\/svietimas\/bendrasis-ir-neformalusis-ugdymas\/bendrasis-ugdymas\/930<\/a><\/strong>&nbsp;bei \u0160vietimo, mokslo ir sporto ministerijos interneto svetain\u0117je&nbsp;<strong><a href=\"https:\/\/smsm.lrv.lt\/lt\/veiklos-sritys-1\/smm-svietimas\/svietimas-vidurinis-ugdymas\" target=\"_blank\" rel=\"noopener\">https:\/\/smsm.lrv.lt\/lt\/veiklos-sritys-1\/smm-svietimas\/svietimas-vidurinis-ugdymas<\/a><\/strong><\/p>\n<p style=\"text-align: justify;\">Kurso keitimo tvarka&nbsp;<a href=\"https:\/\/www.kostkos.vilniausr.lm.lt\/wp-content\/uploads\/2014\/02\/Daluk\u0139\u0142-keitimo-apra\u0139\u0104as.pdf\" data-wplink-edit=\"true\"><img loading=\"lazy\" decoding=\"async\" src=\"https:\/\/www.kostkos.vilniausr.lm.lt\/wp-content\/uploads\/2014\/02\/pdf.png\" alt=\"pdf\" width=\"25\" height=\"25\"><\/a><\/p>\n<p style=\"text-align: justify;\">Vidurinio ugdymo \u012fgyvendinimo gimnazijoje tvarkos apra\u0161as<a href=\"https:\/\/www.kostkos.vilniausr.lm.lt\/wp-content\/uploads\/2014\/02\/VIDURINIO-UGDYMO-APRA\u0139-AS.pdf\"><img loading=\"lazy\" decoding=\"async\" src=\"https:\/\/www.kostkos.vilniausr.lm.lt\/wp-content\/uploads\/2014\/02\/pdf.png\" alt=\"pdf\" width=\"25\" height=\"25\"><\/a><\/p>\n","protected":false},"excerpt":{"rendered":"<p>Vidurinio ugdymo paskirtis \u2013 pad\u0117ti asmeniui \u012fgyti bendr\u0105j\u012f dalykin\u012f, sociokult\u016brin\u012f, technologin\u012f ra\u0161tingum\u0105, dorin\u0119, tautin\u0119 ir pilietin\u0119 brand\u0105, profesin\u0117s kompetencijos pradmenis. Vidurinio ugdymo programa gimnazijoje \u012fgyvendinama remiantis Vidurinio ugdymo bendrosiomis programomis&nbsp;https:\/\/www.e-tar.lt\/portal\/lt\/legalAct\/1a764050239511edb4cae1b158f98ea5 Daugiau informacijos apie vidurin\u012f ugdym\u0105 Vilniaus rajono savivaldyb\u0117s interneto svetain\u0117je&nbsp;https:\/\/www.vrsa.lt\/svietimas\/bendrasis-ir-neformalusis-ugdymas\/bendrasis-ugdymas\/930&nbsp;bei &hellip; <a href=\"https:\/\/www.kostkos.vilniausr.lm.lt\/?page_id=1507\">Continue reading <span class=\"meta-nav\">&rarr;<\/span><\/a><\/p>\n","protected":false},"author":1,"featured_media":0,"parent":1499,"menu_order":4,"comment_status":"closed","ping_status":"closed","template":"","meta":{"ngg_post_thumbnail":0,"footnotes":"","_links_to":"","_links_to_target":""},"_links":{"self":[{"href":"https:\/\/www.kostkos.vilniausr.lm.lt\/index.php?rest_route=\/wp\/v2\/pages\/1507"}],"collection":[{"href":"https:\/\/www.kostkos.vilniausr.lm.lt\/index.php?rest_route=\/wp\/v2\/pages"}],"about":[{"href":"https:\/\/www.kostkos.vilniausr.lm.lt\/index.php?rest_route=\/wp\/v2\/types\/page"}],"author":[{"embeddable":true,"href":"https:\/\/www.kostkos.vilniausr.lm.lt\/index.php?rest_route=\/wp\/v2\/users\/1"}],"replies":[{"embeddable":true,"href":"https:\/\/www.kostkos.vilniausr.lm.lt\/index.php?rest_route=%2Fwp%2Fv2%2Fcomments&post=1507"}],"version-history":[{"count":14,"href":"https:\/\/www.kostkos.vilniausr.lm.lt\/index.php?rest_route=\/wp\/v2\/pages\/1507\/revisions"}],"predecessor-version":[{"id":11604,"href":"https:\/\/www.kostkos.vilniausr.lm.lt\/index.php?rest_route=\/wp\/v2\/pages\/1507\/revisions\/11604"}],"up":[{"embeddable":true,"href":"https:\/\/www.kostkos.vilniausr.lm.lt\/index.php?rest_route=\/wp\/v2\/pages\/1499"}],"wp:attachment":[{"href":"https:\/\/www.kostkos.vilniausr.lm.lt\/index.php?rest_route=%2Fwp%2Fv2%2Fmedia&parent=1507"}],"curies":[{"name":"wp","href":"https:\/\/api.w.org\/{rel}","templated":true}]}}