{"id":1513,"date":"2014-02-04T21:22:01","date_gmt":"2014-02-04T19:22:01","guid":{"rendered":"https:\/\/www.kostkos.vilniausr.lm.lt\/?page_id=1513"},"modified":"2024-03-23T08:20:57","modified_gmt":"2024-03-23T06:20:57","slug":"projektai","status":"publish","type":"page","link":"https:\/\/www.kostkos.vilniausr.lm.lt\/?page_id=1513","title":{"rendered":"Projektai"},"content":{"rendered":"\n<p><strong>Fundacja \u201ePomoc Polakom na Wschodzie\u201d<\/strong><\/p>\n\n\n\n<p><strong>Projekt finansowany ze \u015brodk\u00f3w Kancelarii Prezesa Rady Ministr\u00f3w w ramach konkursu Polonia i Polacy za Granic\u0105 2022<\/strong><\/p>\n\n\n\n<figure class=\"wp-block-gallery has-nested-images columns-4 is-cropped wp-block-gallery-1 is-layout-flex wp-block-gallery-is-layout-flex\">\n<figure class=\"wp-block-image size-large\"><a href=\"https:\/\/www.kostkos.vilniausr.lm.lt\/wp-content\/uploads\/2024\/03\/1.png\"><img loading=\"lazy\" decoding=\"async\" width=\"563\" height=\"760\" data-id=\"11706\" src=\"https:\/\/www.kostkos.vilniausr.lm.lt\/wp-content\/uploads\/2024\/03\/1.png\" alt=\"\" class=\"wp-image-11706\" srcset=\"https:\/\/www.kostkos.vilniausr.lm.lt\/wp-content\/uploads\/2024\/03\/1.png 563w, https:\/\/www.kostkos.vilniausr.lm.lt\/wp-content\/uploads\/2024\/03\/1-222x300.png 222w, https:\/\/www.kostkos.vilniausr.lm.lt\/wp-content\/uploads\/2024\/03\/1-111x150.png 111w\" sizes=\"(max-width: 563px) 100vw, 563px\" \/><\/a><\/figure>\n\n\n\n<figure class=\"wp-block-image size-large\"><a href=\"https:\/\/www.kostkos.vilniausr.lm.lt\/wp-content\/uploads\/2024\/03\/2.png\"><img loading=\"lazy\" decoding=\"async\" width=\"555\" height=\"772\" data-id=\"11708\" src=\"https:\/\/www.kostkos.vilniausr.lm.lt\/wp-content\/uploads\/2024\/03\/2.png\" alt=\"\" class=\"wp-image-11708\" srcset=\"https:\/\/www.kostkos.vilniausr.lm.lt\/wp-content\/uploads\/2024\/03\/2.png 555w, https:\/\/www.kostkos.vilniausr.lm.lt\/wp-content\/uploads\/2024\/03\/2-216x300.png 216w, https:\/\/www.kostkos.vilniausr.lm.lt\/wp-content\/uploads\/2024\/03\/2-108x150.png 108w\" sizes=\"(max-width: 555px) 100vw, 555px\" \/><\/a><\/figure>\n\n\n\n<figure class=\"wp-block-image size-large\"><a href=\"https:\/\/www.kostkos.vilniausr.lm.lt\/wp-content\/uploads\/2024\/03\/3.png\"><img loading=\"lazy\" decoding=\"async\" width=\"560\" height=\"765\" data-id=\"11710\" src=\"https:\/\/www.kostkos.vilniausr.lm.lt\/wp-content\/uploads\/2024\/03\/3.png\" alt=\"\" class=\"wp-image-11710\" srcset=\"https:\/\/www.kostkos.vilniausr.lm.lt\/wp-content\/uploads\/2024\/03\/3.png 560w, https:\/\/www.kostkos.vilniausr.lm.lt\/wp-content\/uploads\/2024\/03\/3-220x300.png 220w, https:\/\/www.kostkos.vilniausr.lm.lt\/wp-content\/uploads\/2024\/03\/3-110x150.png 110w\" sizes=\"(max-width: 560px) 100vw, 560px\" \/><\/a><\/figure>\n\n\n\n<figure class=\"wp-block-image size-large\"><a href=\"https:\/\/www.kostkos.vilniausr.lm.lt\/wp-content\/uploads\/2024\/03\/4.png\"><img loading=\"lazy\" decoding=\"async\" width=\"563\" height=\"767\" data-id=\"11711\" src=\"https:\/\/www.kostkos.vilniausr.lm.lt\/wp-content\/uploads\/2024\/03\/4.png\" alt=\"\" class=\"wp-image-11711\" srcset=\"https:\/\/www.kostkos.vilniausr.lm.lt\/wp-content\/uploads\/2024\/03\/4.png 563w, https:\/\/www.kostkos.vilniausr.lm.lt\/wp-content\/uploads\/2024\/03\/4-220x300.png 220w, https:\/\/www.kostkos.vilniausr.lm.lt\/wp-content\/uploads\/2024\/03\/4-110x150.png 110w\" sizes=\"(max-width: 563px) 100vw, 563px\" \/><\/a><\/figure>\n<\/figure>\n\n\n\n<p>W kwestii realizacji IX etapu projektu doposa\u017cenia szk\u00f3\u0142 w 2023, przez Fundacj\u0119 Pomoc Polakom na Wschodzie w Warszawie ze \u015arodk\u00f3w Kancelarii Prezesa Rady Ministr\u00f3w Rzeczypospolitej Polskiej dla Gimnazjum im. \u015bw. Stanis\u0142awa Kostki w Podbrzeziu przeznaczono 6034.21 EURO (26932,50 PLN) , dla grupy przedszkolnej \u2013 1000.90 EURO (4448,00 PLN), dla grupy przedszkolnej Filii nauczania pocz\u0105tkowego w Pikieliszkach \u2013 750.68 EURO (3336,00 PLN), dla grupy przedszkolnej Filii Nauczania Podstawowego Centrum Wielofunkcyjnego w Weso\u0142\u00f3wce \u2013 625.56 EURO (2780,00 PLN).<\/p>\n\n\n\n<p><strong>Projekt &#8222;Fundacja Polonii \u015awiata&#8221;<\/strong><\/p>\n\n\n\n<p><a href=\"https:\/\/www.kostkos.vilniausr.lm.lt\/wp-content\/uploads\/2024\/01\/Z-radoscia-informujemy.pdf\">Opis projektu<\/a><\/p>\n\n\n\n<figure class=\"wp-block-gallery has-nested-images columns-default is-cropped wp-block-gallery-2 is-layout-flex wp-block-gallery-is-layout-flex\">\n<figure class=\"wp-block-image size-large\"><img loading=\"lazy\" decoding=\"async\" width=\"300\" height=\"212\" data-id=\"11298\" src=\"https:\/\/www.kostkos.vilniausr.lm.lt\/wp-content\/uploads\/2024\/01\/1-300x212-2.png\" alt=\"\" class=\"wp-image-11298\" srcset=\"https:\/\/www.kostkos.vilniausr.lm.lt\/wp-content\/uploads\/2024\/01\/1-300x212-2.png 300w, https:\/\/www.kostkos.vilniausr.lm.lt\/wp-content\/uploads\/2024\/01\/1-300x212-2-150x106.png 150w\" sizes=\"(max-width: 300px) 100vw, 300px\" \/><\/figure>\n\n\n\n<figure class=\"wp-block-image\"><img decoding=\"async\" data-id=\"11296\" src=\"https:\/\/www.kostkos.vilniausr.lm.lt\/wp-content\/uploads\/2024\/01\/2-300x211-2.png\" alt=\"\" class=\"wp-image-11296\"\/><\/figure>\n<\/figure>\n\n\n<div class=\"wp-block-image\">\n<figure class=\"aligncenter\"><img loading=\"lazy\" decoding=\"async\" width=\"272\" height=\"128\" src=\"https:\/\/www.kostkos.vilniausr.lm.lt\/wp-content\/uploads\/2020\/09\/ku_ateiti_logo.jpg\" alt=\"\" class=\"wp-image-7923\" srcset=\"https:\/\/www.kostkos.vilniausr.lm.lt\/wp-content\/uploads\/2020\/09\/ku_ateiti_logo.jpg 272w, https:\/\/www.kostkos.vilniausr.lm.lt\/wp-content\/uploads\/2020\/09\/ku_ateiti_logo-150x71.jpg 150w\" sizes=\"(max-width: 272px) 100vw, 272px\" \/><\/figure><\/div>\n\n\n<p><strong>Projektas <\/strong><a rel=\"noreferrer noopener\" href=\"https:\/\/www.kostkos.vilniausr.lm.lt\/wp-content\/uploads\/2020\/11\/projektas.docx\" target=\"_blank\">\u201eJausk, atpa\u017eink, i\u0161reik\u0161k\u201c<\/a><br>Projektas finansuojamas ESF l\u0117\u0161omis.<\/p>\n\n\n\n<p><strong>Projektas \u201eMokykl\u0173 apr\u016bpinimas gamtos ir technologini\u0173 moksl\u0173 priemon\u0117mis\u201c<\/strong><\/p>\n\n\n\n<p>(Projekto kodas Nr. 09.1.3 \u2013 CPVA_V_704-02-0001).<br>Projekto vykdymo trukm\u0117 \u2013&nbsp; 2017\u20132020 m.<br>Projekto tikslas \u2013 didinti bendrojo ugdymo \u012fstaig\u0173 tinklo veiklos efektyvum\u0105, modernizuojant mokymo(si) aplink\u0105.<br>Projekto vykdymo metu&nbsp;gimnazija apr\u016bpinta gamtos ir technologini\u0173 moksl\u0173 mokymo priemoni\u0173 bei \u012frangos komplektais pagal mokini\u0173 skai\u010di\u0173 bei &nbsp;kompiuterine \u012franga, reikalinga ugdymo procesui organizuoti nuotoliniu b\u016bdu.<\/p>\n\n\n\n<p>Projekt\u0105&nbsp;remia&nbsp;Europos regionin\u0117s pl\u0117tros fondas.<\/p>\n\n\n<p><a href=\"https:\/\/www.kostkos.vilniausr.lm.lt\/wp-content\/uploads\/2014\/02\/Vaisiai-mokykloms.png\"><img loading=\"lazy\" decoding=\"async\" class=\"alignnone  wp-image-2411\" src=\"https:\/\/www.kostkos.vilniausr.lm.lt\/wp-content\/uploads\/2014\/02\/Vaisiai-mokykloms.png\" alt=\"Vaisiai mokykloms\" width=\"68\" height=\"98\"><\/a>&nbsp; &nbsp; &nbsp; &nbsp; &nbsp; &nbsp; &nbsp; &nbsp; &nbsp; Projektas <a href=\"https:\/\/www.kostkos.vilniausr.lm.lt\/wp-content\/uploads\/2014\/02\/2.pdf\">&#8222;Vaisiai mokykloms&#8221;.<\/a><\/p>\n<p><a href=\"https:\/\/www.kostkos.vilniausr.lm.lt\/wp-content\/uploads\/2014\/02\/Pienas-vaikams-Kopija.png\"><img loading=\"lazy\" decoding=\"async\" class=\"alignnone size-full wp-image-2408\" src=\"https:\/\/www.kostkos.vilniausr.lm.lt\/wp-content\/uploads\/2014\/02\/Pienas-vaikams-Kopija.png\" alt=\"Pienas vaikams\" width=\"68\" height=\"98\"><\/a>&nbsp; &nbsp; &nbsp; &nbsp; &nbsp; &nbsp; &nbsp; &nbsp; &nbsp; &nbsp;Projektas <a href=\"https:\/\/www.kostkos.vilniausr.lm.lt\/wp-content\/uploads\/2014\/02\/1.pdf\">&#8222;Pienas vaikams&#8221;.<\/a><\/p>\n<p><a href=\"https:\/\/www.kostkos.vilniausr.lm.lt\/wp-content\/uploads\/2014\/02\/Sos-vaiku-kaimai-Kopija.png\"><img loading=\"lazy\" decoding=\"async\" class=\"alignnone size-thumbnail wp-image-2409\" src=\"https:\/\/www.kostkos.vilniausr.lm.lt\/wp-content\/uploads\/2014\/02\/Sos-vaiku-kaimai-Kopija-150x50.png\" alt=\"Sos vaiku kaimai \" width=\"150\" height=\"50\" srcset=\"https:\/\/www.kostkos.vilniausr.lm.lt\/wp-content\/uploads\/2014\/02\/Sos-vaiku-kaimai-Kopija-150x50.png 150w, https:\/\/www.kostkos.vilniausr.lm.lt\/wp-content\/uploads\/2014\/02\/Sos-vaiku-kaimai-Kopija.png 173w\" sizes=\"(max-width: 150px) 100vw, 150px\" \/><\/a>&nbsp; Projektas <a href=\"https:\/\/www.kostkos.vilniausr.lm.lt\/wp-content\/uploads\/2014\/02\/5.pdf\">&#8222;SOS vaik\u0173 kaimai&#8221;.<\/a><\/p>\n<p><a href=\"https:\/\/www.kostkos.vilniausr.lm.lt\/wp-content\/uploads\/2014\/02\/Maksimalistas-Kopija.png\"><img loading=\"lazy\" decoding=\"async\" class=\"alignnone size-thumbnail wp-image-2407\" src=\"https:\/\/www.kostkos.vilniausr.lm.lt\/wp-content\/uploads\/2014\/02\/Maksimalistas-Kopija-150x42.png\" alt=\"Maksimalistas \" width=\"150\" height=\"42\" srcset=\"https:\/\/www.kostkos.vilniausr.lm.lt\/wp-content\/uploads\/2014\/02\/Maksimalistas-Kopija-150x42.png 150w, https:\/\/www.kostkos.vilniausr.lm.lt\/wp-content\/uploads\/2014\/02\/Maksimalistas-Kopija.png 213w\" sizes=\"(max-width: 150px) 100vw, 150px\" \/><\/a>&nbsp; Projektas <a href=\"https:\/\/www.kostkos.vilniausr.lm.lt\/wp-content\/uploads\/2014\/02\/7.pdf\">&#8222;Maximalistas&#8221;.<\/a><\/p>\n<p><a href=\"https:\/\/www.kostkos.vilniausr.lm.lt\/wp-content\/uploads\/2014\/02\/Emokykla-Kopija.png\"><img loading=\"lazy\" decoding=\"async\" class=\"alignnone size-thumbnail wp-image-2405\" src=\"https:\/\/www.kostkos.vilniausr.lm.lt\/wp-content\/uploads\/2014\/02\/Emokykla-Kopija-150x50.png\" alt=\"Emokykla \" width=\"150\" height=\"50\" srcset=\"https:\/\/www.kostkos.vilniausr.lm.lt\/wp-content\/uploads\/2014\/02\/Emokykla-Kopija-150x50.png 150w, https:\/\/www.kostkos.vilniausr.lm.lt\/wp-content\/uploads\/2014\/02\/Emokykla-Kopija.png 218w\" sizes=\"(max-width: 150px) 100vw, 150px\" \/><\/a>&nbsp; Projektas <a href=\"https:\/\/www.kostkos.vilniausr.lm.lt\/wp-content\/uploads\/2014\/02\/3.pdf\">&#8222;Emokykla&#8221;.<\/a><\/p>\n<p><a href=\"https:\/\/www.kostkos.vilniausr.lm.lt\/wp-content\/uploads\/2014\/02\/Erasmus-Kopija.png\"><img loading=\"lazy\" decoding=\"async\" class=\"alignnone size-thumbnail wp-image-2406\" src=\"https:\/\/www.kostkos.vilniausr.lm.lt\/wp-content\/uploads\/2014\/02\/Erasmus-Kopija-150x59.png\" alt=\"Erasmus \" width=\"150\" height=\"59\" srcset=\"https:\/\/www.kostkos.vilniausr.lm.lt\/wp-content\/uploads\/2014\/02\/Erasmus-Kopija-150x59.png 150w, https:\/\/www.kostkos.vilniausr.lm.lt\/wp-content\/uploads\/2014\/02\/Erasmus-Kopija.png 152w\" sizes=\"(max-width: 150px) 100vw, 150px\" \/><\/a>&nbsp; Projektas <a href=\"https:\/\/www.kostkos.vilniausr.lm.lt\/wp-content\/uploads\/2014\/02\/6.pdf\">&#8222;Erasmus&#8221;<\/a>.<\/p>\n<p><a href=\"https:\/\/www.kostkos.vilniausr.lm.lt\/wp-content\/uploads\/2014\/02\/Sveikatiada-Kopija.png\"><img loading=\"lazy\" decoding=\"async\" class=\"alignnone size-full wp-image-2410\" src=\"https:\/\/www.kostkos.vilniausr.lm.lt\/wp-content\/uploads\/2014\/02\/Sveikatiada-Kopija.png\" alt=\"Sveikatiada\" width=\"91\" height=\"90\"><\/a>&nbsp; &nbsp; &nbsp; &nbsp; &nbsp; &nbsp; &nbsp; &nbsp;Projektas <a href=\"https:\/\/www.kostkos.vilniausr.lm.lt\/wp-content\/uploads\/2014\/02\/4.pdf\">&#8222;Sveikatiada&#8221;.<\/a><\/p>\n\n\n<p><\/p>\n","protected":false},"excerpt":{"rendered":"<p>Fundacja \u201ePomoc Polakom na Wschodzie\u201d Projekt finansowany ze \u015brodk\u00f3w Kancelarii Prezesa Rady Ministr\u00f3w w ramach konkursu Polonia i Polacy za Granic\u0105 2022 W kwestii realizacji IX etapu projektu doposa\u017cenia szk\u00f3\u0142 w 2023, przez Fundacj\u0119 Pomoc Polakom na Wschodzie w Warszawie &hellip; <a href=\"https:\/\/www.kostkos.vilniausr.lm.lt\/?page_id=1513\">Continue reading <span class=\"meta-nav\">&rarr;<\/span><\/a><\/p>\n","protected":false},"author":1,"featured_media":0,"parent":10099,"menu_order":5,"comment_status":"closed","ping_status":"closed","template":"","meta":{"ngg_post_thumbnail":0,"footnotes":"","_links_to":"","_links_to_target":""},"_links":{"self":[{"href":"https:\/\/www.kostkos.vilniausr.lm.lt\/index.php?rest_route=\/wp\/v2\/pages\/1513"}],"collection":[{"href":"https:\/\/www.kostkos.vilniausr.lm.lt\/index.php?rest_route=\/wp\/v2\/pages"}],"about":[{"href":"https:\/\/www.kostkos.vilniausr.lm.lt\/index.php?rest_route=\/wp\/v2\/types\/page"}],"author":[{"embeddable":true,"href":"https:\/\/www.kostkos.vilniausr.lm.lt\/index.php?rest_route=\/wp\/v2\/users\/1"}],"replies":[{"embeddable":true,"href":"https:\/\/www.kostkos.vilniausr.lm.lt\/index.php?rest_route=%2Fwp%2Fv2%2Fcomments&post=1513"}],"version-history":[{"count":22,"href":"https:\/\/www.kostkos.vilniausr.lm.lt\/index.php?rest_route=\/wp\/v2\/pages\/1513\/revisions"}],"predecessor-version":[{"id":11717,"href":"https:\/\/www.kostkos.vilniausr.lm.lt\/index.php?rest_route=\/wp\/v2\/pages\/1513\/revisions\/11717"}],"up":[{"embeddable":true,"href":"https:\/\/www.kostkos.vilniausr.lm.lt\/index.php?rest_route=\/wp\/v2\/pages\/10099"}],"wp:attachment":[{"href":"https:\/\/www.kostkos.vilniausr.lm.lt\/index.php?rest_route=%2Fwp%2Fv2%2Fmedia&parent=1513"}],"curies":[{"name":"wp","href":"https:\/\/api.w.org\/{rel}","templated":true}]}}