{"id":176,"date":"2010-02-28T12:38:38","date_gmt":"2010-02-28T10:38:38","guid":{"rendered":"http:\/\/www2095.vu.lt\/?page_id=176"},"modified":"2024-01-23T14:07:46","modified_gmt":"2024-01-23T12:07:46","slug":"ugdymo-organizavimas","status":"publish","type":"page","link":"https:\/\/www.kostkos.vilniausr.lm.lt\/?page_id=176","title":{"rendered":"Ikimokyklinis ugdymas"},"content":{"rendered":"<p style=\"text-align: justify;\"><span style=\"border-radius: 2px; text-indent: 20px; width: auto; padding: 0px 4px 0px 0px; text-align: center; font: bold 11px\/20px 'Helvetica Neue',Helvetica,sans-serif; color: #ffffff; background: #bd081c no-repeat scroll 3px 50% \/ 14px 14px; position: absolute; opacity: 1; z-index: 8675309; display: block; cursor: pointer; top: 492px; left: 20px;\">Save<\/span><\/p>\n\n\n<p>Ikimokyklinio ugdymo paskirtis \u2013 pad\u0117ti vaikui tenkinti prigimtinius, kult\u016bros, taip pat ir etnin\u0117s, socialinius, pa\u017eintinius geb\u0117jimus, ugdyti vaiko kognityvinius \u012fg\u016bd\u017eius, pad\u0117ti pasirengti ugdytis pagal prie\u0161mokyklinio ugdymo program\u0105.<\/p>\n\n\n\n<p>Ikimokyklinis ugdymas \u012fstaigoje vykdomas pagal Vilniaus r. Paber\u017e\u0117s \u0161v. Stanislavo Kostkos gimnazijos ikimokyklinio ugdymo program\u0105 (pridedama), kuri parengta remiantis Ikimokyklinio ugdymo program\u0173 kriterij\u0173 apra\u0161u&nbsp;<strong><a href=\"https:\/\/www.e-tar.lt\/portal\/lt\/legalAct\/TAR.F75FE2733AF1\">https:\/\/www.e-tar.lt\/portal\/lt\/legalAct\/TAR.F75FE2733AF1<\/a><\/strong><\/p>\n\n\n\n<p>Mokestis u\u017e vaiko maitinim\u0105 ir ugdymo reikmi\u0173 tenkinim\u0105 apskai\u010diuojamas remiantis Mokes\u010dio u\u017e vaiko maitinim\u0105 ir ugdymo reikmi\u0173 tenkinim\u0105 Vilniaus rajono savivaldyb\u0117s \u0161vietimo \u012fstaigose, \u012fgyvendinan\u010diose ikimokyklinio ir prie\u0161mokyklinio ugdymo programas, nustatymo tvarkos apra\u0161u&nbsp;<strong><a href=\"https:\/\/www.e-tar.lt\/portal\/lt\/legalAct\/7bf8d610608d11e79198ffdb108a3753\/asr\" target=\"_blank\" rel=\"noreferrer noopener\">https:\/\/www.e-tar.lt\/portal\/lt\/legalAct\/7bf8d610608d11e79198ffdb108a3753\/asr<\/a><\/strong><\/p>\n\n\n\n<p>Ikimokyklinio ugdymo grup\u0117se vadovaujam\u0117s Lietuvos higienos norma HN 75:2016 \u201eIkimokyklinio ir prie\u0161mokyklinio ugdymo program\u0173 vykdymo bendrieji sveikatos saugos reikalavimai\u201c&nbsp;<a href=\"https:\/\/www.e-tar.lt\/portal\/lt\/legalAct\/TAR.AF02472A1EBF\" target=\"_blank\" rel=\"noreferrer noopener\"><strong>https:\/\/www.e-tar.lt\/portal\/lt\/legalAct\/TAR.AF02472A1EBF<\/strong><\/a><\/p>\n\n\n\n<p>Daugiau informacijos apie ikimokyklin\u012f ugdym\u0105 Vilniaus rajono savivaldyb\u0117s interneto svetain\u0117je&nbsp;<strong><a href=\"https:\/\/www.vrsa.lt\/svietimas\/ikimokyklinis-ir-priesmokyklinis-ugdymas\/437\">https:\/\/www.vrsa.lt\/svietimas\/ikimokyklinis-ir-priesmokyklinis-ugdymas\/437<\/a><\/strong>&nbsp;bei \u0160vietimo, mokslo ir sporto ministerijos interneto svetain\u0117je&nbsp;<strong><a href=\"https:\/\/smsm.lrv.lt\/web\/lt\/smm-svietimas\/svietimo-sistema-ikimokyklinis-ugdymas\">https:\/\/smsm.lrv.lt\/web\/lt\/smm-svietimas\/svietimo-sistema-ikimokyklinis-ugdymas<\/a><\/strong><\/p>\n\n\n\n<p>Ikimokyklinio ugdymo portalas&nbsp;<strong><a href=\"https:\/\/www.ikimokyklinis.lt\/\" target=\"_blank\" rel=\"noreferrer noopener\">https:\/\/www.ikimokyklinis.lt<\/a><\/strong><\/p>\n","protected":false},"excerpt":{"rendered":"<p>Save Ikimokyklinio ugdymo paskirtis \u2013 pad\u0117ti vaikui tenkinti prigimtinius, kult\u016bros, taip pat ir etnin\u0117s, socialinius, pa\u017eintinius geb\u0117jimus, ugdyti vaiko kognityvinius \u012fg\u016bd\u017eius, pad\u0117ti pasirengti ugdytis pagal prie\u0161mokyklinio ugdymo program\u0105. Ikimokyklinis ugdymas \u012fstaigoje vykdomas pagal Vilniaus r. Paber\u017e\u0117s \u0161v. Stanislavo Kostkos gimnazijos &hellip; <a href=\"https:\/\/www.kostkos.vilniausr.lm.lt\/?page_id=176\">Continue reading <span class=\"meta-nav\">&rarr;<\/span><\/a><\/p>\n","protected":false},"author":1,"featured_media":0,"parent":1499,"menu_order":1,"comment_status":"closed","ping_status":"closed","template":"","meta":{"ngg_post_thumbnail":0,"footnotes":"","_links_to":"","_links_to_target":""},"_links":{"self":[{"href":"https:\/\/www.kostkos.vilniausr.lm.lt\/index.php?rest_route=\/wp\/v2\/pages\/176"}],"collection":[{"href":"https:\/\/www.kostkos.vilniausr.lm.lt\/index.php?rest_route=\/wp\/v2\/pages"}],"about":[{"href":"https:\/\/www.kostkos.vilniausr.lm.lt\/index.php?rest_route=\/wp\/v2\/types\/page"}],"author":[{"embeddable":true,"href":"https:\/\/www.kostkos.vilniausr.lm.lt\/index.php?rest_route=\/wp\/v2\/users\/1"}],"replies":[{"embeddable":true,"href":"https:\/\/www.kostkos.vilniausr.lm.lt\/index.php?rest_route=%2Fwp%2Fv2%2Fcomments&post=176"}],"version-history":[{"count":41,"href":"https:\/\/www.kostkos.vilniausr.lm.lt\/index.php?rest_route=\/wp\/v2\/pages\/176\/revisions"}],"predecessor-version":[{"id":10152,"href":"https:\/\/www.kostkos.vilniausr.lm.lt\/index.php?rest_route=\/wp\/v2\/pages\/176\/revisions\/10152"}],"up":[{"embeddable":true,"href":"https:\/\/www.kostkos.vilniausr.lm.lt\/index.php?rest_route=\/wp\/v2\/pages\/1499"}],"wp:attachment":[{"href":"https:\/\/www.kostkos.vilniausr.lm.lt\/index.php?rest_route=%2Fwp%2Fv2%2Fmedia&parent=176"}],"curies":[{"name":"wp","href":"https:\/\/api.w.org\/{rel}","templated":true}]}}