{"id":1783,"date":"2014-02-19T08:56:07","date_gmt":"2014-02-19T06:56:07","guid":{"rendered":"https:\/\/www.kostkos.vilniausr.lm.lt\/?page_id=1783"},"modified":"2024-01-23T14:16:21","modified_gmt":"2024-01-23T12:16:21","slug":"planu-formos","status":"publish","type":"page","link":"https:\/\/www.kostkos.vilniausr.lm.lt\/?page_id=1783","title":{"rendered":"Plan\u0173 formos"},"content":{"rendered":"<p>Dalyko ilgalaikis planas <a href=\"https:\/\/www.kostkos.vilniausr.lm.lt\/wp-content\/uploads\/2014\/02\/ilgalakis.docx\"><img loading=\"lazy\" decoding=\"async\" class=\"alignnone wp-image-2113\" src=\"https:\/\/www.kostkos.vilniausr.lm.lt\/wp-content\/uploads\/2014\/02\/pdf.png\" alt=\"pdf\" width=\"20\" height=\"20\"><\/a><\/p>\n<p>Modulio\/pasirenkamojo dalyko programa<a href=\"https:\/\/www.kostkos.vilniausr.lm.lt\/wp-content\/uploads\/2014\/02\/pasirenkamojo.doc\"><img loading=\"lazy\" decoding=\"async\" class=\"alignnone wp-image-2113\" src=\"https:\/\/www.kostkos.vilniausr.lm.lt\/wp-content\/uploads\/2014\/02\/pdf.png\" alt=\"pdf\" width=\"20\" height=\"20\"><\/a><\/p>\n<p>Neformalioji \u0161vietimo programa<a href=\"https:\/\/www.kostkos.vilniausr.lm.lt\/wp-content\/uploads\/2014\/02\/neformalaus.pdf\"><img loading=\"lazy\" decoding=\"async\" class=\"alignnone wp-image-2113\" src=\"https:\/\/www.kostkos.vilniausr.lm.lt\/wp-content\/uploads\/2014\/02\/pdf.png\" alt=\"pdf\" width=\"20\" height=\"20\"><\/a><\/p>\n<p>Klas\u0117s aukl\u0117tojo planas<a href=\"https:\/\/www.kostkos.vilniausr.lm.lt\/wp-content\/uploads\/2014\/02\/auklejimo.doc.docx\"><img loading=\"lazy\" decoding=\"async\" class=\"alignnone wp-image-2113\" src=\"https:\/\/www.kostkos.vilniausr.lm.lt\/wp-content\/uploads\/2014\/02\/pdf.png\" alt=\"pdf\" width=\"20\" height=\"20\"><\/a><\/p>\n<p>Individualizuota dalyko programa<a href=\"https:\/\/www.kostkos.vilniausr.lm.lt\/wp-content\/uploads\/2021\/09\/ind-progr-2015.doc\"><img loading=\"lazy\" decoding=\"async\" class=\"alignnone wp-image-2113\" src=\"https:\/\/www.kostkos.vilniausr.lm.lt\/wp-content\/uploads\/2014\/02\/pdf.png\" alt=\"pdf\" width=\"20\" height=\"20\"><\/a><\/p>\n<p>Pritaikyta dalyko programa<a href=\"https:\/\/www.kostkos.vilniausr.lm.lt\/wp-content\/uploads\/2021\/09\/pritaik-progr-2015.docx\"><img loading=\"lazy\" decoding=\"async\" class=\"alignnone wp-image-2113\" src=\"https:\/\/www.kostkos.vilniausr.lm.lt\/wp-content\/uploads\/2014\/02\/pdf.png\" alt=\"pdf\" width=\"20\" height=\"20\"><\/a><\/p>\n<p>Pra\u0161ymas d\u0117l i\u0161vykos organizavimo<a href=\"https:\/\/www.kostkos.vilniausr.lm.lt\/wp-content\/uploads\/2014\/02\/isvykos.doc\"><img loading=\"lazy\" decoding=\"async\" class=\"alignnone wp-image-2113\" src=\"https:\/\/www.kostkos.vilniausr.lm.lt\/wp-content\/uploads\/2014\/02\/pdf.png\" alt=\"pdf\" width=\"20\" height=\"20\"><\/a><\/p>\n<p>Pra\u0161ymas d\u0117l b\u016brelio organizavimo <a href=\"https:\/\/www.kostkos.vilniausr.lm.lt\/wp-content\/uploads\/2014\/02\/pra\u0161ymas-d\u0117l-b\u016brelio-organizavimo.doc\"><img loading=\"lazy\" decoding=\"async\" class=\"alignnone wp-image-2113\" src=\"https:\/\/www.kostkos.vilniausr.lm.lt\/wp-content\/uploads\/2014\/02\/pdf.png\" alt=\"pdf\" width=\"20\" height=\"20\"><\/a><\/p>\n<p>&nbsp;<\/p>\n","protected":false},"excerpt":{"rendered":"<p>Dalyko ilgalaikis planas Modulio\/pasirenkamojo dalyko programa Neformalioji \u0161vietimo programa Klas\u0117s aukl\u0117tojo planas Individualizuota dalyko programa Pritaikyta dalyko programa Pra\u0161ymas d\u0117l i\u0161vykos organizavimo Pra\u0161ymas d\u0117l b\u016brelio organizavimo &nbsp;<\/p>\n","protected":false},"author":1,"featured_media":0,"parent":1774,"menu_order":2,"comment_status":"closed","ping_status":"closed","template":"","meta":{"ngg_post_thumbnail":0,"footnotes":"","_links_to":"","_links_to_target":""},"_links":{"self":[{"href":"https:\/\/www.kostkos.vilniausr.lm.lt\/index.php?rest_route=\/wp\/v2\/pages\/1783"}],"collection":[{"href":"https:\/\/www.kostkos.vilniausr.lm.lt\/index.php?rest_route=\/wp\/v2\/pages"}],"about":[{"href":"https:\/\/www.kostkos.vilniausr.lm.lt\/index.php?rest_route=\/wp\/v2\/types\/page"}],"author":[{"embeddable":true,"href":"https:\/\/www.kostkos.vilniausr.lm.lt\/index.php?rest_route=\/wp\/v2\/users\/1"}],"replies":[{"embeddable":true,"href":"https:\/\/www.kostkos.vilniausr.lm.lt\/index.php?rest_route=%2Fwp%2Fv2%2Fcomments&post=1783"}],"version-history":[{"count":8,"href":"https:\/\/www.kostkos.vilniausr.lm.lt\/index.php?rest_route=\/wp\/v2\/pages\/1783\/revisions"}],"predecessor-version":[{"id":8393,"href":"https:\/\/www.kostkos.vilniausr.lm.lt\/index.php?rest_route=\/wp\/v2\/pages\/1783\/revisions\/8393"}],"up":[{"embeddable":true,"href":"https:\/\/www.kostkos.vilniausr.lm.lt\/index.php?rest_route=\/wp\/v2\/pages\/1774"}],"wp:attachment":[{"href":"https:\/\/www.kostkos.vilniausr.lm.lt\/index.php?rest_route=%2Fwp%2Fv2%2Fmedia&parent=1783"}],"curies":[{"name":"wp","href":"https:\/\/api.w.org\/{rel}","templated":true}]}}