{"id":1785,"date":"2014-02-19T08:56:56","date_gmt":"2014-02-19T06:56:56","guid":{"rendered":"https:\/\/www.kostkos.vilniausr.lm.lt\/?page_id=1785"},"modified":"2024-01-23T14:16:31","modified_gmt":"2024-01-23T12:16:31","slug":"kvalifikacijos-kelimas","status":"publish","type":"page","link":"https:\/\/www.kostkos.vilniausr.lm.lt\/?page_id=1785","title":{"rendered":"Kvalifikacijos k\u0117limas"},"content":{"rendered":"<ul>\n<li><a href=\"http:\/\/www.upc.smm.lt\/tobulinimas\/renginiai\/\" target=\"_blank\" rel=\"noopener\">Ugdymo pl\u0117tot\u0117s centras<\/a><\/li>\n<li><a href=\"http:\/\/www.sviesa.lt\/lt.php\/mokymo_centras\/interneto_svetaine_httpmokymocentrassviesalt\/2842\" target=\"_blank\" rel=\"noopener\">Leidyklos \u201e\u0160viesa\u201c mokymo centras<\/a><\/li>\n<li><a href=\"http:\/\/www.mtc.lt\/lt\/\">Mokykl\u0173 tobulinimo centras<\/a><\/li>\n<li><a href=\"https:\/\/www.leu.lt\/lt\/pkti\/pkti_apie_mus\/all.html\">LEU Profesini\u0173 kompetencij\u0173 tobulinimo institutas<\/a><\/li>\n<\/ul>\n<p>Kvalifikacijos k\u0117limo programa 2019 metams<b>&nbsp;<a href=\"https:\/\/www.kostkos.vilniausr.lm.lt\/wp-content\/uploads\/2019\/02\/KVALIFIKACIJOS-K\u0116LIMO-PROGRAMA-2019-M..pdf\" target=\"_blank\" rel=\"noopener\"><img loading=\"lazy\" decoding=\"async\" class=\"alignnone wp-image-2113\" src=\"https:\/\/www.kostkos.vilniausr.lm.lt\/wp-content\/uploads\/2014\/02\/pdf.png\" alt=\"pdf\" width=\"25\" height=\"25\"><\/a><\/b><\/p>\n<p>Kvalifikacijos tobulinimo apra\u0161as <b><a href=\"https:\/\/www.kostkos.vilniausr.lm.lt\/wp-content\/uploads\/2014\/02\/Kvalifikacijos-tobulinimo-aprasas.pdf\" target=\"_blank\" rel=\"noopener\"><img loading=\"lazy\" decoding=\"async\" class=\"alignnone wp-image-2113\" src=\"https:\/\/www.kostkos.vilniausr.lm.lt\/wp-content\/uploads\/2014\/02\/pdf.png\" alt=\"pdf\" width=\"25\" height=\"25\"><\/a><\/b><\/p>\n<p>&nbsp;<\/p>\n","protected":false},"excerpt":{"rendered":"<p>Ugdymo pl\u0117tot\u0117s centras Leidyklos \u201e\u0160viesa\u201c mokymo centras Mokykl\u0173 tobulinimo centras LEU Profesini\u0173 kompetencij\u0173 tobulinimo institutas Kvalifikacijos k\u0117limo programa 2019 metams&nbsp; Kvalifikacijos tobulinimo apra\u0161as &nbsp;<\/p>\n","protected":false},"author":1,"featured_media":0,"parent":1774,"menu_order":3,"comment_status":"closed","ping_status":"closed","template":"","meta":{"ngg_post_thumbnail":0,"footnotes":"","_links_to":"","_links_to_target":""},"_links":{"self":[{"href":"https:\/\/www.kostkos.vilniausr.lm.lt\/index.php?rest_route=\/wp\/v2\/pages\/1785"}],"collection":[{"href":"https:\/\/www.kostkos.vilniausr.lm.lt\/index.php?rest_route=\/wp\/v2\/pages"}],"about":[{"href":"https:\/\/www.kostkos.vilniausr.lm.lt\/index.php?rest_route=\/wp\/v2\/types\/page"}],"author":[{"embeddable":true,"href":"https:\/\/www.kostkos.vilniausr.lm.lt\/index.php?rest_route=\/wp\/v2\/users\/1"}],"replies":[{"embeddable":true,"href":"https:\/\/www.kostkos.vilniausr.lm.lt\/index.php?rest_route=%2Fwp%2Fv2%2Fcomments&post=1785"}],"version-history":[{"count":8,"href":"https:\/\/www.kostkos.vilniausr.lm.lt\/index.php?rest_route=\/wp\/v2\/pages\/1785\/revisions"}],"predecessor-version":[{"id":11580,"href":"https:\/\/www.kostkos.vilniausr.lm.lt\/index.php?rest_route=\/wp\/v2\/pages\/1785\/revisions\/11580"}],"up":[{"embeddable":true,"href":"https:\/\/www.kostkos.vilniausr.lm.lt\/index.php?rest_route=\/wp\/v2\/pages\/1774"}],"wp:attachment":[{"href":"https:\/\/www.kostkos.vilniausr.lm.lt\/index.php?rest_route=%2Fwp%2Fv2%2Fmedia&parent=1785"}],"curies":[{"name":"wp","href":"https:\/\/api.w.org\/{rel}","templated":true}]}}