{"id":1789,"date":"2014-02-19T08:59:05","date_gmt":"2014-02-19T06:59:05","guid":{"rendered":"https:\/\/www.kostkos.vilniausr.lm.lt\/?page_id=1789"},"modified":"2024-01-23T14:16:41","modified_gmt":"2024-01-23T12:16:41","slug":"tevams","status":"publish","type":"page","link":"https:\/\/www.kostkos.vilniausr.lm.lt\/?page_id=1789","title":{"rendered":"T\u0117vams"},"content":{"rendered":"\n<ul><li><a href=\"https:\/\/www.kostkos.vilniausr.lm.lt\/?page_id=7852\">Dokumentai<\/a><\/li><li><a href=\"https:\/\/www.kostkos.vilniausr.lm.lt\/?page_id=1471\">Mokini\u0173 pri\u0117mimo tvarka<\/a><\/li><li><a href=\"https:\/\/www.kostkos.vilniausr.lm.lt\/?page_id=1791\">Informavimo tvarka<\/a><\/li><li><a href=\"https:\/\/www.kostkos.vilniausr.lm.lt\/?page_id=1797\">Apr\u016bpinimas, parama<\/a><\/li><li><a href=\"https:\/\/www.kostkos.vilniausr.lm.lt\/?page_id=9760\">Vaik\u0173 pri\u0117mimas \u012f Vilniaus rajono \u0161vietimo \u012fstaig\u0173 ikimokyklinio ugdymo grupes<\/a><\/li><li><a href=\"https:\/\/www.kostkos.vilniausr.lm.lt\/?page_id=9765\">Vaik\u0173 pri\u0117mimas \u012f Vilniaus rajono \u0161vietimo \u012fstaig\u0173 prie\u0161mokyklinio ugdymo grupes<\/a><\/li><li><a href=\"https:\/\/www.kostkos.vilniausr.lm.lt\/?page_id=1799\">Kita informacija<\/a><\/li><\/ul>\n","protected":false},"excerpt":{"rendered":"<p>Dokumentai Mokini\u0173 pri\u0117mimo tvarka Informavimo tvarka Apr\u016bpinimas, parama Vaik\u0173 pri\u0117mimas \u012f Vilniaus rajono \u0161vietimo \u012fstaig\u0173 ikimokyklinio ugdymo grupes Vaik\u0173 pri\u0117mimas \u012f Vilniaus rajono \u0161vietimo \u012fstaig\u0173 prie\u0161mokyklinio ugdymo grupes Kita informacija<\/p>\n","protected":false},"author":1,"featured_media":0,"parent":8018,"menu_order":3,"comment_status":"closed","ping_status":"closed","template":"","meta":{"ngg_post_thumbnail":0,"footnotes":"","_links_to":"","_links_to_target":""},"_links":{"self":[{"href":"https:\/\/www.kostkos.vilniausr.lm.lt\/index.php?rest_route=\/wp\/v2\/pages\/1789"}],"collection":[{"href":"https:\/\/www.kostkos.vilniausr.lm.lt\/index.php?rest_route=\/wp\/v2\/pages"}],"about":[{"href":"https:\/\/www.kostkos.vilniausr.lm.lt\/index.php?rest_route=\/wp\/v2\/types\/page"}],"author":[{"embeddable":true,"href":"https:\/\/www.kostkos.vilniausr.lm.lt\/index.php?rest_route=\/wp\/v2\/users\/1"}],"replies":[{"embeddable":true,"href":"https:\/\/www.kostkos.vilniausr.lm.lt\/index.php?rest_route=%2Fwp%2Fv2%2Fcomments&post=1789"}],"version-history":[{"count":8,"href":"https:\/\/www.kostkos.vilniausr.lm.lt\/index.php?rest_route=\/wp\/v2\/pages\/1789\/revisions"}],"predecessor-version":[{"id":9768,"href":"https:\/\/www.kostkos.vilniausr.lm.lt\/index.php?rest_route=\/wp\/v2\/pages\/1789\/revisions\/9768"}],"up":[{"embeddable":true,"href":"https:\/\/www.kostkos.vilniausr.lm.lt\/index.php?rest_route=\/wp\/v2\/pages\/8018"}],"wp:attachment":[{"href":"https:\/\/www.kostkos.vilniausr.lm.lt\/index.php?rest_route=%2Fwp%2Fv2%2Fmedia&parent=1789"}],"curies":[{"name":"wp","href":"https:\/\/api.w.org\/{rel}","templated":true}]}}