{"id":1791,"date":"2014-02-19T08:59:44","date_gmt":"2014-02-19T06:59:44","guid":{"rendered":"https:\/\/www.kostkos.vilniausr.lm.lt\/?page_id=1791"},"modified":"2024-01-23T15:21:32","modified_gmt":"2024-01-23T13:21:32","slug":"informavimo-tvarka","status":"publish","type":"page","link":"https:\/\/www.kostkos.vilniausr.lm.lt\/?page_id=1791","title":{"rendered":"Informavimo tvarka"},"content":{"rendered":"<p style=\"text-align: justify;\"><strong>Informavimo tvarka<\/strong><\/p>\n<p style=\"text-align: justify;\">Gimnazijos mokini\u0173 t\u0117vams informacija, susijusi su Lietuvos Respublikos Vyriausyb\u0117s, \u0160vietimo ir mokslo ministerijos bei gimnazijos vykdoma \u0161vietimo politika, gali b\u016bti teikiama:<br \/>\n1.1.&nbsp;&nbsp;gimnazijos t\u0117v\u0173 susirinkimuose;<br \/>\n1.2.&nbsp;&nbsp;klas\u0117s t\u0117v\u0173 susirinkimuose;<br \/>\n1.3.&nbsp;&nbsp;gimnazijos sieniniuose stenduose;<br \/>\n1.4.&nbsp;&nbsp;gimnazijos interneto svetain\u0117je;<br \/>\n1.5.&nbsp; el. dienyne TAMO<\/p>\n<p style=\"text-align: justify;\">Galimos bendradarbiavimo su t\u0117vais formos:<br \/>\n2.1.&nbsp;&nbsp;t\u0117v\u0173 susirinkimai;<br \/>\n2.2.&nbsp;&nbsp;t\u0117v\u0173 \u0161vietimas;<br \/>\n2.3.&nbsp;&nbsp;mokini\u0173 lankymas;<br \/>\n2.4.&nbsp;&nbsp;informacijos sklaida;<br \/>\n2.5.&nbsp;&nbsp;bendradarbiavimas ugdant;<br \/>\n2.6.&nbsp;&nbsp;susira\u0161in\u0117jimas;<br \/>\n2.7.&nbsp;&nbsp;individualus darbas;<br \/>\n2.8.&nbsp;&nbsp;pedagogin\u0117 konsultacija;<\/p>\n<p style=\"text-align: justify;\">T\u0117v\u0173 susirinkimai organizuojami:<br \/>\n3.1.&nbsp;&nbsp;bendras gimnazijos mokini\u0173 t\u0117v\u0173 susirinkimas organizuojamas 2 kartus per metus;<br \/>\n3.2.&nbsp;&nbsp;klasi\u0173 t\u0117v\u0173 susirinkimus klasi\u0173 aukl\u0117tojai organizuoja pagal poreik\u012f (2 susirinkimai per metus privalomi);<br \/>\n3.3.&nbsp;&nbsp;administracija organizuoja papildomai susirinkimus IIG ir IVG klasi\u0173 (d\u0117l supa\u017eindinimo su pagrindinio ugdymo ir brandos egzamin\u0173 organizavimo bei vykdymo tvarka) mokini\u0173 t\u0117vams ir mokiniams.<\/p>\n<p style=\"text-align: justify;\">T\u0117v\u0173 informavimas apie vaik\u0173 mokym\u0105si ir lankomum\u0105:<br \/>\nKlas\u0117s aukl\u0117tojas:<\/p>\n<p style=\"text-align: justify;\">4.1. informuoja apie vaik\u0173 mokym\u0105si ir lankomum\u0105 vien\u0105 kart\u0105 per m\u0117nes\u012f t\u0117vus;<\/p>\n<p style=\"text-align: justify;\">4.2. likus m\u0117nesiui iki trimestro pabaigos, \u017eod\u017eiu informuoja aukl\u0117tini\u0173 t\u0117vus apie signalinius trimestro \u012fvertinimus;<\/p>\n<p style=\"text-align: justify;\">4.3. pasibaigus trimestrui t\u0117vams pateikia informacij\u0105 apie trimestro ugdymo(si), lankomumo rezultatus;<\/p>\n<p style=\"text-align: justify;\">T\u0117vams, neturintiems prieigos prie Tamo, kiekvien\u0105 m\u0117nes\u012f atspausdina mokinio pasiekim\u0173 ataskaitas;<\/p>\n<p style=\"text-align: justify;\">4.4. informuoja aukl\u0117tini\u0173 t\u0117vus apie renginius, susirinkimus ar kit\u0105 veikl\u0105, kurioje jie &nbsp;tur\u0117t\u0173 dalyvauti;<\/p>\n<p style=\"text-align: justify;\">4.5. t\u0117v\u0173 ir klas\u0117s aukl\u0117tojo susitarimu \u012fvairi\u0105 informacij\u0105 teikia naudodamasis elektroniniu dienynu, kontaktiniu t\u0117v\u0173 elektroniniu pa\u0161tu, mobiliuoju telefonu.<\/p>\n<p style=\"text-align: justify;\">Socialinis pedagogas:<\/p>\n<p style=\"text-align: justify;\">4.6. informuoja apie i\u0161kilusias problemas t\u0117vus (glob\u0117jus\/r\u016bpintojus) individualiai pagal poreik\u012f telefonu;<\/p>\n<p style=\"text-align: justify;\">4.7. esant reikalui t\u0117vus kvie\u010dia \u012f mokykl\u0105 pokalbiams d\u0117l problem\u0173 susijusi\u0173 su mokini\u0173 mokymusi ar elgesiu;<\/p>\n<p style=\"text-align: justify;\">Specialusis pedagogas-logopedas:<\/p>\n<p style=\"text-align: justify;\">4.8. informuoja t\u0117vus (glob\u0117jus\/r\u016bpintojus) individualiai pagal poreik\u012f d\u0117l mokini\u0173 \u012fvertinimo siekiant pritaikyti ugdymo turin\u012f;<\/p>\n<p style=\"text-align: justify;\">4.9. esant reikalui individualiai informuoja t\u0117vus (glob\u0117jus\/r\u016bpintojus)&nbsp; pritaikyto ugdymo turinio \u012fsisavinimo proces\u0105, teigiamus (neigiamus) poky\u010dius.<\/p>\n<p style=\"text-align: justify;\">Informacija, susijusi su ugdymo proceso organizavimu, gimnazijos veikla, t\u0117vams teikiama:<br \/>\n5.1.&nbsp;&nbsp;gimnazijos laikra\u0161tyje \u201eItaka\u201c;<br \/>\n5.2.&nbsp;&nbsp;informaciniuose stenduose (bibliotekoje, klas\u0117se, koridoriuose);<br \/>\n5.3.&nbsp;&nbsp;gimnazijos internetin\u0117je svetain\u0117je;<br \/>\n5.4.&nbsp;&nbsp;t\u0117v\u0173 susirinkim\u0173 metu;<br \/>\n5.5.&nbsp;&nbsp;atvir\u0173 dur\u0173 dienomis;<br \/>\n5.7.&nbsp;&nbsp;el. dienyne TAMO<\/p>\n<p style=\"text-align: justify;\">Informacija, susijusi su mokytoj\u0173 tarybos nutarimais, kai d\u0117l mokinio mokymosi ar elgesio problem\u0173 priimami svarb\u016bs nutarimai ( grie\u017eti papeikimai, \u012fsp\u0117jimas d\u0117l pa\u0161alinimo ar pa\u0161alinimas i\u0161 gimnazijos) teikiama ra\u0161tu.<\/p>\n<p style=\"text-align: justify;\">Visais kitais atvejais informacija teikiama Lietuvos respublikos \u012fstatymuose nustatyta tvarka.<\/p>\n<p style=\"text-align: justify;\">Mokytojai, klasi\u0173 aukl\u0117tojai, informuodami t\u0117vus \u012fvairiais klausimais, susijusiais su j\u0173 vaiku, turi teis\u0119 naudotis bet kuriomis ry\u0161io priemon\u0117mis, esan\u010diomis gimnazijoje.<\/p>\n<p style=\"text-align: justify;\">Klas\u0117s aukl\u0117tojai atsako u\u017e savalaik\u012f informacijos pateikim\u0105 t\u0117vams.<\/p>\n","protected":false},"excerpt":{"rendered":"<p>Informavimo tvarka Gimnazijos mokini\u0173 t\u0117vams informacija, susijusi su Lietuvos Respublikos Vyriausyb\u0117s, \u0160vietimo ir mokslo ministerijos bei gimnazijos vykdoma \u0161vietimo politika, gali b\u016bti teikiama: 1.1.&nbsp;&nbsp;gimnazijos t\u0117v\u0173 susirinkimuose; 1.2.&nbsp;&nbsp;klas\u0117s t\u0117v\u0173 susirinkimuose; 1.3.&nbsp;&nbsp;gimnazijos sieniniuose stenduose; 1.4.&nbsp;&nbsp;gimnazijos interneto svetain\u0117je; 1.5.&nbsp; el. dienyne TAMO Galimos &hellip; <a href=\"https:\/\/www.kostkos.vilniausr.lm.lt\/?page_id=1791\">Continue reading <span class=\"meta-nav\">&rarr;<\/span><\/a><\/p>\n","protected":false},"author":1,"featured_media":0,"parent":1789,"menu_order":1,"comment_status":"closed","ping_status":"closed","template":"","meta":{"ngg_post_thumbnail":0,"footnotes":"","_links_to":"","_links_to_target":""},"_links":{"self":[{"href":"https:\/\/www.kostkos.vilniausr.lm.lt\/index.php?rest_route=\/wp\/v2\/pages\/1791"}],"collection":[{"href":"https:\/\/www.kostkos.vilniausr.lm.lt\/index.php?rest_route=\/wp\/v2\/pages"}],"about":[{"href":"https:\/\/www.kostkos.vilniausr.lm.lt\/index.php?rest_route=\/wp\/v2\/types\/page"}],"author":[{"embeddable":true,"href":"https:\/\/www.kostkos.vilniausr.lm.lt\/index.php?rest_route=\/wp\/v2\/users\/1"}],"replies":[{"embeddable":true,"href":"https:\/\/www.kostkos.vilniausr.lm.lt\/index.php?rest_route=%2Fwp%2Fv2%2Fcomments&post=1791"}],"version-history":[{"count":6,"href":"https:\/\/www.kostkos.vilniausr.lm.lt\/index.php?rest_route=\/wp\/v2\/pages\/1791\/revisions"}],"predecessor-version":[{"id":11581,"href":"https:\/\/www.kostkos.vilniausr.lm.lt\/index.php?rest_route=\/wp\/v2\/pages\/1791\/revisions\/11581"}],"up":[{"embeddable":true,"href":"https:\/\/www.kostkos.vilniausr.lm.lt\/index.php?rest_route=\/wp\/v2\/pages\/1789"}],"wp:attachment":[{"href":"https:\/\/www.kostkos.vilniausr.lm.lt\/index.php?rest_route=%2Fwp%2Fv2%2Fmedia&parent=1791"}],"curies":[{"name":"wp","href":"https:\/\/api.w.org\/{rel}","templated":true}]}}