{"id":1797,"date":"2014-02-19T09:02:34","date_gmt":"2014-02-19T07:02:34","guid":{"rendered":"https:\/\/www.kostkos.vilniausr.lm.lt\/?page_id=1797"},"modified":"2024-01-23T15:21:43","modified_gmt":"2024-01-23T13:21:43","slug":"aprupinimas-parama","status":"publish","type":"page","link":"https:\/\/www.kostkos.vilniausr.lm.lt\/?page_id=1797","title":{"rendered":"Apr\u016bpinimas, parama"},"content":{"rendered":"<p><a href=\"https:\/\/www.kostkos.vilniausr.lm.lt\/wp-content\/uploads\/2020\/02\/Isigijimas-interneto-svetainei.docx\">Vadov\u0117li\u0173 ir mokymo priemoni\u0173 \u012fsigijimas 2019 m.<\/a><\/p>\n<p><a href=\"https:\/\/www.kostkos.vilniausr.lm.lt\/wp-content\/uploads\/2014\/02\/socialineparama.pdf\">Apr\u016bpinimas, parama.<\/a><\/p>\n<p><!-- [if gte mso 9]><xml>\n<o:OfficeDocumentSettings>\n<o:AllowPNG\/>\n<\/o:OfficeDocumentSettings>\n<\/xml><![endif]--><\/p>\n","protected":false},"excerpt":{"rendered":"<p>Vadov\u0117li\u0173 ir mokymo priemoni\u0173 \u012fsigijimas 2019 m. Apr\u016bpinimas, parama.<\/p>\n","protected":false},"author":1,"featured_media":0,"parent":1789,"menu_order":4,"comment_status":"closed","ping_status":"closed","template":"","meta":{"ngg_post_thumbnail":0,"footnotes":"","_links_to":"","_links_to_target":""},"_links":{"self":[{"href":"https:\/\/www.kostkos.vilniausr.lm.lt\/index.php?rest_route=\/wp\/v2\/pages\/1797"}],"collection":[{"href":"https:\/\/www.kostkos.vilniausr.lm.lt\/index.php?rest_route=\/wp\/v2\/pages"}],"about":[{"href":"https:\/\/www.kostkos.vilniausr.lm.lt\/index.php?rest_route=\/wp\/v2\/types\/page"}],"author":[{"embeddable":true,"href":"https:\/\/www.kostkos.vilniausr.lm.lt\/index.php?rest_route=\/wp\/v2\/users\/1"}],"replies":[{"embeddable":true,"href":"https:\/\/www.kostkos.vilniausr.lm.lt\/index.php?rest_route=%2Fwp%2Fv2%2Fcomments&post=1797"}],"version-history":[{"count":6,"href":"https:\/\/www.kostkos.vilniausr.lm.lt\/index.php?rest_route=\/wp\/v2\/pages\/1797\/revisions"}],"predecessor-version":[{"id":7843,"href":"https:\/\/www.kostkos.vilniausr.lm.lt\/index.php?rest_route=\/wp\/v2\/pages\/1797\/revisions\/7843"}],"up":[{"embeddable":true,"href":"https:\/\/www.kostkos.vilniausr.lm.lt\/index.php?rest_route=\/wp\/v2\/pages\/1789"}],"wp:attachment":[{"href":"https:\/\/www.kostkos.vilniausr.lm.lt\/index.php?rest_route=%2Fwp%2Fv2%2Fmedia&parent=1797"}],"curies":[{"name":"wp","href":"https:\/\/api.w.org\/{rel}","templated":true}]}}