{"id":1799,"date":"2015-02-19T09:03:16","date_gmt":"2015-02-19T07:03:16","guid":{"rendered":"https:\/\/www.kostkos.vilniausr.lm.lt\/?page_id=1799"},"modified":"2025-03-17T16:10:15","modified_gmt":"2025-03-17T14:10:15","slug":"kita-informacija","status":"publish","type":"page","link":"https:\/\/www.kostkos.vilniausr.lm.lt\/?page_id=1799","title":{"rendered":"Prailgintos dienos grup\u0117"},"content":{"rendered":"<p><strong>Prailgintos dienos grup\u0117<\/strong><\/p>\n<p>Kata\u017eina \u0160ukevi\u010dien\u0117, tel. (8-5) 258 6266, 8 618 77699<br \/>\nPirmadienis-penktadienis 13.00-17-00<\/p>\n<p>&nbsp;<\/p>\n<p>&nbsp;<\/p>\n","protected":false},"excerpt":{"rendered":"<p>Prailgintos dienos grup\u0117 Kata\u017eina \u0160ukevi\u010dien\u0117, tel. (8-5) 258 6266, 8 618 77699 Pirmadienis-penktadienis 13.00-17-00 &nbsp; &nbsp;<\/p>\n","protected":false},"author":1,"featured_media":0,"parent":1789,"menu_order":5,"comment_status":"closed","ping_status":"open","template":"","meta":{"ngg_post_thumbnail":0,"footnotes":"","_links_to":"","_links_to_target":""},"_links":{"self":[{"href":"https:\/\/www.kostkos.vilniausr.lm.lt\/index.php?rest_route=\/wp\/v2\/pages\/1799"}],"collection":[{"href":"https:\/\/www.kostkos.vilniausr.lm.lt\/index.php?rest_route=\/wp\/v2\/pages"}],"about":[{"href":"https:\/\/www.kostkos.vilniausr.lm.lt\/index.php?rest_route=\/wp\/v2\/types\/page"}],"author":[{"embeddable":true,"href":"https:\/\/www.kostkos.vilniausr.lm.lt\/index.php?rest_route=\/wp\/v2\/users\/1"}],"replies":[{"embeddable":true,"href":"https:\/\/www.kostkos.vilniausr.lm.lt\/index.php?rest_route=%2Fwp%2Fv2%2Fcomments&post=1799"}],"version-history":[{"count":9,"href":"https:\/\/www.kostkos.vilniausr.lm.lt\/index.php?rest_route=\/wp\/v2\/pages\/1799\/revisions"}],"predecessor-version":[{"id":11967,"href":"https:\/\/www.kostkos.vilniausr.lm.lt\/index.php?rest_route=\/wp\/v2\/pages\/1799\/revisions\/11967"}],"up":[{"embeddable":true,"href":"https:\/\/www.kostkos.vilniausr.lm.lt\/index.php?rest_route=\/wp\/v2\/pages\/1789"}],"wp:attachment":[{"href":"https:\/\/www.kostkos.vilniausr.lm.lt\/index.php?rest_route=%2Fwp%2Fv2%2Fmedia&parent=1799"}],"curies":[{"name":"wp","href":"https:\/\/api.w.org\/{rel}","templated":true}]}}