{"id":1815,"date":"2014-02-19T09:13:34","date_gmt":"2014-02-19T07:13:34","guid":{"rendered":"https:\/\/www.kostkos.vilniausr.lm.lt\/?page_id=1815"},"modified":"2026-03-19T11:01:51","modified_gmt":"2026-03-19T09:01:51","slug":"informacija","status":"publish","type":"page","link":"https:\/\/www.kostkos.vilniausr.lm.lt\/?page_id=1815","title":{"rendered":"Strukt\u016bra ir kontaktin\u0117 informacija"},"content":{"rendered":"<p><b>Vilniaus r. Paber\u017e\u0117s \u0161v. Stanislavo Kostkos gimnazija<\/b><br \/>\n<strong>\u012estaigos kodas<\/strong> \u2013 191316354<\/p>\n<p><strong>Adresas<\/strong>: Mokyklos g. 1, Paber\u017e\u0117s sen., Paber\u017e\u0117,&nbsp;&nbsp;Vilniaus r.<br \/>\n<strong>Tel.\/fax<\/strong>. +37052586266<br \/>\n<strong>Ra\u0161tin\u0117s ved\u0117ja\/sekretor\u0117<\/strong>: Kata\u017eyna Jonien\u0117<br \/>\n<strong>Interneto svetain\u0117<\/strong>:<b>&nbsp;<\/b><a href=\"https:\/\/www.kostkos.vilniausr.lm.lt\/\"><b>https:\/\/www.kostkos.vilniausr.lm.lt\/<\/b><\/a><br \/>\n<strong>Elektroninis pa\u0161tas<\/strong>: <strong><a href=\"mailto:rastine@kostkos.vilniausr.lm.lt\">rastine@kostkos.vilniausr.lm.lt<\/a><br \/>\nGimnazijos savininkas<\/strong> \u2013 Vilniaus rajono savivaldyb\u0117, identifikavimo kodas 111104987, LT-09318, Rinktin\u0117s g. 50, Vilnius.<br \/>\n<strong>Teisin\u0117 forma:<\/strong> Biud\u017eetin\u0117 \u012fstaiga.<br \/>\nDuomenys apie juridin\u012f asmen\u012f saugomi ir kaupiami Juridini\u0173 asmen\u0173 registre.<br \/>\n<strong>Vykdomos \u0161vietimo programos<\/strong> \u2013 ikimokyklinio, prie\u0161mokyklinio,&nbsp; pradinio, pagrindinio, vidurinio ugdymo programos.<br \/>\n<strong>Ugdymo kalba<\/strong> \u2013 lenk\u0173.<br \/>\nGimnazijoje valstybin\u0117s kalbos nemokantys asmenys gali b\u016bti aptarnaujami lenk\u0173, rus\u0173 kalbomis.<\/p>\n<p style=\"text-align: center;\"><strong>&nbsp;<\/strong><iframe loading=\"lazy\" width=\"562\" height=\"314\" frameborder=\"0\" scrolling=\"no\" marginheight=\"0\" marginwidth=\"0\" src=\"https:\/\/maps.google.lt\/maps?f=q&amp;source=embed&amp;hl=lt&amp;geocode=&amp;q=Paber%C5%BE%C4%97s+%C5%A0v.+Stanislavo+Kostkos+vidurin%C4%97+mokykla,+Paber%C5%BE%C4%97&amp;aq=1&amp;oq=+Paber%C5%BE%C4%97s+%C5%A0v.+Stanislavo+Kostkos+vidurin%C4%97+mokykla&amp;sll=54.877755,25.241218&amp;sspn=0.010802,0.01929&amp;ie=UTF8&amp;hq=Paber%C5%BE%C4%97s+%C5%A0v.+Stanislavo+Kostkos+vidurin%C4%97+mokykla,&amp;hnear=Paber%C5%BE%C4%97,+Vilniaus+rajono+savivaldyb%C4%97,+Vilniaus+apskritis&amp;t=m&amp;layer=c&amp;cbll=54.939796,25.233951&amp;panoid=zTjOycX8APkzMLjktZERjA&amp;cbp=13,150.55,,0,-9.85&amp;ll=54.922062,25.233879&amp;spn=0.061954,0.192947&amp;z=12&amp;output=svembed\"><\/iframe><br \/><small><a href=\"https:\/\/maps.google.lt\/maps?f=q&amp;source=embed&amp;hl=lt&amp;geocode=&amp;q=Paber%C5%BE%C4%97s+%C5%A0v.+Stanislavo+Kostkos+vidurin%C4%97+mokykla,+Paber%C5%BE%C4%97&amp;aq=1&amp;oq=+Paber%C5%BE%C4%97s+%C5%A0v.+Stanislavo+Kostkos+vidurin%C4%97+mokykla&amp;sll=54.877755,25.241218&amp;sspn=0.010802,0.01929&amp;ie=UTF8&amp;hq=Paber%C5%BE%C4%97s+%C5%A0v.+Stanislavo+Kostkos+vidurin%C4%97+mokykla,&amp;hnear=Paber%C5%BE%C4%97,+Vilniaus+rajono+savivaldyb%C4%97,+Vilniaus+apskritis&amp;t=m&amp;layer=c&amp;cbll=54.939796,25.233951&amp;panoid=zTjOycX8APkzMLjktZERjA&amp;cbp=13,150.55,,0,-9.85&amp;ll=54.922062,25.233879&amp;spn=0.061954,0.192947&amp;z=12\" style=\"color:#0000FF;text-align:left\">\u017di\u016br\u0117ti didesn\u012f \u017eem\u0117lapio vaizd\u0105<\/a><\/small><\/p>\n<p style=\"text-align: center;\"><iframe loading=\"lazy\" width=\"425\" height=\"350\" frameborder=\"0\" scrolling=\"no\" marginheight=\"0\" marginwidth=\"0\" src=\"https:\/\/maps.google.lt\/maps?f=q&amp;source=s_q&amp;hl=lt&amp;geocode=&amp;q=Paber%C5%BE%C4%97s+%C5%A0v.+Stanislavo+Kostkos+vidurin%C4%97+mokykla,+Mokyklos+gatv%C4%97,+Paber%C5%BE%C4%97&amp;aq=0&amp;oq=Paber&amp;sll=54.700171,25.252932&amp;sspn=0.674535,1.783905&amp;ie=UTF8&amp;hq=Paber%C5%BE%C4%97s+%C5%A0v.+Stanislavo+Kostkos+vidurin%C4%97+mokykla,+Mokyklos+gatv%C4%97,&amp;hnear=Paber%C5%BE%C4%97,+Vilniaus+rajono+savivaldyb%C4%97,+Vilniaus+apskritis&amp;t=m&amp;z=14&amp;iwloc=A&amp;cid=5045816323974091760&amp;ll=54.941158,25.237275&amp;output=embed\"><\/iframe><br \/><small><a href=\"https:\/\/maps.google.lt\/maps?f=q&amp;source=embed&amp;hl=lt&amp;geocode=&amp;q=Paber%C5%BE%C4%97s+%C5%A0v.+Stanislavo+Kostkos+vidurin%C4%97+mokykla,+Mokyklos+gatv%C4%97,+Paber%C5%BE%C4%97&amp;aq=0&amp;oq=Paber&amp;sll=54.700171,25.252932&amp;sspn=0.674535,1.783905&amp;ie=UTF8&amp;hq=Paber%C5%BE%C4%97s+%C5%A0v.+Stanislavo+Kostkos+vidurin%C4%97+mokykla,+Mokyklos+gatv%C4%97,&amp;hnear=Paber%C5%BE%C4%97,+Vilniaus+rajono+savivaldyb%C4%97,+Vilniaus+apskritis&amp;t=m&amp;z=14&amp;iwloc=A&amp;cid=5045816323974091760&amp;ll=54.941158,25.237275\" style=\"color:#0000FF;text-align:left\">\u017di\u016br\u0117ti didesn\u012f \u017eem\u0117lapio vaizd\u0105<\/a><\/small><\/p>\n<p style=\"text-align: center;\">&nbsp;<\/p>\n","protected":false},"excerpt":{"rendered":"<p>Vilniaus r. Paber\u017e\u0117s \u0161v. Stanislavo Kostkos gimnazija \u012estaigos kodas \u2013 191316354 Adresas: Mokyklos g. 1, Paber\u017e\u0117s sen., Paber\u017e\u0117,&nbsp;&nbsp;Vilniaus r. Tel.\/fax. +37052586266 Ra\u0161tin\u0117s ved\u0117ja\/sekretor\u0117: Kata\u017eyna Jonien\u0117 Interneto svetain\u0117:&nbsp;https:\/\/www.kostkos.vilniausr.lm.lt\/ Elektroninis pa\u0161tas: rastine@kostkos.vilniausr.lm.lt Gimnazijos savininkas \u2013 Vilniaus rajono savivaldyb\u0117, identifikavimo kodas 111104987, LT-09318, &hellip; <a href=\"https:\/\/www.kostkos.vilniausr.lm.lt\/?page_id=1815\">Continue reading <span class=\"meta-nav\">&rarr;<\/span><\/a><\/p>\n","protected":false},"author":1,"featured_media":0,"parent":1813,"menu_order":1,"comment_status":"closed","ping_status":"closed","template":"","meta":{"ngg_post_thumbnail":0,"footnotes":"","_links_to":"","_links_to_target":""},"_links":{"self":[{"href":"https:\/\/www.kostkos.vilniausr.lm.lt\/index.php?rest_route=\/wp\/v2\/pages\/1815"}],"collection":[{"href":"https:\/\/www.kostkos.vilniausr.lm.lt\/index.php?rest_route=\/wp\/v2\/pages"}],"about":[{"href":"https:\/\/www.kostkos.vilniausr.lm.lt\/index.php?rest_route=\/wp\/v2\/types\/page"}],"author":[{"embeddable":true,"href":"https:\/\/www.kostkos.vilniausr.lm.lt\/index.php?rest_route=\/wp\/v2\/users\/1"}],"replies":[{"embeddable":true,"href":"https:\/\/www.kostkos.vilniausr.lm.lt\/index.php?rest_route=%2Fwp%2Fv2%2Fcomments&post=1815"}],"version-history":[{"count":45,"href":"https:\/\/www.kostkos.vilniausr.lm.lt\/index.php?rest_route=\/wp\/v2\/pages\/1815\/revisions"}],"predecessor-version":[{"id":16312,"href":"https:\/\/www.kostkos.vilniausr.lm.lt\/index.php?rest_route=\/wp\/v2\/pages\/1815\/revisions\/16312"}],"up":[{"embeddable":true,"href":"https:\/\/www.kostkos.vilniausr.lm.lt\/index.php?rest_route=\/wp\/v2\/pages\/1813"}],"wp:attachment":[{"href":"https:\/\/www.kostkos.vilniausr.lm.lt\/index.php?rest_route=%2Fwp%2Fv2%2Fmedia&parent=1815"}],"curies":[{"name":"wp","href":"https:\/\/api.w.org\/{rel}","templated":true}]}}