{"id":2597,"date":"2014-03-10T11:39:29","date_gmt":"2014-03-10T09:39:29","guid":{"rendered":"https:\/\/www.kostkos.vilniausr.lm.lt\/?page_id=2597"},"modified":"2024-01-24T17:34:25","modified_gmt":"2024-01-24T15:34:25","slug":"mokyklos-globejas","status":"publish","type":"page","link":"https:\/\/www.kostkos.vilniausr.lm.lt\/?page_id=2597","title":{"rendered":"Mokyklos glob\u0117jas"},"content":{"rendered":"<p style=\"text-align: justify;\">\u0160v. Stanislavo diena minima rugpj\u016b\u010dio 15 (per \u0160v\u010d. Mergel\u0117s Marijos \u0116mimo \u012f Dang\u0173 \u2013 \u017dolin\u0117s \u0161vent\u0119).<\/p>\n<p style=\"text-align: justify;\"><a href=\"https:\/\/www.kostkos.vilniausr.lm.lt\/wp-content\/uploads\/2014\/03\/kostka-1.jpg\"><img loading=\"lazy\" decoding=\"async\" class=\"size-full wp-image-2666 aligncenter\" src=\"https:\/\/www.kostkos.vilniausr.lm.lt\/wp-content\/uploads\/2014\/03\/kostka-1.jpg\" alt=\"kostka (1)\" width=\"136\" height=\"189\" srcset=\"https:\/\/www.kostkos.vilniausr.lm.lt\/wp-content\/uploads\/2014\/03\/kostka-1.jpg 136w, https:\/\/www.kostkos.vilniausr.lm.lt\/wp-content\/uploads\/2014\/03\/kostka-1-107x150.jpg 107w\" sizes=\"(max-width: 136px) 100vw, 136px\" \/><\/a>\u0160v. Stanislavas gim\u0117 Rostkove, Mozovijoje, Lenkijoje, didik\u0173 \u0161eimoje. Jo t\u0117vas \u2013 Jonas Kostka &#8211; buvo Zakro\u010dymo ka\u0161telionas ir karalyst\u0117s senatorius. Motina \u2013 Malgo\u017eata Kryska i\u0161 Drobn\u0117s (Margaret de Drobniny Kryska) &#8211; buvo Mozovijos vietininko dukter\u0117\u010dia ir \u017einomo Lenkijos kanclerio Felikso Kryskio teta. Stanislavas buvo antras i\u0161 septyni\u0173 vaik\u0173 \u0161eimoje. Nors jis gim\u0117 kilmingoje \u0161eimoje ir buvo rengiamas visuomeniniam gyvenimui, t\u0117vai r\u016bpestingai j\u012f aukl\u0117jo kaip katalik\u0105: saugojo nuo prabangos ir netenkino joki\u0173 u\u017egaid\u0173.<\/p>\n<p style=\"text-align: center;\"><a href=\"https:\/\/www.kostkos.vilniausr.lm.lt\/wp-content\/uploads\/2014\/03\/kostka8.jpg\"><img loading=\"lazy\" decoding=\"async\" class=\"size-medium wp-image-2663\" src=\"https:\/\/www.kostkos.vilniausr.lm.lt\/wp-content\/uploads\/2014\/03\/kostka8-300x211.jpg\" alt=\"kostka8\" width=\"300\" height=\"211\" srcset=\"https:\/\/www.kostkos.vilniausr.lm.lt\/wp-content\/uploads\/2014\/03\/kostka8-300x211.jpg 300w, https:\/\/www.kostkos.vilniausr.lm.lt\/wp-content\/uploads\/2014\/03\/kostka8-150x105.jpg 150w, https:\/\/www.kostkos.vilniausr.lm.lt\/wp-content\/uploads\/2014\/03\/kostka8-600x422.jpg 600w, https:\/\/www.kostkos.vilniausr.lm.lt\/wp-content\/uploads\/2014\/03\/kostka8.jpg 796w\" sizes=\"(max-width: 300px) 100vw, 300px\" \/><\/a><\/p>\n<p class=\"MsoNormal\" style=\"margin-bottom: .0001pt; text-align: justify; text-justify: inter-ideograph; line-height: normal;\"><span lang=\"LT\" style=\"mso-bidi-font-family: Arial; color: #333333; mso-ansi-language: LT;\">B\u016bdamas 14 met\u0173 jis su broliu Pauliumi buvo pasi\u0173stas \u012f j\u0117zuit\u0173 kolegij\u0105 Vienoje, anuomet labai m\u0117gstam\u0105 diduomen\u0117s mokykl\u0105. Septynis m\u0117nesius abu broliai gyveno \u0161alia kolegijos esan\u010diuose namuose, bet, imperatoriui Maksimilijonui II pasisavinus t\u0105 nam\u0105, teko i\u0161sinuomoti kambarius senatoriaus Kimberkerio namuose. Stanislavas mok\u0117si kalb\u0173, buvo \u0160v. Barboros solidacijos narys,&nbsp; veng\u0117 nereikaling\u0173 draugys\u010di\u0173 su lankytojais, tenkinosi vien savo studijomis, kaip didiko s\u016bnus rengdavosi labai kukliai. Jo brolis Paulius buvo visi\u0161ka Stanislavo prie\u0161ingyb\u0117. Gyvendamas senatoriaus r\u016bmuose ir daugiau nebepriklausydamas nuo j\u0117zuit\u0173 prie\u017ei\u016bros, Paulius, buvo link\u0119s \u012f puikavim\u0105si ir i\u0161didum\u0105, \u012fgimt\u0105 savo brolio Stanislavo \u0161velnum\u0105 ir nuolankum\u0105 vertino kaip savo pasaulieti\u0161kumo ir karjeros kli\u016bt\u012f. Jis neretai ne tik erzindavo brol\u012f, bet ir kum\u0161\u010diuodavo.<\/span><\/p>\n<p class=\"MsoNormal\" style=\"margin-bottom: 0.0001pt; line-height: normal; text-align: center;\"><a href=\"https:\/\/www.kostkos.vilniausr.lm.lt\/wp-content\/uploads\/2014\/03\/kostka121.jpg\"><img loading=\"lazy\" decoding=\"async\" class=\"alignnone size-medium wp-image-2667\" src=\"https:\/\/www.kostkos.vilniausr.lm.lt\/wp-content\/uploads\/2014\/03\/kostka121-300x210.jpg\" alt=\"kostka121\" width=\"300\" height=\"210\" srcset=\"https:\/\/www.kostkos.vilniausr.lm.lt\/wp-content\/uploads\/2014\/03\/kostka121-300x210.jpg 300w, https:\/\/www.kostkos.vilniausr.lm.lt\/wp-content\/uploads\/2014\/03\/kostka121-150x105.jpg 150w, https:\/\/www.kostkos.vilniausr.lm.lt\/wp-content\/uploads\/2014\/03\/kostka121-600x420.jpg 600w, https:\/\/www.kostkos.vilniausr.lm.lt\/wp-content\/uploads\/2014\/03\/kostka121.jpg 804w\" sizes=\"(max-width: 300px) 100vw, 300px\" \/><\/a><\/p>\n<p class=\"MsoNormal\" style=\"margin-bottom: 0.0001pt; line-height: normal; text-align: justify;\">1565 gruod\u017eio vidury Stanislavas rimtai susirgo neai\u0161kia liga ir buvo manoma, kad jis nebepasveiks. Ligonis pasipra\u0161\u0117, kad jam b\u016bt\u0173 atne\u0161tas \u0160v\u010d. Sakramentas. Brolis atkalbin\u0117jo j\u012f nuo tokio \u017eingsnio. I\u0161 tikr\u0173j\u0173 prie\u017eastis nekviesti kunigo buvo kita. Senatorius, kurio namuose gyveno broliai buvo&nbsp;uolus protestantas, tod\u0117l neleist\u0173, kad \u012f jo namus \u012f\u017eengt\u0173 kunigas su \u0160ven\u010diausiuoju Sakramentu.&nbsp;Pamat\u0119s, kad Paulius neketina kviesti kunigo ir trok\u0161damas priimti \u0160v. Komunij\u0105, Stanislavas prad\u0117jo melsti \u0160v. Barboros, draugijos glob\u0117jos, kad papra\u0161yt\u0173 Auk\u0161\u010diausiojo ir jam b\u016bt\u0173 leista prie\u0161 mirt\u012f priimti Komunij\u0105. \u0160i malda buvo i\u0161klausyta: \u0160v. Barbora su dviem angelais pasirod\u0117 kambaryje ir atne\u0161\u0117 sergan\u010diam jaunuoliui komunikat\u0105. Pasibaigus \u0161iam paguodos apsilankymui, Stanislavui pasirod\u0117 \u0160v\u010d. Marija su J\u0117zumi ant rank\u0173 ir leido jaunuoliui palaikyti k\u016bdik\u0117l\u012f, o paskui paragino j\u012f stoti \u012f J\u0117zaus Draugij\u0105. Po \u0161io \u012fvykio Stanislavas pasveiko ir gal\u0117jo t\u0119sti mokslus.<\/p>\n<p class=\"MsoNormal\" style=\"margin-bottom: 0.0001pt; line-height: normal; text-align: center;\"><a href=\"https:\/\/www.kostkos.vilniausr.lm.lt\/wp-content\/uploads\/2014\/03\/kostka26.jpg\"><img loading=\"lazy\" decoding=\"async\" class=\"alignnone size-medium wp-image-2669\" src=\"https:\/\/www.kostkos.vilniausr.lm.lt\/wp-content\/uploads\/2014\/03\/kostka26-300x209.jpg\" alt=\"kostka26\" width=\"300\" height=\"209\" srcset=\"https:\/\/www.kostkos.vilniausr.lm.lt\/wp-content\/uploads\/2014\/03\/kostka26-300x209.jpg 300w, https:\/\/www.kostkos.vilniausr.lm.lt\/wp-content\/uploads\/2014\/03\/kostka26-150x104.jpg 150w, https:\/\/www.kostkos.vilniausr.lm.lt\/wp-content\/uploads\/2014\/03\/kostka26-600x418.jpg 600w, https:\/\/www.kostkos.vilniausr.lm.lt\/wp-content\/uploads\/2014\/03\/kostka26.jpg 788w\" sizes=\"(max-width: 300px) 100vw, 300px\" \/><\/a><\/p>\n<p style=\"text-align: justify;\">Netrukus jis parod\u0117 nor\u0105 \u012fstoti \u012f Draugij\u0105. Bet tas noras nebuvo patenkintas d\u0117l jaunuolio t\u0117v\u0173 nesutikimo. Kreip\u0119sis \u012f kit\u0105 j\u0117zuit\u0105, Stanislavas su\u017einojo, kad pagalbos galima tik\u0117tis, jei parsive\u0161 i\u0161 Ausburgo Vokietijos provincijolo T. Petro Kanizijaus (Canisius) leidim\u0105. 1567 rugpj\u016b\u010dio m\u0117nes\u012f, apsireng\u0119s maldininko apdarais jis leidosi \u012f kelion\u0119. \u012esiut\u0119s brolis leidosi jam i\u0161 paskos, bet, nepa\u017ein\u0119s, nesurado. 450 myli\u0173 p\u0117s\u010diomis sukor\u0119s ir pasiek\u0119s Ausburg\u0105, jaunuolis su\u017einojo, jog T. Kanizijus i\u0161vyk\u0119s \u012f Dilingen\u0105. Galiausiai jis surado provincijol\u0105, \u012fteik\u0117 jam Vienos j\u0117zuit\u0173 para\u0161yt\u0105 rekomendacin\u012f lai\u0161k\u0105. Bijodamas Stanislavo t\u0117vo \u012ftakos, T. Kanizijus suman\u0117 jaunuol\u012f i\u0161si\u0173sti \u012f Rom\u0105.<br \/>\nPasiek\u0119s Rom\u0105 ir generolo T. Pranci\u0161kaus Bord\u017eijos (Borgia) namus, Stanislavas buvo priimtas j\u0117zuit\u0173 naujoku. Tris m\u0117nesius jis praleido J\u0117zaus namuose, paskui nuo 1568 \u2013 Romos kolegijoje ir \u0160v. Andriaus naujokyne. 1568 rugpj\u016b\u010dio prad\u017eioje Stanislavas pajuto, jog \u0161io m\u0117nesio 15 dien\u0105 mirs. Nors niekas tuo netik\u0117jo, bet, staiga pablog\u0117jus Stanislavo sveikatai, jam buvo&nbsp; suteikta Komunija ir anksti ryte, su malda jis i\u0161keliavo \u012f Dang\u0173. Palaidotas po \u0160v. Andriaus del Kvirinale ba\u017eny\u010dios altoriumi Romoje, o jo k\u016bno dalys yra garbinamos keturiose Lenkijos ba\u017eny\u010diose.<\/p>\n<p style=\"text-align: center;\"><a href=\"https:\/\/www.kostkos.vilniausr.lm.lt\/wp-content\/uploads\/2014\/03\/kostka45.jpg\"><img loading=\"lazy\" decoding=\"async\" class=\"alignnone size-medium wp-image-2668\" src=\"https:\/\/www.kostkos.vilniausr.lm.lt\/wp-content\/uploads\/2014\/03\/kostka45-300x209.jpg\" alt=\"kostka45\" width=\"300\" height=\"209\" srcset=\"https:\/\/www.kostkos.vilniausr.lm.lt\/wp-content\/uploads\/2014\/03\/kostka45-300x209.jpg 300w, https:\/\/www.kostkos.vilniausr.lm.lt\/wp-content\/uploads\/2014\/03\/kostka45-150x104.jpg 150w, https:\/\/www.kostkos.vilniausr.lm.lt\/wp-content\/uploads\/2014\/03\/kostka45-600x418.jpg 600w, https:\/\/www.kostkos.vilniausr.lm.lt\/wp-content\/uploads\/2014\/03\/kostka45.jpg 800w\" sizes=\"(max-width: 300px) 100vw, 300px\" \/><\/a><\/p>\n<p style=\"text-align: justify;\">Palaimintas 1605 m., dar esant jo broliui Pauliui gyvam, o Kanonizuotas 1726 m. 1962 m. rugpj\u016b\u010dio 31 d. Jonas XXIII patvirtino j\u012f Lenkijos ir Lietuvos&nbsp;glob\u0117ju; jis globoja novicus, mokinius ir studentus, bei bevilti\u0161kus ligonius. Ikonografijoje jis vaizduojamas kaip j\u0117zuit\u0173 novicas, kl\u016bpantis prie\u0161 \u0160v\u010d. Sakrament\u0105, priimantis Komunij\u0105, laikantis ant rank\u0173 K\u016bdik\u0117l\u012f J\u0117z\u0173. Pagrindinis jo atributas \u2013 skaistyb\u0117s simbolis \u2013lelija.<br \/>\nTarpukario laikotarpiu mokyklai buvo suteiktas \u0161v. Stanislavo Kostkos vardas. Nuo 2001 m. m\u016bs\u0173 mokyklai \u0161v. Stanislavo Kostkos vardas buvo gr\u0105\u017eintas.<\/p>\n<p style=\"text-align: center;\"><a href=\"https:\/\/www.kostkos.vilniausr.lm.lt\/wp-content\/uploads\/2014\/03\/P3100126.jpg\"><img loading=\"lazy\" decoding=\"async\" class=\"alignnone size-medium wp-image-2665\" src=\"https:\/\/www.kostkos.vilniausr.lm.lt\/wp-content\/uploads\/2014\/03\/P3100126-300x229.jpg\" alt=\"P3100126\" width=\"300\" height=\"229\" srcset=\"https:\/\/www.kostkos.vilniausr.lm.lt\/wp-content\/uploads\/2014\/03\/P3100126-300x229.jpg 300w, https:\/\/www.kostkos.vilniausr.lm.lt\/wp-content\/uploads\/2014\/03\/P3100126-150x114.jpg 150w, https:\/\/www.kostkos.vilniausr.lm.lt\/wp-content\/uploads\/2014\/03\/P3100126-600x458.jpg 600w\" sizes=\"(max-width: 300px) 100vw, 300px\" \/><\/a><\/p>\n","protected":false},"excerpt":{"rendered":"<p>\u0160v. Stanislavo diena minima rugpj\u016b\u010dio 15 (per \u0160v\u010d. Mergel\u0117s Marijos \u0116mimo \u012f Dang\u0173 \u2013 \u017dolin\u0117s \u0161vent\u0119). \u0160v. Stanislavas gim\u0117 Rostkove, Mozovijoje, Lenkijoje, didik\u0173 \u0161eimoje. Jo t\u0117vas \u2013 Jonas Kostka &#8211; buvo Zakro\u010dymo ka\u0161telionas ir karalyst\u0117s senatorius. Motina \u2013 Malgo\u017eata Kryska &hellip; <a href=\"https:\/\/www.kostkos.vilniausr.lm.lt\/?page_id=2597\">Continue reading <span class=\"meta-nav\">&rarr;<\/span><\/a><\/p>\n","protected":false},"author":1,"featured_media":0,"parent":10099,"menu_order":3,"comment_status":"closed","ping_status":"closed","template":"","meta":{"ngg_post_thumbnail":0,"footnotes":"","_links_to":"","_links_to_target":""},"_links":{"self":[{"href":"https:\/\/www.kostkos.vilniausr.lm.lt\/index.php?rest_route=\/wp\/v2\/pages\/2597"}],"collection":[{"href":"https:\/\/www.kostkos.vilniausr.lm.lt\/index.php?rest_route=\/wp\/v2\/pages"}],"about":[{"href":"https:\/\/www.kostkos.vilniausr.lm.lt\/index.php?rest_route=\/wp\/v2\/types\/page"}],"author":[{"embeddable":true,"href":"https:\/\/www.kostkos.vilniausr.lm.lt\/index.php?rest_route=\/wp\/v2\/users\/1"}],"replies":[{"embeddable":true,"href":"https:\/\/www.kostkos.vilniausr.lm.lt\/index.php?rest_route=%2Fwp%2Fv2%2Fcomments&post=2597"}],"version-history":[{"count":9,"href":"https:\/\/www.kostkos.vilniausr.lm.lt\/index.php?rest_route=\/wp\/v2\/pages\/2597\/revisions"}],"predecessor-version":[{"id":11624,"href":"https:\/\/www.kostkos.vilniausr.lm.lt\/index.php?rest_route=\/wp\/v2\/pages\/2597\/revisions\/11624"}],"up":[{"embeddable":true,"href":"https:\/\/www.kostkos.vilniausr.lm.lt\/index.php?rest_route=\/wp\/v2\/pages\/10099"}],"wp:attachment":[{"href":"https:\/\/www.kostkos.vilniausr.lm.lt\/index.php?rest_route=%2Fwp%2Fv2%2Fmedia&parent=2597"}],"curies":[{"name":"wp","href":"https:\/\/api.w.org\/{rel}","templated":true}]}}