{"id":3010,"date":"2014-09-22T11:22:19","date_gmt":"2014-09-22T09:22:19","guid":{"rendered":"https:\/\/www.kostkos.vilniausr.lm.lt\/?page_id=3010"},"modified":"2015-01-29T20:45:14","modified_gmt":"2015-01-29T18:45:14","slug":"zasady-rekrutacji-uczniow","status":"publish","type":"page","link":"https:\/\/www.kostkos.vilniausr.lm.lt\/?page_id=3010&lang=pl","title":{"rendered":"Zasady rekrutacji uczni\u00f3w"},"content":{"rendered":"<p style=\"text-align: center;\"><b>Pri\u0117mimo \u012f Vilniaus r. Paber\u017e\u0117s \u0161v. Stanislavo Kostkos vidurin\u0119 mokykl\u0105 tvarkos apra\u0161as<\/b><\/p>\n<p>Pri\u0117mimo \u012f Vilniaus r. Paber\u017e\u0117s \u0161v. Stanislavo Kostkos vidurin\u0119 mokykl\u0105 tvarkos apra\u0161as (toliau \u2013 apra\u0161as) reglamentuoja asmen\u0173 pri\u0117mim\u0105 mokytis pagal pradinio, pagrindinio, vidurinio ugdymo programas.<\/p>\n<p>Pri\u0117mimo tvarkos apra\u0161\u0105 galite rasti <a href=\"https:\/\/www.kostkos.vilniausr.lm.lt\/wp-content\/uploads\/2014\/02\/pri\u0117mimo.tvarka1.pdf\">\u010dia<\/a>.<\/p>\n","protected":false},"excerpt":{"rendered":"<p>Pri\u0117mimo \u012f Vilniaus r. Paber\u017e\u0117s \u0161v. Stanislavo Kostkos vidurin\u0119 mokykl\u0105 tvarkos apra\u0161as Pri\u0117mimo \u012f Vilniaus r. Paber\u017e\u0117s \u0161v. Stanislavo Kostkos vidurin\u0119 mokykl\u0105 tvarkos apra\u0161as (toliau \u2013 apra\u0161as) reglamentuoja asmen\u0173 pri\u0117mim\u0105 mokytis pagal pradinio, pagrindinio, vidurinio ugdymo programas. Pri\u0117mimo tvarkos apra\u0161\u0105 &hellip; <a href=\"https:\/\/www.kostkos.vilniausr.lm.lt\/?page_id=3010&#038;lang=pl\">Continue reading <span class=\"meta-nav\">&rarr;<\/span><\/a><\/p>\n","protected":false},"author":1,"featured_media":0,"parent":3173,"menu_order":1,"comment_status":"closed","ping_status":"closed","template":"","meta":{"ngg_post_thumbnail":0,"footnotes":"","_links_to":"","_links_to_target":""},"_links":{"self":[{"href":"https:\/\/www.kostkos.vilniausr.lm.lt\/index.php?rest_route=\/wp\/v2\/pages\/3010"}],"collection":[{"href":"https:\/\/www.kostkos.vilniausr.lm.lt\/index.php?rest_route=\/wp\/v2\/pages"}],"about":[{"href":"https:\/\/www.kostkos.vilniausr.lm.lt\/index.php?rest_route=\/wp\/v2\/types\/page"}],"author":[{"embeddable":true,"href":"https:\/\/www.kostkos.vilniausr.lm.lt\/index.php?rest_route=\/wp\/v2\/users\/1"}],"replies":[{"embeddable":true,"href":"https:\/\/www.kostkos.vilniausr.lm.lt\/index.php?rest_route=%2Fwp%2Fv2%2Fcomments&post=3010"}],"version-history":[{"count":2,"href":"https:\/\/www.kostkos.vilniausr.lm.lt\/index.php?rest_route=\/wp\/v2\/pages\/3010\/revisions"}],"predecessor-version":[{"id":3407,"href":"https:\/\/www.kostkos.vilniausr.lm.lt\/index.php?rest_route=\/wp\/v2\/pages\/3010\/revisions\/3407"}],"up":[{"embeddable":true,"href":"https:\/\/www.kostkos.vilniausr.lm.lt\/index.php?rest_route=\/wp\/v2\/pages\/3173"}],"wp:attachment":[{"href":"https:\/\/www.kostkos.vilniausr.lm.lt\/index.php?rest_route=%2Fwp%2Fv2%2Fmedia&parent=3010"}],"curies":[{"name":"wp","href":"https:\/\/api.w.org\/{rel}","templated":true}]}}