{"id":3043,"date":"2014-10-10T12:11:08","date_gmt":"2014-10-10T10:11:08","guid":{"rendered":"https:\/\/www.kostkos.vilniausr.lm.lt\/?page_id=3043"},"modified":"2015-11-05T21:51:12","modified_gmt":"2015-11-05T19:51:12","slug":"pomoc-dla-ucznia","status":"publish","type":"page","link":"https:\/\/www.kostkos.vilniausr.lm.lt\/?page_id=3043&lang=pl","title":{"rendered":"Pomoc dla ucznia"},"content":{"rendered":"<p style=\"text-align: left;\"><a href=\"https:\/\/www.kostkos.vilniausr.lm.lt\/wp-content\/uploads\/2014\/02\/pedagog.jpg\"><img loading=\"lazy\" decoding=\"async\" class=\" wp-image-2457 alignleft\" src=\"https:\/\/www.kostkos.vilniausr.lm.lt\/wp-content\/uploads\/2014\/02\/pedagog-105x150.jpg\" alt=\"pedagog\" width=\"112\" height=\"158\" \/><\/a><\/p>\n<p style=\"text-align: left;\"><b>Vyresnioji socialin\u0117 pedagog\u0117 Irena Macevi\u010d<br \/>\nel. pa\u0161tas\u00a0irunia71@mail.ru, tel. 867719122<\/b><\/p>\n<p style=\"text-align: justify;\"><i>Vyr. socialin\u0117s\u00a0 pedagog\u0117s veikla mokykloje <a href=\"https:\/\/www.kostkos.vilniausr.lm.lt\/wp-content\/uploads\/2014\/02\/socialine-pedagoge.pdf\"><img loading=\"lazy\" decoding=\"async\" class=\"alignnone  wp-image-2113\" src=\"https:\/\/www.kostkos.vilniausr.lm.lt\/wp-content\/uploads\/2014\/02\/pdf.png\" alt=\"pdf\" width=\"25\" height=\"25\" \/><\/a><br \/>\n<\/i><\/p>\n<p>&nbsp;<\/p>\n<p><b><br \/>\n<a href=\"https:\/\/www.kostkos.vilniausr.lm.lt\/wp-content\/uploads\/2014\/02\/ja-avatar.jpg\"><img loading=\"lazy\" decoding=\"async\" class=\"size-thumbnail wp-image-2463 alignleft\" src=\"https:\/\/www.kostkos.vilniausr.lm.lt\/wp-content\/uploads\/2014\/02\/ja-avatar-114x150.jpg\" alt=\"ja avatar\" width=\"114\" height=\"150\" srcset=\"https:\/\/www.kostkos.vilniausr.lm.lt\/wp-content\/uploads\/2014\/02\/ja-avatar-114x150.jpg 114w, https:\/\/www.kostkos.vilniausr.lm.lt\/wp-content\/uploads\/2014\/02\/ja-avatar.jpg 152w\" sizes=\"(max-width: 114px) 100vw, 114px\" \/><\/a><\/b><\/p>\n<p><b>Psicholog\u0117 Agnie\u0161ka Ka\u0161inska<br \/>\nel. pa\u0161tas<\/b>: <b>aqngelll@yahoo.com<\/b><b>, tel. 2 586 266<br \/>\n<\/b><\/p>\n<p><i>Psicholog\u0117s veikla mokykloje <i><a href=\"https:\/\/www.kostkos.vilniausr.lm.lt\/wp-content\/uploads\/2014\/02\/psichologe.pdf\"><img loading=\"lazy\" decoding=\"async\" src=\"https:\/\/www.kostkos.vilniausr.lm.lt\/wp-content\/uploads\/2014\/02\/pdf.png\" alt=\"pdf\" width=\"25\" height=\"25\" \/><\/a><\/i><\/i><i><\/i><\/p>\n<p><b>\u00a0<\/b><\/p>\n<p><a href=\"https:\/\/www.kostkos.vilniausr.lm.lt\/wp-content\/uploads\/2014\/02\/pedagog1.jpg\"><img loading=\"lazy\" decoding=\"async\" class=\"size-thumbnail wp-image-2456 alignleft\" src=\"https:\/\/www.kostkos.vilniausr.lm.lt\/wp-content\/uploads\/2014\/02\/pedagog1-104x150.jpg\" alt=\"pedagog1\" width=\"104\" height=\"150\" srcset=\"https:\/\/www.kostkos.vilniausr.lm.lt\/wp-content\/uploads\/2014\/02\/pedagog1-104x150.jpg 104w, https:\/\/www.kostkos.vilniausr.lm.lt\/wp-content\/uploads\/2014\/02\/pedagog1.jpg 154w\" sizes=\"(max-width: 104px) 100vw, 104px\" \/><\/a><\/p>\n<p style=\"text-align: justify;\">\u00a0<b>Vyresnioji logoped\u0117-specialioji pedagog\u0117 Halina Pavlovi\u010d<br \/>\nel. pa\u0161tas: halinapavlovic@mail.ru, tel. 2586266<br \/>\n<\/b><\/p>\n<p><i>Vyr. logoped\u0117s-specialiosios\u00a0 pedagog\u0117s veikla mokykloje <\/i><i><i><i><a href=\"https:\/\/www.kostkos.vilniausr.lm.lt\/wp-content\/uploads\/2014\/02\/logop.spec_.pdf\"><img loading=\"lazy\" decoding=\"async\" src=\"https:\/\/www.kostkos.vilniausr.lm.lt\/wp-content\/uploads\/2014\/02\/pdf.png\" alt=\"pdf\" width=\"25\" height=\"25\" \/><\/a><\/i><\/i><\/i><i><br \/>\n<\/i><\/p>\n<p>&nbsp;<\/p>\n<p>&nbsp;<\/p>\n<p style=\"text-align: left;\"><b><br \/>\nVisuomen\u0117s sveikatos prie\u017ei\u016bros specialist\u0117 Aldona Muravjova<br \/>\ntel. 2 586 266<br \/>\n<\/b><i>Sveikatos prie\u017ei\u016bros specialist\u0117s veikla mokykloje <i><i><i><a href=\"https:\/\/www.kostkos.vilniausr.lm.lt\/wp-content\/uploads\/2014\/02\/vsps1.pdf\"><img loading=\"lazy\" decoding=\"async\" src=\"https:\/\/www.kostkos.vilniausr.lm.lt\/wp-content\/uploads\/2014\/02\/pdf.png\" alt=\"pdf\" width=\"25\" height=\"25\" \/><\/a><\/i><\/i><\/i><\/i><\/p>\n","protected":false},"excerpt":{"rendered":"<p>Vyresnioji socialin\u0117 pedagog\u0117 Irena Macevi\u010d el. pa\u0161tas\u00a0irunia71@mail.ru, tel. 867719122 Vyr. socialin\u0117s\u00a0 pedagog\u0117s veikla mokykloje &nbsp; Psicholog\u0117 Agnie\u0161ka Ka\u0161inska el. pa\u0161tas: aqngelll@yahoo.com, tel. 2 586 266 Psicholog\u0117s veikla mokykloje \u00a0 \u00a0Vyresnioji logoped\u0117-specialioji pedagog\u0117 Halina Pavlovi\u010d el. pa\u0161tas: halinapavlovic@mail.ru, tel. 2586266 Vyr. &hellip; <a href=\"https:\/\/www.kostkos.vilniausr.lm.lt\/?page_id=3043&#038;lang=pl\">Continue reading <span class=\"meta-nav\">&rarr;<\/span><\/a><\/p>\n","protected":false},"author":1,"featured_media":0,"parent":3029,"menu_order":4,"comment_status":"closed","ping_status":"closed","template":"","meta":{"ngg_post_thumbnail":0,"footnotes":"","_links_to":"","_links_to_target":""},"_links":{"self":[{"href":"https:\/\/www.kostkos.vilniausr.lm.lt\/index.php?rest_route=\/wp\/v2\/pages\/3043"}],"collection":[{"href":"https:\/\/www.kostkos.vilniausr.lm.lt\/index.php?rest_route=\/wp\/v2\/pages"}],"about":[{"href":"https:\/\/www.kostkos.vilniausr.lm.lt\/index.php?rest_route=\/wp\/v2\/types\/page"}],"author":[{"embeddable":true,"href":"https:\/\/www.kostkos.vilniausr.lm.lt\/index.php?rest_route=\/wp\/v2\/users\/1"}],"replies":[{"embeddable":true,"href":"https:\/\/www.kostkos.vilniausr.lm.lt\/index.php?rest_route=%2Fwp%2Fv2%2Fcomments&post=3043"}],"version-history":[{"count":3,"href":"https:\/\/www.kostkos.vilniausr.lm.lt\/index.php?rest_route=\/wp\/v2\/pages\/3043\/revisions"}],"predecessor-version":[{"id":3792,"href":"https:\/\/www.kostkos.vilniausr.lm.lt\/index.php?rest_route=\/wp\/v2\/pages\/3043\/revisions\/3792"}],"up":[{"embeddable":true,"href":"https:\/\/www.kostkos.vilniausr.lm.lt\/index.php?rest_route=\/wp\/v2\/pages\/3029"}],"wp:attachment":[{"href":"https:\/\/www.kostkos.vilniausr.lm.lt\/index.php?rest_route=%2Fwp%2Fv2%2Fmedia&parent=3043"}],"curies":[{"name":"wp","href":"https:\/\/api.w.org\/{rel}","templated":true}]}}