{"id":3055,"date":"2014-02-04T21:19:12","date_gmt":"2014-02-04T19:19:12","guid":{"rendered":"https:\/\/www.kostkos.vilniausr.lm.lt\/?page_id=3055"},"modified":"2024-01-24T16:26:34","modified_gmt":"2024-01-24T14:26:34","slug":"pagrindinis-ugdymas","status":"publish","type":"page","link":"https:\/\/www.kostkos.vilniausr.lm.lt\/?page_id=3055&lang=pl","title":{"rendered":"Pagrindinis ugdymas"},"content":{"rendered":"\n<p>Pagrindinio ugdymo paskirtis \u2013 suteikti asmeniui dorin\u0117s, sociokult\u016brin\u0117s ir pilietin\u0117s brandos pagrindus, bendr\u0105j\u012f ra\u0161tingum\u0105, technologinio ra\u0161tingumo pradmenis, ugdyti tautin\u012f s\u0105moningum\u0105, i\u0161ugdyti siekim\u0105 ir geb\u0117jim\u0105 apsispr\u0119sti, pasirinkti ir mokytis toliau.<\/p>\n<p>Pagrindinio ugdymo programa gimnazijoje \/ mokykloje \u012fgyvendinama remiantis Pagrindinio ugdymo bendrosiomis programomis&nbsp;<strong><a href=\"https:\/\/www.e-tar.lt\/portal\/lt\/legalAct\/1a764050239511edb4cae1b158f98ea5\" target=\"_blank\" rel=\"noopener\">https:\/\/www.e-tar.lt\/portal\/lt\/legalAct\/1a764050239511edb4cae1b158f98ea5<\/a><\/strong><\/p>\n<p>Daugiau informacijos apie pagrindin\u012f ugdym\u0105 Vilniaus rajono savivaldyb\u0117s interneto svetain\u0117je&nbsp;<strong><a href=\"https:\/\/www.vrsa.lt\/svietimas\/bendrasis-ir-neformalusis-ugdymas\/bendrasis-ugdymas\/930\" target=\"_blank\" rel=\"noopener\">https:\/\/www.vrsa.lt\/svietimas\/bendrasis-ir-neformalusis-ugdymas\/bendrasis-ugdymas\/930<\/a><\/strong>&nbsp;bei \u0160vietimo, mokslo ir sporto ministerijos interneto svetain\u0117je&nbsp;<strong><a href=\"https:\/\/smsm.lrv.lt\/lt\/veiklos-sritys-1\/smm-svietimas\/svietimas-pagrindinis-ugdymas\" target=\"_blank\" rel=\"noopener\">https:\/\/smsm.lrv.lt\/lt\/veiklos-sritys-1\/smm-svietimas\/svietimas-pagrindinis-ugdymas<\/a><\/strong><\/p>\n<p>Socialin\u0117s-pilietin\u0117s veiklos organizavimo tvarkos apra\u0161as <a href=\"https:\/\/www.kostkos.vilniausr.lm.lt\/wp-content\/uploads\/2014\/02\/Socialine-pilietine.pdf\"><img loading=\"lazy\" decoding=\"async\" class=\"alignnone wp-image-2113\" src=\"https:\/\/www.kostkos.vilniausr.lm.lt\/wp-content\/uploads\/2014\/02\/pdf.png\" alt=\"pdf\" width=\"25\" height=\"25\"><\/a><\/p>\n<p><strong>Mokini\u0173 atostogos<\/strong><\/p>\n\n\n\n\n<figure class=\"wp-block-table is-style-stripes\"><table><tbody><tr><td><strong>Atostogos<\/strong><\/td><td><strong>Prasideda<\/strong><\/td><td><strong>Baigiasi<\/strong><\/td><\/tr><tr><td>Rudens<\/td><td>2022-10-31<\/td><td>2022-11-04<\/td><\/tr><tr><td>\u017diemos (Kal\u0117d\u0173)<\/td><td>2022-12-27<\/td><td>2023-01-06<\/td><\/tr><tr><td>\u017diemos atostogos<\/td><td>2023-02-13<\/td><td>2023-02-17<\/td><\/tr><tr><td>Pavasario (Velyk\u0173)<\/td><td>2023-04-11<\/td><td>2023-04-14<\/td><\/tr><\/tbody><\/table><\/figure>\n","protected":false},"excerpt":{"rendered":"<p>Pagrindinio ugdymo paskirtis \u2013 suteikti asmeniui dorin\u0117s, sociokult\u016brin\u0117s ir pilietin\u0117s brandos pagrindus, bendr\u0105j\u012f ra\u0161tingum\u0105, technologinio ra\u0161tingumo pradmenis, ugdyti tautin\u012f s\u0105moningum\u0105, i\u0161ugdyti siekim\u0105 ir geb\u0117jim\u0105 apsispr\u0119sti, pasirinkti ir mokytis toliau. Pagrindinio ugdymo programa gimnazijoje \/ mokykloje \u012fgyvendinama remiantis Pagrindinio ugdymo bendrosiomis &hellip; <a href=\"https:\/\/www.kostkos.vilniausr.lm.lt\/?page_id=3055&#038;lang=pl\">Continue reading <span class=\"meta-nav\">&rarr;<\/span><\/a><\/p>\n","protected":false},"author":1,"featured_media":0,"parent":3049,"menu_order":4,"comment_status":"closed","ping_status":"closed","template":"","meta":{"ngg_post_thumbnail":0,"footnotes":"","_links_to":"","_links_to_target":""},"_links":{"self":[{"href":"https:\/\/www.kostkos.vilniausr.lm.lt\/index.php?rest_route=\/wp\/v2\/pages\/3055"}],"collection":[{"href":"https:\/\/www.kostkos.vilniausr.lm.lt\/index.php?rest_route=\/wp\/v2\/pages"}],"about":[{"href":"https:\/\/www.kostkos.vilniausr.lm.lt\/index.php?rest_route=\/wp\/v2\/types\/page"}],"author":[{"embeddable":true,"href":"https:\/\/www.kostkos.vilniausr.lm.lt\/index.php?rest_route=\/wp\/v2\/users\/1"}],"replies":[{"embeddable":true,"href":"https:\/\/www.kostkos.vilniausr.lm.lt\/index.php?rest_route=%2Fwp%2Fv2%2Fcomments&post=3055"}],"version-history":[{"count":12,"href":"https:\/\/www.kostkos.vilniausr.lm.lt\/index.php?rest_route=\/wp\/v2\/pages\/3055\/revisions"}],"predecessor-version":[{"id":11608,"href":"https:\/\/www.kostkos.vilniausr.lm.lt\/index.php?rest_route=\/wp\/v2\/pages\/3055\/revisions\/11608"}],"up":[{"embeddable":true,"href":"https:\/\/www.kostkos.vilniausr.lm.lt\/index.php?rest_route=\/wp\/v2\/pages\/3049"}],"wp:attachment":[{"href":"https:\/\/www.kostkos.vilniausr.lm.lt\/index.php?rest_route=%2Fwp%2Fv2%2Fmedia&parent=3055"}],"curies":[{"name":"wp","href":"https:\/\/api.w.org\/{rel}","templated":true}]}}