{"id":3057,"date":"2014-10-13T19:45:35","date_gmt":"2014-10-13T17:45:35","guid":{"rendered":"https:\/\/www.kostkos.vilniausr.lm.lt\/?page_id=3057"},"modified":"2015-11-05T21:56:58","modified_gmt":"2015-11-05T19:56:58","slug":"gimnazjum","status":"publish","type":"page","link":"https:\/\/www.kostkos.vilniausr.lm.lt\/?page_id=3057&lang=pl","title":{"rendered":"Gimnazjum"},"content":{"rendered":"<p style=\"text-align: justify;\">Vidurinio ugdymo programa 2015\u20132016 mokslo metais \u012fgyvendinama vadovaujantis Vidurinio ugdymo bendrosiomis programomis, patvirtintomis Lietuvos Respublikos \u0161vietimo ir mokslo ministro 2015 m. bir\u017eelio 16 d. redakcija Nr. V-614 (toliau \u2013 vidurinio ugdymo bendrosios programos);<\/p>\n<p style=\"text-align: justify;\">Ugdymo turinys IIIG klasei planuojamas 34 savait\u0117ms, IVG klasei \u2013 33 savait\u0117ms. Ugdymo turinys planuojamas dvejiems metams.<\/p>\n<p style=\"text-align: justify;\">Mokiniai renkasi dalyk\u0173 program\u0173 kursus, gimnazijos si\u016blomus pasirenkamuosius dalykus, dalyk\u0173 modulius.<\/p>\n<p style=\"text-align: justify;\">\u012e k\u016bno kult\u016bros turin\u012f integruojamos: \u017dmogaus saugos bendroji programa, patvirtinta Lietuvos Respublikos \u0161vietimo ir mokslo ministro 2012 m. liepos 18 d. \u012fsakymu Nr. V-1159, ir Prie\u0161gaisrin\u0117s saugos mokymo programa bendrojo lavinimo mokykloms, patvirtinta Lietuvos Respublikos \u0161vietimo ir mokslo ministro bei Lietuvos Respublikos vidaus reikal\u0173 ministro 2003 m. bir\u017eelio 10 d. \u012fsakymu Nr. ISAK-820\/IV-208.<\/p>\n<p style=\"text-align: justify;\">Dalyk\u0173 programas, dalyk\u0173 program\u0173 kursus, modulius mokinys renkasi IIG klas\u0117je ir iki bir\u017eelio 1d. klas\u0117s vadovui pateikia individual\u0173 nustatytos formos ugdymosi plan\u0105.<\/p>\n<p style=\"text-align: justify;\">Mokin\u012f konsultuoja ir susidaryti individual\u0173 ugdymosi plan\u0105 dvejiems mokslo metams padeda direktoriaus \u012fsakymu paskirtas konsultantas.<br \/>\nIII G klas\u0117s ugdymo planas\u00a0<a href=\"https:\/\/www.kostkos.vilniausr.lm.lt\/wp-content\/uploads\/2014\/02\/11-klases-ugdymo-planas.pdf\"><img loading=\"lazy\" decoding=\"async\" class=\"alignnone  wp-image-2113\" src=\"https:\/\/www.kostkos.vilniausr.lm.lt\/wp-content\/uploads\/2014\/02\/pdf.png\" alt=\"pdf\" width=\"25\" height=\"25\" \/><\/a><\/p>\n<p style=\"text-align: justify;\">IV G\u00a0 klas\u0117s ugdymo planas\u00a0<a href=\"https:\/\/www.kostkos.vilniausr.lm.lt\/wp-content\/uploads\/2014\/02\/12-klas\u0117s-ugdymo-planas.pdf\"><img loading=\"lazy\" decoding=\"async\" src=\"https:\/\/www.kostkos.vilniausr.lm.lt\/wp-content\/uploads\/2014\/02\/pdf.png\" alt=\"pdf\" width=\"25\" height=\"25\" \/><\/a><\/p>\n<p style=\"text-align: justify;\">Kurso keitimo tvarka\u00a0<a href=\"https:\/\/www.kostkos.vilniausr.lm.lt\/wp-content\/uploads\/2014\/02\/Daluk\u0139\u0142-keitimo-apra\u0139\u0104as.pdf\"><img loading=\"lazy\" decoding=\"async\" src=\"https:\/\/www.kostkos.vilniausr.lm.lt\/wp-content\/uploads\/2014\/02\/pdf.png\" alt=\"pdf\" width=\"25\" height=\"25\" \/><\/a><\/p>\n<p style=\"text-align: justify;\">Vidurinio ugdymo \u012fgyvendinimo gimnazijoje tvarkos apra\u0161as<a href=\"https:\/\/www.kostkos.vilniausr.lm.lt\/wp-content\/uploads\/2014\/02\/VIDURINIO-UGDYMO-APRA\u0139-AS.pdf\"><img loading=\"lazy\" decoding=\"async\" src=\"https:\/\/www.kostkos.vilniausr.lm.lt\/wp-content\/uploads\/2014\/02\/pdf.png\" alt=\"pdf\" width=\"25\" height=\"25\" \/><\/a><\/p>\n<p style=\"text-align: justify;\">2015-2016 m.m. vidurinio ugdymo program\u0105 \u012fgyvendinantys mokytojai\u00a0<a href=\"https:\/\/www.kostkos.vilniausr.lm.lt\/wp-content\/uploads\/2014\/02\/mokytojai1.pdf\"><img loading=\"lazy\" decoding=\"async\" src=\"https:\/\/www.kostkos.vilniausr.lm.lt\/wp-content\/uploads\/2014\/02\/pdf.png\" alt=\"pdf\" width=\"25\" height=\"25\" \/><\/a><\/p>\n<p style=\"text-align: justify;\">\n","protected":false},"excerpt":{"rendered":"<p>Vidurinio ugdymo programa 2015\u20132016 mokslo metais \u012fgyvendinama vadovaujantis Vidurinio ugdymo bendrosiomis programomis, patvirtintomis Lietuvos Respublikos \u0161vietimo ir mokslo ministro 2015 m. bir\u017eelio 16 d. redakcija Nr. V-614 (toliau \u2013 vidurinio ugdymo bendrosios programos); Ugdymo turinys IIIG klasei planuojamas 34 savait\u0117ms, &hellip; <a href=\"https:\/\/www.kostkos.vilniausr.lm.lt\/?page_id=3057&#038;lang=pl\">Continue reading <span class=\"meta-nav\">&rarr;<\/span><\/a><\/p>\n","protected":false},"author":1,"featured_media":0,"parent":3049,"menu_order":4,"comment_status":"closed","ping_status":"closed","template":"","meta":{"ngg_post_thumbnail":0,"footnotes":"","_links_to":"","_links_to_target":""},"_links":{"self":[{"href":"https:\/\/www.kostkos.vilniausr.lm.lt\/index.php?rest_route=\/wp\/v2\/pages\/3057"}],"collection":[{"href":"https:\/\/www.kostkos.vilniausr.lm.lt\/index.php?rest_route=\/wp\/v2\/pages"}],"about":[{"href":"https:\/\/www.kostkos.vilniausr.lm.lt\/index.php?rest_route=\/wp\/v2\/types\/page"}],"author":[{"embeddable":true,"href":"https:\/\/www.kostkos.vilniausr.lm.lt\/index.php?rest_route=\/wp\/v2\/users\/1"}],"replies":[{"embeddable":true,"href":"https:\/\/www.kostkos.vilniausr.lm.lt\/index.php?rest_route=%2Fwp%2Fv2%2Fcomments&post=3057"}],"version-history":[{"count":2,"href":"https:\/\/www.kostkos.vilniausr.lm.lt\/index.php?rest_route=\/wp\/v2\/pages\/3057\/revisions"}],"predecessor-version":[{"id":3799,"href":"https:\/\/www.kostkos.vilniausr.lm.lt\/index.php?rest_route=\/wp\/v2\/pages\/3057\/revisions\/3799"}],"up":[{"embeddable":true,"href":"https:\/\/www.kostkos.vilniausr.lm.lt\/index.php?rest_route=\/wp\/v2\/pages\/3049"}],"wp:attachment":[{"href":"https:\/\/www.kostkos.vilniausr.lm.lt\/index.php?rest_route=%2Fwp%2Fv2%2Fmedia&parent=3057"}],"curies":[{"name":"wp","href":"https:\/\/api.w.org\/{rel}","templated":true}]}}