{"id":3061,"date":"2014-10-13T19:50:47","date_gmt":"2014-10-13T17:50:47","guid":{"rendered":"https:\/\/www.kostkos.vilniausr.lm.lt\/?page_id=3061"},"modified":"2015-11-05T22:00:27","modified_gmt":"2015-11-05T20:00:27","slug":"zajecia-pozalekcyjne","status":"publish","type":"page","link":"https:\/\/www.kostkos.vilniausr.lm.lt\/?page_id=3061&lang=pl","title":{"rendered":"Zaj\u0119cia pozalekcyjne"},"content":{"rendered":"<p><b>NEFORMALIOJO MOKINI\u0172 \u0160VIETIMO TVARKARA\u0160TIS 2015-2016 M. M.<\/b><\/p>\n<p style=\"text-align: justify;\">Neformaliojo mokini\u0173 \u0161vietimo paskirtis tenkinti mokini\u0173 pa\u017einimo, lavinimosi ir savirai\u0161kos poreikius, pad\u0117ti jiems tapti aktyviais visuomen\u0117s nariais.<br \/>\n<a href=\"https:\/\/www.kostkos.vilniausr.lm.lt\/wp-content\/uploads\/2014\/02\/neformalusis.jpg\"><img loading=\"lazy\" decoding=\"async\" class=\"alignnone size-large wp-image-3715\" src=\"https:\/\/www.kostkos.vilniausr.lm.lt\/wp-content\/uploads\/2014\/02\/neformalusis-600x510.jpg\" alt=\"neformalusis\" width=\"600\" height=\"510\" srcset=\"https:\/\/www.kostkos.vilniausr.lm.lt\/wp-content\/uploads\/2014\/02\/neformalusis-600x510.jpg 600w, https:\/\/www.kostkos.vilniausr.lm.lt\/wp-content\/uploads\/2014\/02\/neformalusis-150x127.jpg 150w, https:\/\/www.kostkos.vilniausr.lm.lt\/wp-content\/uploads\/2014\/02\/neformalusis-300x255.jpg 300w, https:\/\/www.kostkos.vilniausr.lm.lt\/wp-content\/uploads\/2014\/02\/neformalusis.jpg 1063w\" sizes=\"(max-width: 600px) 100vw, 600px\" \/><\/a><\/p>\n<p>&nbsp;<\/p>\n","protected":false},"excerpt":{"rendered":"<p>NEFORMALIOJO MOKINI\u0172 \u0160VIETIMO TVARKARA\u0160TIS 2015-2016 M. M. Neformaliojo mokini\u0173 \u0161vietimo paskirtis tenkinti mokini\u0173 pa\u017einimo, lavinimosi ir savirai\u0161kos poreikius, pad\u0117ti jiems tapti aktyviais visuomen\u0117s nariais. &nbsp;<\/p>\n","protected":false},"author":1,"featured_media":0,"parent":3049,"menu_order":6,"comment_status":"closed","ping_status":"closed","template":"","meta":{"ngg_post_thumbnail":0,"footnotes":"","_links_to":"","_links_to_target":""},"_links":{"self":[{"href":"https:\/\/www.kostkos.vilniausr.lm.lt\/index.php?rest_route=\/wp\/v2\/pages\/3061"}],"collection":[{"href":"https:\/\/www.kostkos.vilniausr.lm.lt\/index.php?rest_route=\/wp\/v2\/pages"}],"about":[{"href":"https:\/\/www.kostkos.vilniausr.lm.lt\/index.php?rest_route=\/wp\/v2\/types\/page"}],"author":[{"embeddable":true,"href":"https:\/\/www.kostkos.vilniausr.lm.lt\/index.php?rest_route=\/wp\/v2\/users\/1"}],"replies":[{"embeddable":true,"href":"https:\/\/www.kostkos.vilniausr.lm.lt\/index.php?rest_route=%2Fwp%2Fv2%2Fcomments&post=3061"}],"version-history":[{"count":2,"href":"https:\/\/www.kostkos.vilniausr.lm.lt\/index.php?rest_route=\/wp\/v2\/pages\/3061\/revisions"}],"predecessor-version":[{"id":3802,"href":"https:\/\/www.kostkos.vilniausr.lm.lt\/index.php?rest_route=\/wp\/v2\/pages\/3061\/revisions\/3802"}],"up":[{"embeddable":true,"href":"https:\/\/www.kostkos.vilniausr.lm.lt\/index.php?rest_route=\/wp\/v2\/pages\/3049"}],"wp:attachment":[{"href":"https:\/\/www.kostkos.vilniausr.lm.lt\/index.php?rest_route=%2Fwp%2Fv2%2Fmedia&parent=3061"}],"curies":[{"name":"wp","href":"https:\/\/api.w.org\/{rel}","templated":true}]}}