{"id":3063,"date":"2014-10-13T19:52:17","date_gmt":"2014-10-13T17:52:17","guid":{"rendered":"https:\/\/www.kostkos.vilniausr.lm.lt\/?page_id=3063"},"modified":"2015-11-05T22:02:39","modified_gmt":"2015-11-05T20:02:39","slug":"dzialalnosc-projektowa","status":"publish","type":"page","link":"https:\/\/www.kostkos.vilniausr.lm.lt\/?page_id=3063&lang=pl","title":{"rendered":"Dzia\u0142alno\u015b\u0107 projektowa"},"content":{"rendered":"<p><a href=\"https:\/\/www.kostkos.vilniausr.lm.lt\/wp-content\/uploads\/2014\/02\/Vaisiai-mokykloms.png\"><img loading=\"lazy\" decoding=\"async\" class=\"alignnone  wp-image-2411\" src=\"https:\/\/www.kostkos.vilniausr.lm.lt\/wp-content\/uploads\/2014\/02\/Vaisiai-mokykloms.png\" alt=\"Vaisiai mokykloms\" width=\"68\" height=\"98\" \/><\/a>\u00a0\u00a0 Projektas <a href=\"https:\/\/www.kostkos.vilniausr.lm.lt\/wp-content\/uploads\/2014\/02\/2.pdf\">&#8222;Vaisiai mokykloms&#8221;.<\/a><\/p>\n<p><a href=\"https:\/\/www.kostkos.vilniausr.lm.lt\/wp-content\/uploads\/2014\/02\/Pienas-vaikams-Kopija.png\"><img loading=\"lazy\" decoding=\"async\" class=\"alignnone size-full wp-image-2408\" src=\"https:\/\/www.kostkos.vilniausr.lm.lt\/wp-content\/uploads\/2014\/02\/Pienas-vaikams-Kopija.png\" alt=\"Pienas vaikams\" width=\"68\" height=\"98\" \/><\/a>\u00a0 Projektas <a href=\"https:\/\/www.kostkos.vilniausr.lm.lt\/wp-content\/uploads\/2014\/02\/1.pdf\">&#8222;Pienas vaikams&#8221;.<\/a><\/p>\n<p><a href=\"https:\/\/www.kostkos.vilniausr.lm.lt\/wp-content\/uploads\/2014\/02\/Sos-vaiku-kaimai-Kopija.png\"><img loading=\"lazy\" decoding=\"async\" class=\"alignnone size-thumbnail wp-image-2409\" src=\"https:\/\/www.kostkos.vilniausr.lm.lt\/wp-content\/uploads\/2014\/02\/Sos-vaiku-kaimai-Kopija-150x50.png\" alt=\"Sos vaiku kaimai \" width=\"150\" height=\"50\" srcset=\"https:\/\/www.kostkos.vilniausr.lm.lt\/wp-content\/uploads\/2014\/02\/Sos-vaiku-kaimai-Kopija-150x50.png 150w, https:\/\/www.kostkos.vilniausr.lm.lt\/wp-content\/uploads\/2014\/02\/Sos-vaiku-kaimai-Kopija.png 173w\" sizes=\"(max-width: 150px) 100vw, 150px\" \/><\/a>\u00a0 Projektas <a href=\"https:\/\/www.kostkos.vilniausr.lm.lt\/wp-content\/uploads\/2014\/02\/5.pdf\">&#8222;SOS vaik\u0173 kaimai&#8221;.<\/a><\/p>\n<p><a href=\"https:\/\/www.kostkos.vilniausr.lm.lt\/wp-content\/uploads\/2014\/02\/Maksimalistas-Kopija.png\"><img loading=\"lazy\" decoding=\"async\" class=\"alignnone size-thumbnail wp-image-2407\" src=\"https:\/\/www.kostkos.vilniausr.lm.lt\/wp-content\/uploads\/2014\/02\/Maksimalistas-Kopija-150x42.png\" alt=\"Maksimalistas \" width=\"150\" height=\"42\" srcset=\"https:\/\/www.kostkos.vilniausr.lm.lt\/wp-content\/uploads\/2014\/02\/Maksimalistas-Kopija-150x42.png 150w, https:\/\/www.kostkos.vilniausr.lm.lt\/wp-content\/uploads\/2014\/02\/Maksimalistas-Kopija.png 213w\" sizes=\"(max-width: 150px) 100vw, 150px\" \/><\/a>\u00a0 Projektas <a href=\"https:\/\/www.kostkos.vilniausr.lm.lt\/wp-content\/uploads\/2014\/02\/7.pdf\">&#8222;Maximalistas&#8221;.<\/a><\/p>\n<p><a href=\"https:\/\/www.kostkos.vilniausr.lm.lt\/wp-content\/uploads\/2014\/02\/Emokykla-Kopija.png\"><img loading=\"lazy\" decoding=\"async\" class=\"alignnone size-thumbnail wp-image-2405\" src=\"https:\/\/www.kostkos.vilniausr.lm.lt\/wp-content\/uploads\/2014\/02\/Emokykla-Kopija-150x50.png\" alt=\"Emokykla \" width=\"150\" height=\"50\" srcset=\"https:\/\/www.kostkos.vilniausr.lm.lt\/wp-content\/uploads\/2014\/02\/Emokykla-Kopija-150x50.png 150w, https:\/\/www.kostkos.vilniausr.lm.lt\/wp-content\/uploads\/2014\/02\/Emokykla-Kopija.png 218w\" sizes=\"(max-width: 150px) 100vw, 150px\" \/><\/a>\u00a0 Projektas <a href=\"https:\/\/www.kostkos.vilniausr.lm.lt\/wp-content\/uploads\/2014\/02\/3.pdf\">&#8222;Emokykla&#8221;.<\/a><\/p>\n<p><a href=\"https:\/\/www.kostkos.vilniausr.lm.lt\/wp-content\/uploads\/2014\/02\/Erasmus-Kopija.png\"><img loading=\"lazy\" decoding=\"async\" class=\"alignnone size-thumbnail wp-image-2406\" src=\"https:\/\/www.kostkos.vilniausr.lm.lt\/wp-content\/uploads\/2014\/02\/Erasmus-Kopija-150x59.png\" alt=\"Erasmus \" width=\"150\" height=\"59\" srcset=\"https:\/\/www.kostkos.vilniausr.lm.lt\/wp-content\/uploads\/2014\/02\/Erasmus-Kopija-150x59.png 150w, https:\/\/www.kostkos.vilniausr.lm.lt\/wp-content\/uploads\/2014\/02\/Erasmus-Kopija.png 152w\" sizes=\"(max-width: 150px) 100vw, 150px\" \/><\/a>\u00a0 Projektas <a href=\"https:\/\/www.kostkos.vilniausr.lm.lt\/wp-content\/uploads\/2014\/02\/6.pdf\">&#8222;Erasmus&#8221;<\/a>.<\/p>\n<p><a href=\"https:\/\/www.kostkos.vilniausr.lm.lt\/wp-content\/uploads\/2014\/02\/Sveikatiada-Kopija.png\"><img loading=\"lazy\" decoding=\"async\" class=\"alignnone size-full wp-image-2410\" src=\"https:\/\/www.kostkos.vilniausr.lm.lt\/wp-content\/uploads\/2014\/02\/Sveikatiada-Kopija.png\" alt=\"Sveikatiada\" width=\"91\" height=\"90\" \/><\/a>\u00a0\u00a0 Projektas <a href=\"https:\/\/www.kostkos.vilniausr.lm.lt\/wp-content\/uploads\/2014\/02\/4.pdf\">&#8222;Sveikatiada&#8221;.<\/a><\/p>\n","protected":false},"excerpt":{"rendered":"<p>\u00a0\u00a0 Projektas &#8222;Vaisiai mokykloms&#8221;. \u00a0 Projektas &#8222;Pienas vaikams&#8221;. \u00a0 Projektas &#8222;SOS vaik\u0173 kaimai&#8221;. \u00a0 Projektas &#8222;Maximalistas&#8221;. \u00a0 Projektas &#8222;Emokykla&#8221;. \u00a0 Projektas &#8222;Erasmus&#8221;. \u00a0\u00a0 Projektas &#8222;Sveikatiada&#8221;.<\/p>\n","protected":false},"author":1,"featured_media":0,"parent":3049,"menu_order":5,"comment_status":"closed","ping_status":"closed","template":"","meta":{"ngg_post_thumbnail":0,"footnotes":"","_links_to":"","_links_to_target":""},"_links":{"self":[{"href":"https:\/\/www.kostkos.vilniausr.lm.lt\/index.php?rest_route=\/wp\/v2\/pages\/3063"}],"collection":[{"href":"https:\/\/www.kostkos.vilniausr.lm.lt\/index.php?rest_route=\/wp\/v2\/pages"}],"about":[{"href":"https:\/\/www.kostkos.vilniausr.lm.lt\/index.php?rest_route=\/wp\/v2\/types\/page"}],"author":[{"embeddable":true,"href":"https:\/\/www.kostkos.vilniausr.lm.lt\/index.php?rest_route=\/wp\/v2\/users\/1"}],"replies":[{"embeddable":true,"href":"https:\/\/www.kostkos.vilniausr.lm.lt\/index.php?rest_route=%2Fwp%2Fv2%2Fcomments&post=3063"}],"version-history":[{"count":2,"href":"https:\/\/www.kostkos.vilniausr.lm.lt\/index.php?rest_route=\/wp\/v2\/pages\/3063\/revisions"}],"predecessor-version":[{"id":3803,"href":"https:\/\/www.kostkos.vilniausr.lm.lt\/index.php?rest_route=\/wp\/v2\/pages\/3063\/revisions\/3803"}],"up":[{"embeddable":true,"href":"https:\/\/www.kostkos.vilniausr.lm.lt\/index.php?rest_route=\/wp\/v2\/pages\/3049"}],"wp:attachment":[{"href":"https:\/\/www.kostkos.vilniausr.lm.lt\/index.php?rest_route=%2Fwp%2Fv2%2Fmedia&parent=3063"}],"curies":[{"name":"wp","href":"https:\/\/api.w.org\/{rel}","templated":true}]}}