{"id":3065,"date":"2014-02-04T21:22:33","date_gmt":"2014-02-04T19:22:33","guid":{"rendered":"https:\/\/www.kostkos.vilniausr.lm.lt\/?page_id=3065"},"modified":"2024-01-23T14:14:53","modified_gmt":"2024-01-23T12:14:53","slug":"ugdymas-karjerai","status":"publish","type":"page","link":"https:\/\/www.kostkos.vilniausr.lm.lt\/?page_id=3065&lang=pl","title":{"rendered":"Ugdymas karjerai"},"content":{"rendered":"<p>Profesinio orientavimo paskirtis \u2013 teikiant ugdymo karjerai, profesinio informavimo ir profesinio konsultavimo paslaugas pad\u0117ti asmeniui rinktis jam tinkamas \u0161vietimo ir u\u017eimtumo galimybes, sudaryti s\u0105lygas \u012fgyti karjeros kompetencij\u0173 ir aktyviai kurti savo karjer\u0105.<\/p>\n<p>Karjeros specialistas gimnazijoje mokiniams teikia profesinio informavimo ir konsultavimo, ugdymo karjerai paslaugas.<\/p>\n<p>Vilniaus r. Paber\u017e\u0117s \u0161v. Stanislavo Kostkos gimnazijos profesinio orientavimo (ugdymo karjerai) vykdymo tvarkos apra\u0161as (<strong>pridedama<\/strong>)<\/p>\n<p>Mokini\u0173 ugdymo karjerai informacin\u0117 svetain\u0117&nbsp;<strong><a href=\"http:\/\/www.mukis.lt\/lt\/pradzia.html\" target=\"_blank\" rel=\"noopener\">http:\/\/www.mukis.lt\/lt\/pradzia.html<\/a><\/strong><\/p>\n<p>Orientavimas karjerai&nbsp;<strong><a href=\"http:\/\/www.euroguidance.lt\/\" target=\"_blank\" rel=\"noopener\">http:\/\/www.euroguidance.lt<\/a><\/strong><\/p>\n<p><strong>Informacija stojantiesiems<\/strong><\/p>\n<p>Konkursinio balo skai\u010diuokl\u0117&nbsp;<strong><a href=\"https:\/\/lamabpo.lt\/pirmosios-pakopos-ir-vientisosios-studijos\/konkursinio-balo-skaiciuokle\/\" target=\"_blank\" rel=\"noopener\">https:\/\/lamabpo.lt\/pirmosios-pakopos-ir-vientisosios-studijos\/konkursinio-balo-skaiciuokle\/<\/a><\/strong><\/p>\n<p>Bendrasis pri\u0117mimas \u012f Lietuvos auk\u0161t\u0105sias mokyklas ir profesinio mokymo \u012fstaigas (LAMA BPO)&nbsp;<strong><a href=\"https:\/\/bakalauras.lamabpo.lt\/\" target=\"_blank\" rel=\"noopener\">https:\/\/bakalauras.lamabpo.lt<\/a><\/strong><\/p>\n<p>Studij\u0173 programos (AIKOS) &nbsp;<strong><a href=\"https:\/\/www.aikos.smm.lt\/studijuoti\/SitePages\/Noriu%20studijuoti.aspx?ss=b4284c3d-73c7-4fc8-8fc4-c9bb8d03317e\" target=\"_blank\" rel=\"noopener\">https:\/\/www.aikos.smm.lt\/studijuoti\/SitePages\/Noriu%20studijuoti.aspx?ss=b4284c3d-73c7-4fc8-8fc4-c9bb8d03317e<\/a><\/strong><\/p>\n<p>Valstybinis studij\u0173 fondas&nbsp;<strong><a href=\"https:\/\/vsf.lrv.lt\/\" target=\"_blank\" rel=\"noopener\">https:\/\/vsf.lrv.lt<\/a><\/strong><\/p>\n<p>Studij\u0173 kokyb\u0117s vertinimo centras&nbsp;<strong><a href=\"https:\/\/www.skvc.lt\/\" target=\"_blank\" rel=\"noopener\">https:\/\/www.skvc.lt<\/a><\/strong><\/p>\n<p><strong>Studijos u\u017esienyje<\/strong><\/p>\n<p><strong><a href=\"https:\/\/www.kastu.lt\/\" target=\"_blank\" rel=\"noopener\">https:\/\/www.kastu.lt<\/a><\/strong><\/p>\n<p><strong><a href=\"https:\/\/kalba.lt\/\" target=\"_blank\" rel=\"noopener\">https:\/\/kalba.lt<\/a><\/strong><\/p>\n<p><strong><a href=\"https:\/\/europa.eu\/europass\/select-language?destination=\/node\/1\" target=\"_blank\" rel=\"noopener\">https:\/\/europa.eu\/europass\/select-language?destination=\/node\/1<\/a><\/strong><\/p>\n<p><strong>Darbo paie\u0161ka<\/strong><\/p>\n<p>U\u017eimtumo tarnyba \u2013 Jaunimui&nbsp;<strong><a href=\"https:\/\/uzt.lt\/jaunimui\/17\" target=\"_blank\" rel=\"noopener\">https:\/\/uzt.lt\/jaunimui\/17<\/a><\/strong><\/p>\n<p>Regioninis karjeros centras Karjeras&nbsp;<strong><a href=\"https:\/\/karjerastau.lt\/youth\" target=\"_blank\" rel=\"noopener\">https:\/\/karjerastau.lt\/youth<\/a><\/strong><\/p>\n<p>Karjeros valdymo informacin\u0117 sistema&nbsp;<strong><a href=\"https:\/\/karjera.lt\/\" target=\"_blank\" rel=\"noopener\">https:\/\/karjera.lt<\/a><\/strong><\/p>\n<p>Lietuvos karjeros portalas&nbsp;<strong><a href=\"http:\/\/www.cv.lt\/\" target=\"_blank\" rel=\"noopener\">http:\/\/www.cv.lt<\/a><\/strong><\/p>\n<p>Darbo skelbimai&nbsp;<strong><a href=\"https:\/\/www.cvmarket.lt\/\" target=\"_blank\" rel=\"noopener\">https:\/\/www.cvmarket.lt<\/a><\/strong><\/p>\n<p>Mobilumo portalas EURES&nbsp;<strong><a href=\"https:\/\/eures.uzt.lt\/\" target=\"_blank\" rel=\"noopener\">https:\/\/eures.uzt.lt<\/a><\/strong><\/p>\n<p>Gyvenimo apra\u0161ymo rengimas (Europass)&nbsp;<strong><a href=\"http:\/\/www.europass.lt\/cv\" target=\"_blank\" rel=\"noopener\">http:\/\/www.europass.lt\/cv<\/a><\/strong><\/p>\n","protected":false},"excerpt":{"rendered":"<p>Profesinio orientavimo paskirtis \u2013 teikiant ugdymo karjerai, profesinio informavimo ir profesinio konsultavimo paslaugas pad\u0117ti asmeniui rinktis jam tinkamas \u0161vietimo ir u\u017eimtumo galimybes, sudaryti s\u0105lygas \u012fgyti karjeros kompetencij\u0173 ir aktyviai kurti savo karjer\u0105. Karjeros specialistas gimnazijoje mokiniams teikia profesinio informavimo ir &hellip; <a href=\"https:\/\/www.kostkos.vilniausr.lm.lt\/?page_id=3065&#038;lang=pl\">Continue reading <span class=\"meta-nav\">&rarr;<\/span><\/a><\/p>\n","protected":false},"author":1,"featured_media":0,"parent":3049,"menu_order":15,"comment_status":"closed","ping_status":"closed","template":"","meta":{"ngg_post_thumbnail":0,"footnotes":"","_links_to":"","_links_to_target":""},"_links":{"self":[{"href":"https:\/\/www.kostkos.vilniausr.lm.lt\/index.php?rest_route=\/wp\/v2\/pages\/3065"}],"collection":[{"href":"https:\/\/www.kostkos.vilniausr.lm.lt\/index.php?rest_route=\/wp\/v2\/pages"}],"about":[{"href":"https:\/\/www.kostkos.vilniausr.lm.lt\/index.php?rest_route=\/wp\/v2\/types\/page"}],"author":[{"embeddable":true,"href":"https:\/\/www.kostkos.vilniausr.lm.lt\/index.php?rest_route=\/wp\/v2\/users\/1"}],"replies":[{"embeddable":true,"href":"https:\/\/www.kostkos.vilniausr.lm.lt\/index.php?rest_route=%2Fwp%2Fv2%2Fcomments&post=3065"}],"version-history":[{"count":9,"href":"https:\/\/www.kostkos.vilniausr.lm.lt\/index.php?rest_route=\/wp\/v2\/pages\/3065\/revisions"}],"predecessor-version":[{"id":10213,"href":"https:\/\/www.kostkos.vilniausr.lm.lt\/index.php?rest_route=\/wp\/v2\/pages\/3065\/revisions\/10213"}],"up":[{"embeddable":true,"href":"https:\/\/www.kostkos.vilniausr.lm.lt\/index.php?rest_route=\/wp\/v2\/pages\/3049"}],"wp:attachment":[{"href":"https:\/\/www.kostkos.vilniausr.lm.lt\/index.php?rest_route=%2Fwp%2Fv2%2Fmedia&parent=3065"}],"curies":[{"name":"wp","href":"https:\/\/api.w.org\/{rel}","templated":true}]}}