{"id":3085,"date":"2014-10-14T18:56:43","date_gmt":"2014-10-14T16:56:43","guid":{"rendered":"https:\/\/www.kostkos.vilniausr.lm.lt\/?page_id=3085"},"modified":"2015-11-05T22:11:03","modified_gmt":"2015-11-05T20:11:03","slug":"uczeszczanie","status":"publish","type":"page","link":"https:\/\/www.kostkos.vilniausr.lm.lt\/?page_id=3085&lang=pl","title":{"rendered":"Ucz\u0119szczanie"},"content":{"rendered":"<p><b>Pamok\u0173 lankomumo apskaita ir mokyklos nelankymo prevencija<\/b><\/p>\n<ul>\n<li style=\"text-align: justify;\">Mokinys \u2013 atsakingas u\u017e dokument\u0173, pateisinan\u010di\u0173 praleistas pamokas pateikim\u0105 klas\u0117s aukl\u0117tojui.<\/li>\n<li style=\"text-align: justify;\">Dalyko mokytojai \u2013 atsakingi u\u017e mokomojo dalyko pamok\u0173 lankomumo \u017eym\u0117jim\u0105 ir apskait\u0105.<\/li>\n<li style=\"text-align: justify;\">Klas\u0117s aukl\u0117tojai \u2013 atsakingi u\u017e bendr\u0105 klas\u0117s mokini\u0173 pamok\u0173 lankomumo apskait\u0105 ir t\u0117v\u0173 informavim\u0105 apie jos rezultatus. Imasi atitinkam\u0173 priemoni\u0173 spr\u0119sti aukl\u0117tini\u0173 mokyklos lankomumo problemas.<\/li>\n<li style=\"text-align: justify;\">Socialin\u0117 pedagog\u0117 \u2013 palaikydama ry\u0161ius su mokyklos administracija ir kitomis institucijomis ai\u0161kinasi, vertina ir sprend\u017eia nelankan\u010di\u0173 mokyklos mokini\u0173 tokio elgesio prie\u017eastis, individualiai dirba su socialini\u0173 problem\u0173 turin\u010diu mokiniu, jo \u0161eima.<\/li>\n<li style=\"text-align: justify;\">Direktor\u0117s pavaduotoja ugdymui \u2013 analizuoja klasi\u0173 aukl\u0117toj\u0173, socialin\u0117s pedagog\u0117s pateikt\u0105 informacij\u0105, teikia si\u016blymus direktorei bei mokytoj\u0173 ir mokini\u0173 tarybai, palaiko ry\u0161ius su savivaldyb\u0117s \u0161vietimo ir ugdymo skyriumi ir kitomis institucijomis.<\/li>\n<li style=\"text-align: justify;\">Direktor\u0117 \u2013 vertina pateikt\u0105 informacij\u0105 ir si\u016blymus, teikia pra\u0161ymus, informacij\u0105 savivaldyb\u0117s institucij\u0173 tarnautojams ir \u012fsp\u0117ja mokyklos nelankant\u012f mokin\u012f (direktoriaus \u012fsakymu).<\/li>\n<\/ul>\n<p><b>Lankomumo apskaita:<\/b><\/p>\n<ul>\n<li style=\"text-align: justify;\">Pamok\u0173 lankomumas fiksuojamas klasi\u0173 dienynuose ir klas\u0117s lankomumo s\u0105siuviniuose. Praleistos pamokos \u017eymimos raide \u201en\u201c, pav\u0117lavus \u201ep\u201c.<\/li>\n<li style=\"text-align: justify;\">Praleistos pamokos klasifikuojamos: d\u0117l ligos, d\u0117l \u0161eimynini\u0173 prie\u017eas\u010di\u0173, d\u0117l dalyvavimo renginiuose.<\/li>\n<li style=\"text-align: justify;\">Jeigu mokinys pamok\u0173 metu dalyvauja miesto, respublikos renginiuose, pateisinan\u010diu dokumentu laikomas direktoriaus \u012fsakymas d\u0117l mokinio atleidimo nuo pamok\u0173, kuris i\u0161kabinamas mokytoj\u0173 kambaryje.<\/li>\n<li style=\"text-align: justify;\">Jeigu mokinys praleido 1-2-3 dienas d\u0117l \u0161eimynini\u0173 prie\u017eas\u010di\u0173, pateisinan\u010diu dokumentu laikomas t\u0117v\u0173 pasiai\u0161kinimo ra\u0161telis klas\u0117s aukl\u0117tojo vardu.<\/li>\n<li style=\"text-align: justify;\">Jeigu mokinys praleido daugiau negu 3 dienas d\u0117l sveikatos b\u016bkl\u0117s, pateisinan\u010diu dokumentu laikoma gydytojo pa\u017eyma.<\/li>\n<li style=\"text-align: justify;\">Gydytoj\u0173 pa\u017eymas klas\u0117s aukl\u0117tojas deda \u012f lankomumo kontrol\u0117s aplank\u0105, i\u0161 kurio pa\u017eymas pasiima sveikatos prie\u017ei\u016bros specialiste ir saugo iki mokslo met\u0173 pabaigos.<\/li>\n<li style=\"text-align: justify;\">Kitus pateisinan\u010dius dokumentus klas\u0117s aukl\u0117tojas saugo klas\u0117s dienyne iki mokslo met\u0173 pabaigos.<\/li>\n<\/ul>\n<p><strong>\u00a0Lankomumo prevencijos priemon\u0117s:<\/strong><\/p>\n<ul>\n<li style=\"text-align: justify;\">Apie mokinio praleistas pamokas be pateisinamos prie\u017easties klas\u0117s aukl\u0117tojas informuoja t\u0117vus (telefonu) t\u0105 pa\u010di\u0105 dien\u0105, kai gauna \u0161i\u0105 informacij\u0105 i\u0161 dalyk\u0173 mokytoj\u0173.<\/li>\n<li style=\"text-align: justify;\">Organizuojamas Prevencinio darbo grup\u0117s pos\u0117dis, kuriame dalyvauja mokinys ir klas\u0117s aukl\u0117tojas \u2013 aptariamos mokyklos nelankymo prie\u017eastys ir lankomumo perspektyvos.<\/li>\n<li style=\"text-align: justify;\">Organizuojamas pos\u0117dis, kuriame dalyvauja mokinys su t\u0117vais, klas\u0117s aukl\u0117tojas.<\/li>\n<li style=\"text-align: justify;\">Mokinys, du kartus per mokslo metus svarstytas pos\u0117dyje, rekomenduojamas policijos komisariato nepilname\u010di\u0173 inspekcijai d\u0117l administracin\u0117s nuobaudos t\u0117vams skyrimo.<\/li>\n<\/ul>\n<p>&nbsp;<\/p>\n<p>&nbsp;<\/p>\n","protected":false},"excerpt":{"rendered":"<p>Pamok\u0173 lankomumo apskaita ir mokyklos nelankymo prevencija Mokinys \u2013 atsakingas u\u017e dokument\u0173, pateisinan\u010di\u0173 praleistas pamokas pateikim\u0105 klas\u0117s aukl\u0117tojui. Dalyko mokytojai \u2013 atsakingi u\u017e mokomojo dalyko pamok\u0173 lankomumo \u017eym\u0117jim\u0105 ir apskait\u0105. Klas\u0117s aukl\u0117tojai \u2013 atsakingi u\u017e bendr\u0105 klas\u0117s mokini\u0173 pamok\u0173 lankomumo &hellip; <a href=\"https:\/\/www.kostkos.vilniausr.lm.lt\/?page_id=3085&#038;lang=pl\">Continue reading <span class=\"meta-nav\">&rarr;<\/span><\/a><\/p>\n","protected":false},"author":1,"featured_media":0,"parent":3081,"menu_order":2,"comment_status":"closed","ping_status":"closed","template":"","meta":{"ngg_post_thumbnail":0,"footnotes":"","_links_to":"","_links_to_target":""},"_links":{"self":[{"href":"https:\/\/www.kostkos.vilniausr.lm.lt\/index.php?rest_route=\/wp\/v2\/pages\/3085"}],"collection":[{"href":"https:\/\/www.kostkos.vilniausr.lm.lt\/index.php?rest_route=\/wp\/v2\/pages"}],"about":[{"href":"https:\/\/www.kostkos.vilniausr.lm.lt\/index.php?rest_route=\/wp\/v2\/types\/page"}],"author":[{"embeddable":true,"href":"https:\/\/www.kostkos.vilniausr.lm.lt\/index.php?rest_route=\/wp\/v2\/users\/1"}],"replies":[{"embeddable":true,"href":"https:\/\/www.kostkos.vilniausr.lm.lt\/index.php?rest_route=%2Fwp%2Fv2%2Fcomments&post=3085"}],"version-history":[{"count":3,"href":"https:\/\/www.kostkos.vilniausr.lm.lt\/index.php?rest_route=\/wp\/v2\/pages\/3085\/revisions"}],"predecessor-version":[{"id":3813,"href":"https:\/\/www.kostkos.vilniausr.lm.lt\/index.php?rest_route=\/wp\/v2\/pages\/3085\/revisions\/3813"}],"up":[{"embeddable":true,"href":"https:\/\/www.kostkos.vilniausr.lm.lt\/index.php?rest_route=\/wp\/v2\/pages\/3081"}],"wp:attachment":[{"href":"https:\/\/www.kostkos.vilniausr.lm.lt\/index.php?rest_route=%2Fwp%2Fv2%2Fmedia&parent=3085"}],"curies":[{"name":"wp","href":"https:\/\/api.w.org\/{rel}","templated":true}]}}