{"id":3087,"date":"2014-10-14T18:58:17","date_gmt":"2014-10-14T16:58:17","guid":{"rendered":"https:\/\/www.kostkos.vilniausr.lm.lt\/?page_id=3087"},"modified":"2015-11-05T22:12:54","modified_gmt":"2015-11-05T20:12:54","slug":"rozklad-lekcji","status":"publish","type":"page","link":"https:\/\/www.kostkos.vilniausr.lm.lt\/?page_id=3087&lang=pl","title":{"rendered":"Rozk\u0142ad lekcji"},"content":{"rendered":"<p align=\"center\"><b>Rozk\u0142ady lekcji<\/b><\/p>\n<p>Rozk\u0142ad lekcji klas pocz\u0105tkowych\u00a0<a href=\"https:\/\/www.kostkos.vilniausr.lm.lt\/wp-content\/uploads\/2014\/02\/tvarkarastis1.pdf\"><img loading=\"lazy\" decoding=\"async\" class=\"alignnone  wp-image-2113\" src=\"https:\/\/www.kostkos.vilniausr.lm.lt\/wp-content\/uploads\/2014\/02\/pdf.png\" alt=\"pdf\" width=\"25\" height=\"25\" \/><\/a><\/p>\n<p>Rozk\u0142ad lekcji 5-8 ir IG-IVG klas\u00a0<a href=\"https:\/\/www.kostkos.vilniausr.lm.lt\/wp-content\/uploads\/2014\/02\/Pradini_-kl.-tvarkaraatis-2015.pdf\"><img loading=\"lazy\" decoding=\"async\" src=\"https:\/\/www.kostkos.vilniausr.lm.lt\/wp-content\/uploads\/2014\/02\/pdf.png\" alt=\"pdf\" width=\"25\" height=\"25\" \/><\/a><\/p>\n<p>&nbsp;<\/p>\n","protected":false},"excerpt":{"rendered":"<p>Rozk\u0142ady lekcji Rozk\u0142ad lekcji klas pocz\u0105tkowych\u00a0 Rozk\u0142ad lekcji 5-8 ir IG-IVG klas\u00a0 &nbsp;<\/p>\n","protected":false},"author":1,"featured_media":0,"parent":3081,"menu_order":3,"comment_status":"closed","ping_status":"closed","template":"","meta":{"ngg_post_thumbnail":0,"footnotes":"","_links_to":"","_links_to_target":""},"_links":{"self":[{"href":"https:\/\/www.kostkos.vilniausr.lm.lt\/index.php?rest_route=\/wp\/v2\/pages\/3087"}],"collection":[{"href":"https:\/\/www.kostkos.vilniausr.lm.lt\/index.php?rest_route=\/wp\/v2\/pages"}],"about":[{"href":"https:\/\/www.kostkos.vilniausr.lm.lt\/index.php?rest_route=\/wp\/v2\/types\/page"}],"author":[{"embeddable":true,"href":"https:\/\/www.kostkos.vilniausr.lm.lt\/index.php?rest_route=\/wp\/v2\/users\/1"}],"replies":[{"embeddable":true,"href":"https:\/\/www.kostkos.vilniausr.lm.lt\/index.php?rest_route=%2Fwp%2Fv2%2Fcomments&post=3087"}],"version-history":[{"count":3,"href":"https:\/\/www.kostkos.vilniausr.lm.lt\/index.php?rest_route=\/wp\/v2\/pages\/3087\/revisions"}],"predecessor-version":[{"id":3815,"href":"https:\/\/www.kostkos.vilniausr.lm.lt\/index.php?rest_route=\/wp\/v2\/pages\/3087\/revisions\/3815"}],"up":[{"embeddable":true,"href":"https:\/\/www.kostkos.vilniausr.lm.lt\/index.php?rest_route=\/wp\/v2\/pages\/3081"}],"wp:attachment":[{"href":"https:\/\/www.kostkos.vilniausr.lm.lt\/index.php?rest_route=%2Fwp%2Fv2%2Fmedia&parent=3087"}],"curies":[{"name":"wp","href":"https:\/\/api.w.org\/{rel}","templated":true}]}}