{"id":3089,"date":"2014-10-14T19:06:13","date_gmt":"2014-10-14T17:06:13","guid":{"rendered":"https:\/\/www.kostkos.vilniausr.lm.lt\/?page_id=3089"},"modified":"2015-11-05T22:13:46","modified_gmt":"2015-11-05T20:13:46","slug":"egzaminy-i-sprawdziany-wiedzy","status":"publish","type":"page","link":"https:\/\/www.kostkos.vilniausr.lm.lt\/?page_id=3089&lang=pl","title":{"rendered":"Egzaminy i sprawdziany wiedzy"},"content":{"rendered":"<p>Kalb\u0173 \u012fskait\u0173 tvarkara\u0161tis <img loading=\"lazy\" decoding=\"async\" class=\"wp-image-2113 alignnone\" src=\"https:\/\/www.kostkos.vilniausr.lm.lt\/wp-content\/uploads\/2014\/02\/pdf.png\" alt=\"pdf\" width=\"20\" height=\"20\" \/><\/p>\n<p>Mokykliniai brandos egzaminai (Lenk\u0173 (gimtoji) kalba (I dalis)) <img loading=\"lazy\" decoding=\"async\" src=\"https:\/\/www.kostkos.vilniausr.lm.lt\/wp-content\/uploads\/2014\/02\/pdf.png\" alt=\"pdf\" width=\"20\" height=\"20\" \/><\/p>\n<p>PUPP (dalis \u017eod\u017eiu) tvarkara\u0161tis<b>\u00a0 <\/b><img loading=\"lazy\" decoding=\"async\" src=\"https:\/\/www.kostkos.vilniausr.lm.lt\/wp-content\/uploads\/2014\/02\/pdf.png\" alt=\"pdf\" width=\"20\" height=\"20\" \/><\/p>\n<p>PUPP grafikas <img loading=\"lazy\" decoding=\"async\" src=\"https:\/\/www.kostkos.vilniausr.lm.lt\/wp-content\/uploads\/2014\/02\/pdf.png\" alt=\"pdf\" width=\"20\" height=\"20\" \/><\/p>\n<p>Brandos egzamin\u0173 tvarkara\u0161tis <img loading=\"lazy\" decoding=\"async\" src=\"https:\/\/www.kostkos.vilniausr.lm.lt\/wp-content\/uploads\/2014\/02\/pdf.png\" alt=\"pdf\" width=\"20\" height=\"20\" \/><\/p>\n<p>Mokykliniai brandos egzaminai (Lenk\u0173 (gimtoji) kalba (II ir III dalys)) <img loading=\"lazy\" decoding=\"async\" src=\"https:\/\/www.kostkos.vilniausr.lm.lt\/wp-content\/uploads\/2014\/02\/pdf.png\" alt=\"pdf\" width=\"20\" height=\"20\" \/><\/p>\n<p>&nbsp;<\/p>\n<p>&nbsp;<\/p>\n<p>&nbsp;<\/p>\n<p>&nbsp;<\/p>\n<div id=\"instair_launcher\" class=\"instair_launcher\" style=\"display: none;\"><\/div>\n<div id=\"instairbox\" class=\"instairbox\" style=\"display: none;\">\n<div class=\"instair\">\n<div class=\"instair_menu\"><\/div>\n<div class=\"instair_cont\">\n<div class=\"instair_cont_output\" style=\"display: none;\">\n<div class=\"instair_cont_title\">Google Search<\/div>\n<div id=\"instair_cont_gsearch\" class=\"instair_cont_content\"><\/div>\n<div class=\"instair_cont_more\"><\/div>\n<\/div>\n<div class=\"instair_cont_output\" style=\"display: none;\">\n<div class=\"instair_cont_title\">Google Translate<\/div>\n<div id=\"instair_cont_gtranslate\" class=\"instair_cont_content\"><\/div>\n<div class=\"instair_cont_more\"><\/div>\n<\/div>\n<div class=\"instair_cont_output\" style=\"display: none;\">\n<div class=\"instair_cont_title\">Wikipedia<\/div>\n<div id=\"instair_cont_wikipedia\" class=\"instair_cont_content\"><\/div>\n<div class=\"instair_cont_more\"><\/div>\n<\/div>\n<div class=\"instair_cont_output\" style=\"display: none;\">\n<div class=\"instair_cont_title\">Search YouTube<\/div>\n<div id=\"instair_cont_youtube\" class=\"instair_cont_content\"><\/div>\n<div class=\"instair_cont_more\"><\/div>\n<\/div>\n<div class=\"instair_cont_output\" style=\"display: none;\">\n<div class=\"instair_cont_title\">Search Amazon<\/div>\n<div id=\"instair_cont_amazon\" class=\"instair_cont_content\"><\/div>\n<div class=\"instair_cont_more\"><\/div>\n<\/div>\n<div class=\"instair_cont_output\" style=\"display: none;\">\n<div class=\"instair_cont_title\">Share<\/div>\n<div id=\"instair_cont_share\" class=\"instair_cont_content\">\n<div class=\"sharetextarea\"><\/div>\n<div class=\"instair_share\">\n<h5>Share:<\/h5>\n<p><a class=\"instair_share_googleplus\" title=\"Share on Google+\"><span class=\"atname\">Google+<\/span><\/a> <a class=\"instair_share_facebook\" title=\"Share on Facebook\"><span class=\"atname\">Facebook<\/span><\/a> <a class=\"instair_share_twitter\" title=\"Share on Twitter\"><span class=\"atname\">Twitter<\/span><\/a> <a class=\"instair_share_linkedin\" title=\"Share on LinkedIn\"><span class=\"atname\">LinkedIn<\/span><\/a> <a class=\"instair_share_reddit\" title=\"Share on Reddit\"><span class=\"atname\">Reddit<\/span><\/a> <a class=\"instair_share_email\" title=\"Share with Email\"><span class=\"atname\">Email<\/span><\/a><\/p>\n<\/div>\n<\/div>\n<div class=\"instair_cont_more\"><\/div>\n<\/div>\n<div class=\"instair_link\"><\/div>\n<\/div>\n<\/div>\n<\/div>\n","protected":false},"excerpt":{"rendered":"<p>Kalb\u0173 \u012fskait\u0173 tvarkara\u0161tis Mokykliniai brandos egzaminai (Lenk\u0173 (gimtoji) kalba (I dalis)) PUPP (dalis \u017eod\u017eiu) tvarkara\u0161tis\u00a0 PUPP grafikas Brandos egzamin\u0173 tvarkara\u0161tis Mokykliniai brandos egzaminai (Lenk\u0173 (gimtoji) kalba (II ir III dalys)) &nbsp; &nbsp; &nbsp; &nbsp; Google Search Google Translate Wikipedia Search &hellip; <a href=\"https:\/\/www.kostkos.vilniausr.lm.lt\/?page_id=3089&#038;lang=pl\">Continue reading <span class=\"meta-nav\">&rarr;<\/span><\/a><\/p>\n","protected":false},"author":1,"featured_media":0,"parent":3081,"menu_order":4,"comment_status":"closed","ping_status":"closed","template":"","meta":{"ngg_post_thumbnail":0,"footnotes":"","_links_to":"","_links_to_target":""},"_links":{"self":[{"href":"https:\/\/www.kostkos.vilniausr.lm.lt\/index.php?rest_route=\/wp\/v2\/pages\/3089"}],"collection":[{"href":"https:\/\/www.kostkos.vilniausr.lm.lt\/index.php?rest_route=\/wp\/v2\/pages"}],"about":[{"href":"https:\/\/www.kostkos.vilniausr.lm.lt\/index.php?rest_route=\/wp\/v2\/types\/page"}],"author":[{"embeddable":true,"href":"https:\/\/www.kostkos.vilniausr.lm.lt\/index.php?rest_route=\/wp\/v2\/users\/1"}],"replies":[{"embeddable":true,"href":"https:\/\/www.kostkos.vilniausr.lm.lt\/index.php?rest_route=%2Fwp%2Fv2%2Fcomments&post=3089"}],"version-history":[{"count":2,"href":"https:\/\/www.kostkos.vilniausr.lm.lt\/index.php?rest_route=\/wp\/v2\/pages\/3089\/revisions"}],"predecessor-version":[{"id":3816,"href":"https:\/\/www.kostkos.vilniausr.lm.lt\/index.php?rest_route=\/wp\/v2\/pages\/3089\/revisions\/3816"}],"up":[{"embeddable":true,"href":"https:\/\/www.kostkos.vilniausr.lm.lt\/index.php?rest_route=\/wp\/v2\/pages\/3081"}],"wp:attachment":[{"href":"https:\/\/www.kostkos.vilniausr.lm.lt\/index.php?rest_route=%2Fwp%2Fv2%2Fmedia&parent=3089"}],"curies":[{"name":"wp","href":"https:\/\/api.w.org\/{rel}","templated":true}]}}