{"id":501,"date":"2011-11-12T11:02:25","date_gmt":"2011-11-12T09:02:25","guid":{"rendered":"https:\/\/www.kostkos.vilniausr.lm.lt\/?page_id=501"},"modified":"2025-05-21T09:03:11","modified_gmt":"2025-05-21T06:03:11","slug":"skyrius","status":"publish","type":"page","link":"https:\/\/www.kostkos.vilniausr.lm.lt\/?page_id=501","title":{"rendered":"Pikeli\u0161ki\u0173 pradinio ugdymo skyrius"},"content":{"rendered":"<p style=\"text-align: left;\" align=\"center\"><strong>VILNIAUS R. PABER\u017d\u0116S \u0160V. STANISLAVO KOSTKOS GIMNAZIJOS <\/strong><strong>PIKELI\u0160KI\u0172 PRADINIO UGDYMO SKYRIUS<\/strong><\/p>\n<p style=\"text-align: left;\" align=\"center\"><strong>Adresas: &nbsp;Pikeli\u0161ki\u0173 k., Rie\u0161\u0117s sen.,Vilniaus r. 15130<br \/>\nel. p. : <\/strong><span style=\"text-decoration: underline;\"><a href=\"mailto:pikeliskes@gmail.lt\">pikeliskes@gmail.com<\/a><br \/>\n<\/span><strong>Tel. +37052536290<\/strong><\/p>\n<p><strong>Vykdomos \u0161vietimo programos<\/strong> \u2013 ikimokyklinio ir prie\u0161mokyklinio ugdymo programos.<\/p>\n<p><strong>Mokymo kalba&nbsp;<\/strong>\u2013 lenk\u0173.<\/p>\n<p>Gimnazijos&nbsp; skyriuje valstybin\u0117s kalbos nemokantys asmenys gali b\u016bti aptarnaujami lenk\u0173, rus\u0173 kalbomis<\/p>\n<p align=\"center\"><strong><a href=\"https:\/\/www.kostkos.vilniausr.lm.lt\/wp-content\/uploads\/2011\/11\/pikeliskes.JPG\"><img loading=\"lazy\" decoding=\"async\" class=\"alignnone size-medium wp-image-502\" title=\"pikeliskes\" src=\"https:\/\/www.kostkos.vilniausr.lm.lt\/wp-content\/uploads\/2011\/11\/pikeliskes-300x224.jpg\" alt=\"pikeliskes\" width=\"300\" height=\"224\" srcset=\"https:\/\/www.kostkos.vilniausr.lm.lt\/wp-content\/uploads\/2011\/11\/pikeliskes-300x224.jpg 300w, https:\/\/www.kostkos.vilniausr.lm.lt\/wp-content\/uploads\/2011\/11\/pikeliskes-150x112.jpg 150w, https:\/\/www.kostkos.vilniausr.lm.lt\/wp-content\/uploads\/2011\/11\/pikeliskes.JPG 448w\" sizes=\"(max-width: 300px) 100vw, 300px\" \/><\/a><\/strong><\/p>\n<p>&nbsp;<\/p>\n","protected":false},"excerpt":{"rendered":"<p>VILNIAUS R. PABER\u017d\u0116S \u0160V. STANISLAVO KOSTKOS GIMNAZIJOS PIKELI\u0160KI\u0172 PRADINIO UGDYMO SKYRIUS Adresas: &nbsp;Pikeli\u0161ki\u0173 k., Rie\u0161\u0117s sen.,Vilniaus r. 15130 el. p. : pikeliskes@gmail.com Tel. +37052536290 Vykdomos \u0161vietimo programos \u2013 ikimokyklinio ir prie\u0161mokyklinio ugdymo programos. Mokymo kalba&nbsp;\u2013 lenk\u0173. Gimnazijos&nbsp; skyriuje valstybin\u0117s kalbos &hellip; <a href=\"https:\/\/www.kostkos.vilniausr.lm.lt\/?page_id=501\">Continue reading <span class=\"meta-nav\">&rarr;<\/span><\/a><\/p>\n","protected":false},"author":1,"featured_media":0,"parent":10085,"menu_order":1,"comment_status":"closed","ping_status":"closed","template":"","meta":{"ngg_post_thumbnail":0,"footnotes":"","_links_to":"","_links_to_target":""},"_links":{"self":[{"href":"https:\/\/www.kostkos.vilniausr.lm.lt\/index.php?rest_route=\/wp\/v2\/pages\/501"}],"collection":[{"href":"https:\/\/www.kostkos.vilniausr.lm.lt\/index.php?rest_route=\/wp\/v2\/pages"}],"about":[{"href":"https:\/\/www.kostkos.vilniausr.lm.lt\/index.php?rest_route=\/wp\/v2\/types\/page"}],"author":[{"embeddable":true,"href":"https:\/\/www.kostkos.vilniausr.lm.lt\/index.php?rest_route=\/wp\/v2\/users\/1"}],"replies":[{"embeddable":true,"href":"https:\/\/www.kostkos.vilniausr.lm.lt\/index.php?rest_route=%2Fwp%2Fv2%2Fcomments&post=501"}],"version-history":[{"count":31,"href":"https:\/\/www.kostkos.vilniausr.lm.lt\/index.php?rest_route=\/wp\/v2\/pages\/501\/revisions"}],"predecessor-version":[{"id":12154,"href":"https:\/\/www.kostkos.vilniausr.lm.lt\/index.php?rest_route=\/wp\/v2\/pages\/501\/revisions\/12154"}],"up":[{"embeddable":true,"href":"https:\/\/www.kostkos.vilniausr.lm.lt\/index.php?rest_route=\/wp\/v2\/pages\/10085"}],"wp:attachment":[{"href":"https:\/\/www.kostkos.vilniausr.lm.lt\/index.php?rest_route=%2Fwp%2Fv2%2Fmedia&parent=501"}],"curies":[{"name":"wp","href":"https:\/\/api.w.org\/{rel}","templated":true}]}}