{"id":7165,"date":"2019-02-11T21:22:16","date_gmt":"2019-02-11T19:22:16","guid":{"rendered":"https:\/\/www.kostkos.vilniausr.lm.lt\/?page_id=7165"},"modified":"2025-05-21T09:03:28","modified_gmt":"2025-05-21T06:03:28","slug":"kontaktai","status":"publish","type":"page","link":"https:\/\/www.kostkos.vilniausr.lm.lt\/?page_id=7165","title":{"rendered":"Visalauk\u0117s mokykla-daugiafunkcis centras"},"content":{"rendered":"<p>Vilniaus r. Paber\u017e\u0117s \u0161v. Stanislavo Kostkos gimnazijos skyrius<br \/>\nVisalauk\u0117s mokykla-daugiafunkcis centras<\/p>\n<p><strong>Adresas<\/strong>: \u0160viesos g. 9, Visalauk\u0117s I k., Paber\u017e\u0117s sen. LT-15101<\/p>\n<p>El. p.: <a href=\"mailto:visalaukesmokykla@yahoo.com\">visalaukesmokykla@yahoo.com<\/a><\/p>\n<p><strong>Facebook<\/strong> <strong>profilis<\/strong>: <u>Szko\u0142a- Wielofunkcyjne Centrum w Weso\u0142\u00f3wce, filia Gimnazjum \u015bw. S. Kostki<\/u><\/p>\n<p><strong>Tel<\/strong>. +37052505313<\/p>\n<p><strong>Vykdomos \u0161vietimo programos<\/strong> \u2013 ikimokyklinio ir&nbsp; prie\u0161mokyklinio ugdymo programos.<\/p>\n<p><strong>Mokymo kalba&nbsp;<\/strong>\u2013 lenk\u0173.<\/p>\n<p>Gimnazijos skyriuje valstybin\u0117s kalbos nemokantys asmenys gali b\u016bti aptarnaujami lenk\u0173, rus\u0173 kalbomis<\/p>\n","protected":false},"excerpt":{"rendered":"<p>Vilniaus r. Paber\u017e\u0117s \u0161v. Stanislavo Kostkos gimnazijos skyrius Visalauk\u0117s mokykla-daugiafunkcis centras Adresas: \u0160viesos g. 9, Visalauk\u0117s I k., Paber\u017e\u0117s sen. LT-15101 El. p.: visalaukesmokykla@yahoo.com Facebook profilis: Szko\u0142a- Wielofunkcyjne Centrum w Weso\u0142\u00f3wce, filia Gimnazjum \u015bw. S. Kostki Tel. +37052505313 Vykdomos \u0161vietimo &hellip; <a href=\"https:\/\/www.kostkos.vilniausr.lm.lt\/?page_id=7165\">Continue reading <span class=\"meta-nav\">&rarr;<\/span><\/a><\/p>\n","protected":false},"author":1,"featured_media":0,"parent":10085,"menu_order":2,"comment_status":"closed","ping_status":"closed","template":"","meta":{"ngg_post_thumbnail":0,"footnotes":"","_links_to":"","_links_to_target":""},"_links":{"self":[{"href":"https:\/\/www.kostkos.vilniausr.lm.lt\/index.php?rest_route=\/wp\/v2\/pages\/7165"}],"collection":[{"href":"https:\/\/www.kostkos.vilniausr.lm.lt\/index.php?rest_route=\/wp\/v2\/pages"}],"about":[{"href":"https:\/\/www.kostkos.vilniausr.lm.lt\/index.php?rest_route=\/wp\/v2\/types\/page"}],"author":[{"embeddable":true,"href":"https:\/\/www.kostkos.vilniausr.lm.lt\/index.php?rest_route=\/wp\/v2\/users\/1"}],"replies":[{"embeddable":true,"href":"https:\/\/www.kostkos.vilniausr.lm.lt\/index.php?rest_route=%2Fwp%2Fv2%2Fcomments&post=7165"}],"version-history":[{"count":4,"href":"https:\/\/www.kostkos.vilniausr.lm.lt\/index.php?rest_route=\/wp\/v2\/pages\/7165\/revisions"}],"predecessor-version":[{"id":12155,"href":"https:\/\/www.kostkos.vilniausr.lm.lt\/index.php?rest_route=\/wp\/v2\/pages\/7165\/revisions\/12155"}],"up":[{"embeddable":true,"href":"https:\/\/www.kostkos.vilniausr.lm.lt\/index.php?rest_route=\/wp\/v2\/pages\/10085"}],"wp:attachment":[{"href":"https:\/\/www.kostkos.vilniausr.lm.lt\/index.php?rest_route=%2Fwp%2Fv2%2Fmedia&parent=7165"}],"curies":[{"name":"wp","href":"https:\/\/api.w.org\/{rel}","templated":true}]}}