{"id":7172,"date":"2019-02-11T21:30:23","date_gmt":"2019-02-11T19:30:23","guid":{"rendered":"https:\/\/www.kostkos.vilniausr.lm.lt\/?page_id=7172"},"modified":"2019-02-11T21:30:23","modified_gmt":"2019-02-11T19:30:23","slug":"kontakty","status":"publish","type":"page","link":"https:\/\/www.kostkos.vilniausr.lm.lt\/?page_id=7172&lang=pl","title":{"rendered":"Kontakty"},"content":{"rendered":"<p>Vilniaus r. Paber\u017e\u0117s \u0161v. Stanislavo Kostkos gimnazijos skyrius<br \/>\nVisalauk\u0117s mokykla- daugiafunkcis centras<\/p>\n<p>Adresas: \u0160viesos g. 9, Visalauk\u0117s I k., Paber\u017e\u0117s sen. LT-15101<\/p>\n<p>El. p.: <a href=\"mailto:visalaukesmokykla@yahoo.com\">visalaukesmokykla@yahoo.com<\/a><\/p>\n<p>Facebook profilis: <u>Szko\u0142a- Wielofunkcyjne Centrum w Weso\u0142\u00f3wce, filia Gimnazjum \u015bw. S. Kostki<\/u><\/p>\n<p>Tel. (8-5)2505313<\/p>\n<p>Skyriaus ved\u0117ja: \u010ceslava \u0160ablinska<\/p>\n","protected":false},"excerpt":{"rendered":"<p>Vilniaus r. Paber\u017e\u0117s \u0161v. Stanislavo Kostkos gimnazijos skyrius Visalauk\u0117s mokykla- daugiafunkcis centras Adresas: \u0160viesos g. 9, Visalauk\u0117s I k., Paber\u017e\u0117s sen. LT-15101 El. p.: visalaukesmokykla@yahoo.com Facebook profilis: Szko\u0142a- Wielofunkcyjne Centrum w Weso\u0142\u00f3wce, filia Gimnazjum \u015bw. S. Kostki Tel. (8-5)2505313 Skyriaus &hellip; <a href=\"https:\/\/www.kostkos.vilniausr.lm.lt\/?page_id=7172&#038;lang=pl\">Continue reading <span class=\"meta-nav\">&rarr;<\/span><\/a><\/p>\n","protected":false},"author":1,"featured_media":0,"parent":7167,"menu_order":2,"comment_status":"closed","ping_status":"closed","template":"","meta":{"ngg_post_thumbnail":0,"footnotes":"","_links_to":"","_links_to_target":""},"_links":{"self":[{"href":"https:\/\/www.kostkos.vilniausr.lm.lt\/index.php?rest_route=\/wp\/v2\/pages\/7172"}],"collection":[{"href":"https:\/\/www.kostkos.vilniausr.lm.lt\/index.php?rest_route=\/wp\/v2\/pages"}],"about":[{"href":"https:\/\/www.kostkos.vilniausr.lm.lt\/index.php?rest_route=\/wp\/v2\/types\/page"}],"author":[{"embeddable":true,"href":"https:\/\/www.kostkos.vilniausr.lm.lt\/index.php?rest_route=\/wp\/v2\/users\/1"}],"replies":[{"embeddable":true,"href":"https:\/\/www.kostkos.vilniausr.lm.lt\/index.php?rest_route=%2Fwp%2Fv2%2Fcomments&post=7172"}],"version-history":[{"count":1,"href":"https:\/\/www.kostkos.vilniausr.lm.lt\/index.php?rest_route=\/wp\/v2\/pages\/7172\/revisions"}],"predecessor-version":[{"id":7173,"href":"https:\/\/www.kostkos.vilniausr.lm.lt\/index.php?rest_route=\/wp\/v2\/pages\/7172\/revisions\/7173"}],"up":[{"embeddable":true,"href":"https:\/\/www.kostkos.vilniausr.lm.lt\/index.php?rest_route=\/wp\/v2\/pages\/7167"}],"wp:attachment":[{"href":"https:\/\/www.kostkos.vilniausr.lm.lt\/index.php?rest_route=%2Fwp%2Fv2%2Fmedia&parent=7172"}],"curies":[{"name":"wp","href":"https:\/\/api.w.org\/{rel}","templated":true}]}}