{"id":8083,"date":"2020-10-16T19:38:16","date_gmt":"2020-10-16T17:38:16","guid":{"rendered":"https:\/\/www.kostkos.vilniausr.lm.lt\/?page_id=8083"},"modified":"2020-10-16T19:46:21","modified_gmt":"2020-10-16T17:46:21","slug":"puslapio-medis","status":"publish","type":"page","link":"https:\/\/www.kostkos.vilniausr.lm.lt\/?page_id=8083","title":{"rendered":"Puslapio medis"},"content":{"rendered":"\n\n<!-- Page-list plugin v.4.3 wordpress.org\/plugins\/page-list\/ -->\n<ul class=\"page-list \">\n<li class=\"page_item page-item-1813 page_item_has_children\"><a href=\"https:\/\/www.kostkos.vilniausr.lm.lt\/?page_id=1815#\">Strukt\u016bra ir kontaktin\u0117 informacija<\/a>\n<ul class='children'>\n\t<li class=\"page_item page-item-1815\"><a href=\"https:\/\/www.kostkos.vilniausr.lm.lt\/?page_id=1815\">Strukt\u016bra ir kontaktin\u0117 informacija<\/a><\/li>\n\t<li class=\"page_item page-item-10067\"><a href=\"https:\/\/www.kostkos.vilniausr.lm.lt\/?page_id=10067\">Gimnazijos valdymo strukt\u016bros schema<\/a><\/li>\n\t<li class=\"page_item page-item-11564\"><a href=\"https:\/\/www.kostkos.vilniausr.lm.lt\/?page_id=11564\">Administracija<\/a><\/li>\n\t<li class=\"page_item page-item-10069\"><a href=\"https:\/\/www.kostkos.vilniausr.lm.lt\/?page_id=10069\">Gimnazijos darbuotojai<\/a><\/li>\n\t<li class=\"page_item page-item-10071\"><a href=\"https:\/\/www.kostkos.vilniausr.lm.lt\/?page_id=10071\">Komisijos ir darbo grup\u0117s<\/a><\/li>\n\t<li class=\"page_item page-item-98\"><a href=\"https:\/\/www.kostkos.vilniausr.lm.lt\/?page_id=98\">Savivalda<\/a><\/li>\n\t<li class=\"page_item page-item-10085 page_item_has_children\"><a href=\"https:\/\/www.kostkos.vilniausr.lm.lt\/?page_id=501\">Gimnazijos skyriai<\/a>\n\t<ul class='children'>\n\t\t<li class=\"page_item page-item-501\"><a href=\"https:\/\/www.kostkos.vilniausr.lm.lt\/?page_id=501\">Pikeli\u0161ki\u0173 pradinio ugdymo skyrius<\/a><\/li>\n\t\t<li class=\"page_item page-item-7165\"><a href=\"https:\/\/www.kostkos.vilniausr.lm.lt\/?page_id=7165\">Visalauk\u0117s mokykla-daugiafunkcis centras<\/a><\/li>\n\t<\/ul>\n<\/li>\n\t<li class=\"page_item page-item-10099 page_item_has_children\"><a href=\"https:\/\/www.kostkos.vilniausr.lm.lt\/?page_id=21\">Apie mus<\/a>\n\t<ul class='children'>\n\t\t<li class=\"page_item page-item-21\"><a href=\"https:\/\/www.kostkos.vilniausr.lm.lt\/?page_id=21\">Vizija, misija, filosofija<\/a><\/li>\n\t\t<li class=\"page_item page-item-12\"><a href=\"https:\/\/www.kostkos.vilniausr.lm.lt\/?page_id=12\">Istorija<\/a><\/li>\n\t\t<li class=\"page_item page-item-2597\"><a href=\"https:\/\/www.kostkos.vilniausr.lm.lt\/?page_id=2597\">Mokyklos glob\u0117jas<\/a><\/li>\n\t\t<li class=\"page_item page-item-1473\"><a href=\"https:\/\/www.kostkos.vilniausr.lm.lt\/?page_id=1473\">Mokyklos laidos<\/a><\/li>\n\t\t<li class=\"page_item page-item-1513\"><a href=\"https:\/\/www.kostkos.vilniausr.lm.lt\/?page_id=1513\">Projektai<\/a><\/li>\n\t\t<li class=\"page_item page-item-1765\"><a href=\"https:\/\/www.kostkos.vilniausr.lm.lt\/?page_id=1765\">Gimnazijos uniforma<\/a><\/li>\n\t\t<li class=\"page_item page-item-10105 page_item_has_children\"><a href=\"https:\/\/www.kostkos.vilniausr.lm.lt\/?page_id=1577\">Pasiekimai<\/a>\n\t\t<ul class='children'>\n\t\t\t<li class=\"page_item page-item-1577\"><a href=\"https:\/\/www.kostkos.vilniausr.lm.lt\/?page_id=1577\">Akademiniai pasiekimai<\/a><\/li>\n\t\t\t<li class=\"page_item page-item-1579\"><a href=\"https:\/\/www.kostkos.vilniausr.lm.lt\/?page_id=1579\">Meniniai pasiekimai<\/a><\/li>\n\t\t\t<li class=\"page_item page-item-1581\"><a href=\"https:\/\/www.kostkos.vilniausr.lm.lt\/?page_id=1581\">Sporto pasiekimai<\/a><\/li>\n\t\t\t<li class=\"page_item page-item-1583\"><a href=\"https:\/\/www.kostkos.vilniausr.lm.lt\/?page_id=1583\">Pad\u0117kos mokytojams<\/a><\/li>\n\t\t<\/ul>\n<\/li>\n\t<\/ul>\n<\/li>\n\t<li class=\"page_item page-item-1497\"><a href=\"https:\/\/www.kostkos.vilniausr.lm.lt\/?page_id=1497\">Laisvos darbo vietos<\/a><\/li>\n<\/ul>\n<\/li>\n<li class=\"page_item page-item-8034 page_item_has_children\"><a href=\"https:\/\/www.kostkos.vilniausr.lm.lt\/?page_id=9780\">Teisin\u0117 informacija<\/a>\n<ul class='children'>\n\t<li class=\"page_item page-item-9780 page_item_has_children\"><a href=\"https:\/\/www.kostkos.vilniausr.lm.lt\/?page_id=9780\">Teis\u0117s aktai<\/a>\n\t<ul class='children'>\n\t\t<li class=\"page_item page-item-11950\"><a href=\"https:\/\/www.kostkos.vilniausr.lm.lt\/?page_id=11950\">Lietuvos Respublikos teis\u0117s aktai, reglamentuojantys \u0161vietim\u0105<\/a><\/li>\n\t\t<li class=\"page_item page-item-11954\"><a href=\"https:\/\/www.kostkos.vilniausr.lm.lt\/?page_id=11954\">Savivaldyb\u0117s teis\u0117s aktai, reglamentuojantys \u0161vietim\u0105<\/a><\/li>\n\t\t<li class=\"page_item page-item-11958\"><a href=\"https:\/\/www.kostkos.vilniausr.lm.lt\/?page_id=11958\">Gimnazijos tvarkos bei taisykl\u0117s<\/a><\/li>\n\t<\/ul>\n<\/li>\n\t<li class=\"page_item page-item-9784\"><a href=\"https:\/\/www.kostkos.vilniausr.lm.lt\/?page_id=9784\">Teis\u0117s akt\u0173 projektai<\/a><\/li>\n\t<li class=\"page_item page-item-9786\"><a href=\"https:\/\/www.kostkos.vilniausr.lm.lt\/?page_id=9786\">Tyrimai ir analiz\u0117s<\/a><\/li>\n\t<li class=\"page_item page-item-9788\"><a href=\"https:\/\/www.kostkos.vilniausr.lm.lt\/?page_id=9788\">Teis\u0117s akt\u0173 pa\u017eeidimai<\/a><\/li>\n\t<li class=\"page_item page-item-9790\"><a href=\"https:\/\/www.kostkos.vilniausr.lm.lt\/?page_id=9790\">Galiojan\u010dio teisinio reguliavimo poveikio ex post vertinimas<\/a><\/li>\n<\/ul>\n<\/li>\n<li class=\"page_item page-item-1499 page_item_has_children\"><a href=\"https:\/\/www.kostkos.vilniausr.lm.lt\/?page_id=176#\">Veiklos sritys<\/a>\n<ul class='children'>\n\t<li class=\"page_item page-item-176\"><a href=\"https:\/\/www.kostkos.vilniausr.lm.lt\/?page_id=176\">Ikimokyklinis ugdymas<\/a><\/li>\n\t<li class=\"page_item page-item-1503\"><a href=\"https:\/\/www.kostkos.vilniausr.lm.lt\/?page_id=1503\">Prie\u0161mokyklinis ugdymas<\/a><\/li>\n\t<li class=\"page_item page-item-10150\"><a href=\"https:\/\/www.kostkos.vilniausr.lm.lt\/?page_id=10150\">Pradinis ugdymas<\/a><\/li>\n\t<li class=\"page_item page-item-1505\"><a href=\"https:\/\/www.kostkos.vilniausr.lm.lt\/?page_id=1505\">Pagrindinis ugdymas<\/a><\/li>\n\t<li class=\"page_item page-item-1507\"><a href=\"https:\/\/www.kostkos.vilniausr.lm.lt\/?page_id=1507\">Vidurinis ugdymas<\/a><\/li>\n\t<li class=\"page_item page-item-10167\"><a href=\"https:\/\/www.kostkos.vilniausr.lm.lt\/?page_id=10167\">Speciali\u0173j\u0173 ugdymosi poreiki\u0173 mokini\u0173 ugdymas<\/a><\/li>\n\t<li class=\"page_item page-item-10169\"><a href=\"https:\/\/www.kostkos.vilniausr.lm.lt\/?page_id=10169\">Gabi\u0173 vaik\u0173 ugdymas<\/a><\/li>\n\t<li class=\"page_item page-item-1511\"><a href=\"https:\/\/www.kostkos.vilniausr.lm.lt\/?page_id=1511\">Neformalusis vaik\u0173 \u0161vietimas<\/a><\/li>\n\t<li class=\"page_item page-item-10173\"><a href=\"https:\/\/www.kostkos.vilniausr.lm.lt\/?page_id=10173\">Neformalusis vaik\u0173 \u0161vietimas ir formal\u0173j\u012f \u0161vietim\u0105 papildantis ugdymas<\/a><\/li>\n\t<li class=\"page_item page-item-10175\"><a href=\"https:\/\/www.kostkos.vilniausr.lm.lt\/?page_id=10175\">Nuotolinis ugdymas<\/a><\/li>\n\t<li class=\"page_item page-item-10177 page_item_has_children\"><a href=\"https:\/\/www.kostkos.vilniausr.lm.lt\/?page_id=10179\">Pasiekim\u0173 patikrinimas<\/a>\n\t<ul class='children'>\n\t\t<li class=\"page_item page-item-10179\"><a href=\"https:\/\/www.kostkos.vilniausr.lm.lt\/?page_id=10179\">Brandos egzaminai<\/a><\/li>\n\t\t<li class=\"page_item page-item-10182\"><a href=\"https:\/\/www.kostkos.vilniausr.lm.lt\/?page_id=10182\">PUPP<\/a><\/li>\n\t\t<li class=\"page_item page-item-10191\"><a href=\"https:\/\/www.kostkos.vilniausr.lm.lt\/?page_id=10191\">NMPP<\/a><\/li>\n\t<\/ul>\n<\/li>\n\t<li class=\"page_item page-item-10200\"><a href=\"https:\/\/www.kostkos.vilniausr.lm.lt\/?page_id=10200\">Popamokin\u0117 veikla<\/a><\/li>\n\t<li class=\"page_item page-item-8481\"><a href=\"https:\/\/www.kostkos.vilniausr.lm.lt\/?page_id=8481\">Prevencin\u0117 veikla<\/a><\/li>\n\t<li class=\"page_item page-item-10206\"><a href=\"https:\/\/www.kostkos.vilniausr.lm.lt\/?page_id=10206\">Projektin\u0117 veikla<\/a><\/li>\n\t<li class=\"page_item page-item-10208\"><a href=\"https:\/\/www.kostkos.vilniausr.lm.lt\/?page_id=10208\">Sveikatos stiprinimas<\/a><\/li>\n\t<li class=\"page_item page-item-1515\"><a href=\"https:\/\/www.kostkos.vilniausr.lm.lt\/?page_id=1515\">Ugdymas karjerai<\/a><\/li>\n\t<li class=\"page_item page-item-10216\"><a href=\"https:\/\/www.kostkos.vilniausr.lm.lt\/?page_id=10216\">Ugdymo turinio atnaujinimas UTA<\/a><\/li>\n<\/ul>\n<\/li>\n<li class=\"page_item page-item-9793\"><a href=\"https:\/\/www.kostkos.vilniausr.lm.lt\/?page_id=9793\">Prane\u0161\u0117j\u0173 apsauga<\/a><\/li>\n<li class=\"page_item page-item-8018 page_item_has_children\"><a href=\"https:\/\/www.kostkos.vilniausr.lm.lt\/?page_id=8018\">Informacija<\/a>\n<ul class='children'>\n\t<li class=\"page_item page-item-14112\"><a href=\"https:\/\/www.kostkos.vilniausr.lm.lt\/?page_id=14112\">Maitinimas<\/a><\/li>\n\t<li class=\"page_item page-item-1587 page_item_has_children\"><a href=\"https:\/\/www.kostkos.vilniausr.lm.lt\/?page_id=1587\">Mokiniams<\/a>\n\t<ul class='children'>\n\t\t<li class=\"page_item page-item-67\"><a href=\"https:\/\/www.kostkos.vilniausr.lm.lt\/?page_id=67\">Elgesio taisykl\u0117s<\/a><\/li>\n\t\t<li class=\"page_item page-item-1594\"><a href=\"https:\/\/www.kostkos.vilniausr.lm.lt\/?page_id=1594\">Lankomumas<\/a><\/li>\n\t\t<li class=\"page_item page-item-2537\"><a href=\"https:\/\/www.kostkos.vilniausr.lm.lt\/?page_id=2537\">Egzaminai, PUPP ir NMPP<\/a><\/li>\n\t<\/ul>\n<\/li>\n\t<li class=\"page_item page-item-1774 page_item_has_children\"><a href=\"https:\/\/www.kostkos.vilniausr.lm.lt\/?page_id=1774\">Mokytojams<\/a>\n\t<ul class='children'>\n\t\t<li class=\"page_item page-item-1783\"><a href=\"https:\/\/www.kostkos.vilniausr.lm.lt\/?page_id=1783\">Plan\u0173 formos<\/a><\/li>\n\t\t<li class=\"page_item page-item-1785\"><a href=\"https:\/\/www.kostkos.vilniausr.lm.lt\/?page_id=1785\">Kvalifikacijos k\u0117limas<\/a><\/li>\n\t<\/ul>\n<\/li>\n\t<li class=\"page_item page-item-1789 page_item_has_children\"><a href=\"https:\/\/www.kostkos.vilniausr.lm.lt\/?page_id=1789\">T\u0117vams<\/a>\n\t<ul class='children'>\n\t\t<li class=\"page_item page-item-7852\"><a href=\"https:\/\/www.kostkos.vilniausr.lm.lt\/?page_id=7852\">Dokumentai<\/a><\/li>\n\t\t<li class=\"page_item page-item-1791\"><a href=\"https:\/\/www.kostkos.vilniausr.lm.lt\/?page_id=1791\">Informavimo tvarka<\/a><\/li>\n\t\t<li class=\"page_item page-item-1797\"><a href=\"https:\/\/www.kostkos.vilniausr.lm.lt\/?page_id=1797\">Apr\u016bpinimas, parama<\/a><\/li>\n\t\t<li class=\"page_item page-item-1799\"><a href=\"https:\/\/www.kostkos.vilniausr.lm.lt\/?page_id=1799\">Prailgintos dienos grup\u0117<\/a><\/li>\n\t\t<li class=\"page_item page-item-11968\"><a href=\"https:\/\/www.kostkos.vilniausr.lm.lt\/?page_id=11968\">Informacija apie laisvas vietas<\/a><\/li>\n\t<\/ul>\n<\/li>\n<\/ul>\n<\/li>\n<li class=\"page_item page-item-8028\"><a href=\"https:\/\/www.kostkos.vilniausr.lm.lt\/?page_id=8028\">Korupcijos prevencija<\/a><\/li>\n<li class=\"page_item page-item-10025 page_item_has_children\"><a href=\"https:\/\/www.kostkos.vilniausr.lm.lt\/?page_id=10027\">Administracin\u0117 informacija<\/a>\n<ul class='children'>\n\t<li class=\"page_item page-item-10027\"><a href=\"https:\/\/www.kostkos.vilniausr.lm.lt\/?page_id=10027\">Nuostatai<\/a><\/li>\n\t<li class=\"page_item page-item-10029 page_item_has_children\"><a href=\"https:\/\/www.kostkos.vilniausr.lm.lt\/?page_id=10111\">Planavimo dokumentai<\/a>\n\t<ul class='children'>\n\t\t<li class=\"page_item page-item-10111\"><a href=\"https:\/\/www.kostkos.vilniausr.lm.lt\/?page_id=10111\">Strateginis planas<\/a><\/li>\n\t\t<li class=\"page_item page-item-10115\"><a href=\"https:\/\/www.kostkos.vilniausr.lm.lt\/?page_id=10115\">Ugdymo planas<\/a><\/li>\n\t\t<li class=\"page_item page-item-10120\"><a href=\"https:\/\/www.kostkos.vilniausr.lm.lt\/?page_id=10120\">Metinis veiklos planas<\/a><\/li>\n\t\t<li class=\"page_item page-item-10122\"><a href=\"https:\/\/www.kostkos.vilniausr.lm.lt\/?page_id=10122\">Veiklos planai<\/a><\/li>\n\t\t<li class=\"page_item page-item-10126\"><a href=\"https:\/\/www.kostkos.vilniausr.lm.lt\/?page_id=10126\">Gimnazijos veiklos kokyb\u0117s vertinimas<\/a><\/li>\n\t\t<li class=\"page_item page-item-4340\"><a href=\"https:\/\/www.kostkos.vilniausr.lm.lt\/?page_id=4340\">Veiklos ataskaitos<\/a><\/li>\n\t<\/ul>\n<\/li>\n\t<li class=\"page_item page-item-10031\"><a href=\"https:\/\/www.kostkos.vilniausr.lm.lt\/?page_id=10031\">Darbo u\u017emokestis<\/a><\/li>\n\t<li class=\"page_item page-item-10033\"><a href=\"https:\/\/www.kostkos.vilniausr.lm.lt\/?page_id=10033\">Paskatinimai ir apdovanojimai<\/a><\/li>\n\t<li class=\"page_item page-item-1476\"><a href=\"https:\/\/www.kostkos.vilniausr.lm.lt\/?page_id=1476\">Vie\u0161ieji pirkimai<\/a><\/li>\n\t<li class=\"page_item page-item-10043\"><a href=\"https:\/\/www.kostkos.vilniausr.lm.lt\/?page_id=10043\">Biud\u017eeto vykdymo ataskait\u0173 rinkiniai<\/a><\/li>\n\t<li class=\"page_item page-item-8012\"><a href=\"https:\/\/www.kostkos.vilniausr.lm.lt\/?page_id=8012\">Finansini\u0173 ataskait\u0173 rinkiniai<\/a><\/li>\n\t<li class=\"page_item page-item-10047\"><a href=\"https:\/\/www.kostkos.vilniausr.lm.lt\/?page_id=10047\">\u016akio subjekt\u0173 prie\u017ei\u016bra<\/a><\/li>\n\t<li class=\"page_item page-item-10050\"><a href=\"https:\/\/www.kostkos.vilniausr.lm.lt\/?page_id=10050\">Tarnybiniai lengvieji automobiliai<\/a><\/li>\n\t<li class=\"page_item page-item-10052\"><a href=\"https:\/\/www.kostkos.vilniausr.lm.lt\/?page_id=10052\">L\u0117\u0161os veiklai vie\u0161inti<\/a><\/li>\n<\/ul>\n<\/li>\n<li class=\"page_item page-item-10054 page_item_has_children\"><a href=\"https:\/\/www.kostkos.vilniausr.lm.lt\/?page_id=10240\">Paslaugos<\/a>\n<ul class='children'>\n\t<li class=\"page_item page-item-10240\"><a href=\"https:\/\/www.kostkos.vilniausr.lm.lt\/?page_id=10240\">Vaik\u0173 pri\u0117mimas \u012f gimnazij\u0105<\/a><\/li>\n\t<li class=\"page_item page-item-10244\"><a href=\"https:\/\/www.kostkos.vilniausr.lm.lt\/?page_id=10244\">Skaitmenini\u0173 i\u0161silavinimo pa\u017eym\u0117jim\u0173 ir brandos atestat\u0173 i\u0161davimas<\/a><\/li>\n\t<li class=\"page_item page-item-1493\"><a href=\"https:\/\/www.kostkos.vilniausr.lm.lt\/?page_id=1493\">Pagalbos mokiniui specialistai<\/a><\/li>\n\t<li class=\"page_item page-item-60 page_item_has_children\"><a href=\"https:\/\/www.kostkos.vilniausr.lm.lt\/?page_id=60\">Biblioteka<\/a>\n\t<ul class='children'>\n\t\t<li class=\"page_item page-item-8296\"><a href=\"https:\/\/www.kostkos.vilniausr.lm.lt\/?page_id=8296\">Vadov\u0117li\u0173 ir mokymo priemoni\u0173 \u012fsigijimas<\/a><\/li>\n\t\t<li class=\"page_item page-item-11718\"><a href=\"https:\/\/www.kostkos.vilniausr.lm.lt\/?page_id=11718\">Bibliotekos projektai<\/a><\/li>\n\t<\/ul>\n<\/li>\n<\/ul>\n<\/li>\n<li class=\"page_item page-item-10058\"><a href=\"https:\/\/www.kostkos.vilniausr.lm.lt\/?page_id=10058\">Atviri duomenys<\/a><\/li>\n<li class=\"page_item page-item-7860 page_item_has_children\"><a href=\"https:\/\/www.kostkos.vilniausr.lm.lt\/?page_id=7860\">Asmens duomen\u0173 apsauga<\/a>\n<ul class='children'>\n\t<li class=\"page_item page-item-8045\"><a href=\"https:\/\/www.kostkos.vilniausr.lm.lt\/?page_id=8045\">Privatumo politika<\/a><\/li>\n<\/ul>\n<\/li>\n<li class=\"page_item page-item-111 page_item_has_children\"><a href=\"https:\/\/www.kostkos.vilniausr.lm.lt\/?page_id=111\">Nuorodos<\/a>\n<ul class='children'>\n\t<li class=\"page_item page-item-8083\"><a href=\"https:\/\/www.kostkos.vilniausr.lm.lt\/?page_id=8083\">Puslapio medis<\/a><\/li>\n<\/ul>\n<\/li>\n<li class=\"page_item page-item-1480\"><a href=\"https:\/\/www.kostkos.vilniausr.lm.lt\/?page_id=1480\">Parama<\/a><\/li>\n\n<\/ul>\n\n\n\n<p><\/p>\n","protected":false},"excerpt":{"rendered":"","protected":false},"author":1,"featured_media":0,"parent":111,"menu_order":0,"comment_status":"closed","ping_status":"closed","template":"","meta":{"ngg_post_thumbnail":0,"footnotes":"","_links_to":"","_links_to_target":""},"_links":{"self":[{"href":"https:\/\/www.kostkos.vilniausr.lm.lt\/index.php?rest_route=\/wp\/v2\/pages\/8083"}],"collection":[{"href":"https:\/\/www.kostkos.vilniausr.lm.lt\/index.php?rest_route=\/wp\/v2\/pages"}],"about":[{"href":"https:\/\/www.kostkos.vilniausr.lm.lt\/index.php?rest_route=\/wp\/v2\/types\/page"}],"author":[{"embeddable":true,"href":"https:\/\/www.kostkos.vilniausr.lm.lt\/index.php?rest_route=\/wp\/v2\/users\/1"}],"replies":[{"embeddable":true,"href":"https:\/\/www.kostkos.vilniausr.lm.lt\/index.php?rest_route=%2Fwp%2Fv2%2Fcomments&post=8083"}],"version-history":[{"count":2,"href":"https:\/\/www.kostkos.vilniausr.lm.lt\/index.php?rest_route=\/wp\/v2\/pages\/8083\/revisions"}],"predecessor-version":[{"id":8085,"href":"https:\/\/www.kostkos.vilniausr.lm.lt\/index.php?rest_route=\/wp\/v2\/pages\/8083\/revisions\/8085"}],"up":[{"embeddable":true,"href":"https:\/\/www.kostkos.vilniausr.lm.lt\/index.php?rest_route=\/wp\/v2\/pages\/111"}],"wp:attachment":[{"href":"https:\/\/www.kostkos.vilniausr.lm.lt\/index.php?rest_route=%2Fwp%2Fv2%2Fmedia&parent=8083"}],"curies":[{"name":"wp","href":"https:\/\/api.w.org\/{rel}","templated":true}]}}