{"id":8296,"date":"2021-02-08T13:54:43","date_gmt":"2021-02-08T11:54:43","guid":{"rendered":"https:\/\/www.kostkos.vilniausr.lm.lt\/?page_id=8296"},"modified":"2026-02-23T09:07:58","modified_gmt":"2026-02-23T07:07:58","slug":"biliotekos-dokumentai","status":"publish","type":"page","link":"https:\/\/www.kostkos.vilniausr.lm.lt\/?page_id=8296","title":{"rendered":"Vadov\u0117li\u0173 ir mokymo priemoni\u0173 \u012fsigijimas"},"content":{"rendered":"\n<p><a href=\"https:\/\/www.kostkos.vilniausr.lm.lt\/wp-content\/uploads\/2026\/02\/VADOVELIU-IR-MOKYMO-PRIEMONIU-ISIGIJIMAS-2025-M.docx\">Vadov\u0117li\u0173 ir mokymo priemoni\u0173 \u012fsigijimas 2025 m.<\/a><\/p>\n\n\n\n<p><a href=\"https:\/\/www.kostkos.vilniausr.lm.lt\/wp-content\/uploads\/2025\/02\/2024-vad.iisigijimas.docx\">Vadov\u0117li\u0173 ir mokymo priemoni\u0173 \u012fsigijimas 2024 m.<\/a><\/p>\n\n\n\n<p><a href=\"https:\/\/www.kostkos.vilniausr.lm.lt\/wp-content\/uploads\/2024\/02\/Vadoveliu-mokymo-priemoniu-isigijimas-2023.docx\">Vadov\u0117li\u0173 ir mokymo priemoni\u0173 \u012fsigijimas 2023 m.<\/a><\/p>\n\n\n\n<p><a href=\"https:\/\/www.kostkos.vilniausr.lm.lt\/wp-content\/uploads\/2023\/03\/VADOVELIU-IR-MOKYMO-PRIEMONIU-ISIGIJIMAS-2022-M.docx\" target=\"_blank\" rel=\"noreferrer noopener\">Vadov\u0117li\u0173 ir mokymo priemoni\u0173 \u012fsigijimas 2022 m.<\/a><\/p>\n\n\n\n<p><a rel=\"noreferrer noopener\" href=\"https:\/\/www.kostkos.vilniausr.lm.lt\/wp-content\/uploads\/2022\/02\/Vadoveliu-mokymo-priemoniu-isigijimas-2021.pdf\" target=\"_blank\">Vadov\u0117li\u0173 ir mokymo priemoni\u0173 \u012fsigijimas 2021 m.<\/a><\/p>\n\n\n\n<p><a rel=\"noreferrer noopener\" href=\"https:\/\/www.kostkos.vilniausr.lm.lt\/wp-content\/uploads\/2021\/02\/Vadoveliu-mokymo-priemoniu-isigijimas-2020.docx\" target=\"_blank\">Vadov\u0117li\u0173 ir mokymo priemoni\u0173 \u012fsigijimas 2020 m.<\/a><\/p>\n","protected":false},"excerpt":{"rendered":"<p>Vadov\u0117li\u0173 ir mokymo priemoni\u0173 \u012fsigijimas 2025 m. Vadov\u0117li\u0173 ir mokymo priemoni\u0173 \u012fsigijimas 2024 m. Vadov\u0117li\u0173 ir mokymo priemoni\u0173 \u012fsigijimas 2023 m. Vadov\u0117li\u0173 ir mokymo priemoni\u0173 \u012fsigijimas 2022 m. Vadov\u0117li\u0173 ir mokymo priemoni\u0173 \u012fsigijimas 2021 m. Vadov\u0117li\u0173 ir mokymo priemoni\u0173 \u012fsigijimas &hellip; <a href=\"https:\/\/www.kostkos.vilniausr.lm.lt\/?page_id=8296\">Continue reading <span class=\"meta-nav\">&rarr;<\/span><\/a><\/p>\n","protected":false},"author":1,"featured_media":0,"parent":60,"menu_order":0,"comment_status":"closed","ping_status":"closed","template":"","meta":{"ngg_post_thumbnail":0,"footnotes":"","_links_to":"","_links_to_target":""},"_links":{"self":[{"href":"https:\/\/www.kostkos.vilniausr.lm.lt\/index.php?rest_route=\/wp\/v2\/pages\/8296"}],"collection":[{"href":"https:\/\/www.kostkos.vilniausr.lm.lt\/index.php?rest_route=\/wp\/v2\/pages"}],"about":[{"href":"https:\/\/www.kostkos.vilniausr.lm.lt\/index.php?rest_route=\/wp\/v2\/types\/page"}],"author":[{"embeddable":true,"href":"https:\/\/www.kostkos.vilniausr.lm.lt\/index.php?rest_route=\/wp\/v2\/users\/1"}],"replies":[{"embeddable":true,"href":"https:\/\/www.kostkos.vilniausr.lm.lt\/index.php?rest_route=%2Fwp%2Fv2%2Fcomments&post=8296"}],"version-history":[{"count":11,"href":"https:\/\/www.kostkos.vilniausr.lm.lt\/index.php?rest_route=\/wp\/v2\/pages\/8296\/revisions"}],"predecessor-version":[{"id":15827,"href":"https:\/\/www.kostkos.vilniausr.lm.lt\/index.php?rest_route=\/wp\/v2\/pages\/8296\/revisions\/15827"}],"up":[{"embeddable":true,"href":"https:\/\/www.kostkos.vilniausr.lm.lt\/index.php?rest_route=\/wp\/v2\/pages\/60"}],"wp:attachment":[{"href":"https:\/\/www.kostkos.vilniausr.lm.lt\/index.php?rest_route=%2Fwp%2Fv2%2Fmedia&parent=8296"}],"curies":[{"name":"wp","href":"https:\/\/api.w.org\/{rel}","templated":true}]}}