{"id":9780,"date":"2023-05-24T14:10:34","date_gmt":"2023-05-24T12:10:34","guid":{"rendered":"https:\/\/www.kostkos.vilniausr.lm.lt\/?page_id=9780"},"modified":"2025-03-12T10:43:56","modified_gmt":"2025-03-12T08:43:56","slug":"teises-aktai","status":"publish","type":"page","link":"https:\/\/www.kostkos.vilniausr.lm.lt\/?page_id=9780","title":{"rendered":"Teis\u0117s aktai"},"content":{"rendered":"\n<p>Skelbiami \u012fstaigos reguliavimo sri\u010diai priskiriam\u0173 galiojan\u010di\u0173 teis\u0117s akt\u0173 pavadinimai su nuorodomis \u012f teis\u0117s akt\u0173 aktualias redakcijas arba galiojan\u010dias suvestines redakcijas, esan\u010dias Teis\u0117s akt\u0173 registre&nbsp;<a href=\"https:\/\/www.e-tar.lt\/\">https:\/\/www.e-tar.lt<\/a>&nbsp;, \u012fstaigos norminiai teis\u0117s aktai, taip pat kiti \u0161ios \u012fstaigos teis\u0117s taikymo aktai bei \u012fstaigos pasira\u0161yti susitarimai.<\/p>\n","protected":false},"excerpt":{"rendered":"<p>Skelbiami \u012fstaigos reguliavimo sri\u010diai priskiriam\u0173 galiojan\u010di\u0173 teis\u0117s akt\u0173 pavadinimai su nuorodomis \u012f teis\u0117s akt\u0173 aktualias redakcijas arba galiojan\u010dias suvestines redakcijas, esan\u010dias Teis\u0117s akt\u0173 registre&nbsp;https:\/\/www.e-tar.lt&nbsp;, \u012fstaigos norminiai teis\u0117s aktai, taip pat kiti \u0161ios \u012fstaigos teis\u0117s taikymo aktai bei \u012fstaigos pasira\u0161yti susitarimai.<\/p>\n","protected":false},"author":1,"featured_media":0,"parent":8034,"menu_order":0,"comment_status":"closed","ping_status":"closed","template":"","meta":{"ngg_post_thumbnail":0,"footnotes":"","_links_to":"","_links_to_target":""},"_links":{"self":[{"href":"https:\/\/www.kostkos.vilniausr.lm.lt\/index.php?rest_route=\/wp\/v2\/pages\/9780"}],"collection":[{"href":"https:\/\/www.kostkos.vilniausr.lm.lt\/index.php?rest_route=\/wp\/v2\/pages"}],"about":[{"href":"https:\/\/www.kostkos.vilniausr.lm.lt\/index.php?rest_route=\/wp\/v2\/types\/page"}],"author":[{"embeddable":true,"href":"https:\/\/www.kostkos.vilniausr.lm.lt\/index.php?rest_route=\/wp\/v2\/users\/1"}],"replies":[{"embeddable":true,"href":"https:\/\/www.kostkos.vilniausr.lm.lt\/index.php?rest_route=%2Fwp%2Fv2%2Fcomments&post=9780"}],"version-history":[{"count":3,"href":"https:\/\/www.kostkos.vilniausr.lm.lt\/index.php?rest_route=\/wp\/v2\/pages\/9780\/revisions"}],"predecessor-version":[{"id":11953,"href":"https:\/\/www.kostkos.vilniausr.lm.lt\/index.php?rest_route=\/wp\/v2\/pages\/9780\/revisions\/11953"}],"up":[{"embeddable":true,"href":"https:\/\/www.kostkos.vilniausr.lm.lt\/index.php?rest_route=\/wp\/v2\/pages\/8034"}],"wp:attachment":[{"href":"https:\/\/www.kostkos.vilniausr.lm.lt\/index.php?rest_route=%2Fwp%2Fv2%2Fmedia&parent=9780"}],"curies":[{"name":"wp","href":"https:\/\/api.w.org\/{rel}","templated":true}]}}