{"id":9786,"date":"2023-05-24T14:23:36","date_gmt":"2023-05-24T12:23:36","guid":{"rendered":"https:\/\/www.kostkos.vilniausr.lm.lt\/?page_id=9786"},"modified":"2024-01-23T14:07:38","modified_gmt":"2024-01-23T12:07:38","slug":"tyrimai-ir-analizes","status":"publish","type":"page","link":"https:\/\/www.kostkos.vilniausr.lm.lt\/?page_id=9786","title":{"rendered":"Tyrimai ir analiz\u0117s"},"content":{"rendered":"\n<p>\u012estaigoje n\u0117ra atlikta tyrim\u0173 ir analizi\u0173 d\u0117l numatomo teisinio reguliavimo.<\/p>\n","protected":false},"excerpt":{"rendered":"<p>\u012estaigoje n\u0117ra atlikta tyrim\u0173 ir analizi\u0173 d\u0117l numatomo teisinio reguliavimo.<\/p>\n","protected":false},"author":1,"featured_media":0,"parent":8034,"menu_order":2,"comment_status":"closed","ping_status":"closed","template":"","meta":{"ngg_post_thumbnail":0,"footnotes":"","_links_to":"","_links_to_target":""},"_links":{"self":[{"href":"https:\/\/www.kostkos.vilniausr.lm.lt\/index.php?rest_route=\/wp\/v2\/pages\/9786"}],"collection":[{"href":"https:\/\/www.kostkos.vilniausr.lm.lt\/index.php?rest_route=\/wp\/v2\/pages"}],"about":[{"href":"https:\/\/www.kostkos.vilniausr.lm.lt\/index.php?rest_route=\/wp\/v2\/types\/page"}],"author":[{"embeddable":true,"href":"https:\/\/www.kostkos.vilniausr.lm.lt\/index.php?rest_route=\/wp\/v2\/users\/1"}],"replies":[{"embeddable":true,"href":"https:\/\/www.kostkos.vilniausr.lm.lt\/index.php?rest_route=%2Fwp%2Fv2%2Fcomments&post=9786"}],"version-history":[{"count":1,"href":"https:\/\/www.kostkos.vilniausr.lm.lt\/index.php?rest_route=\/wp\/v2\/pages\/9786\/revisions"}],"predecessor-version":[{"id":9787,"href":"https:\/\/www.kostkos.vilniausr.lm.lt\/index.php?rest_route=\/wp\/v2\/pages\/9786\/revisions\/9787"}],"up":[{"embeddable":true,"href":"https:\/\/www.kostkos.vilniausr.lm.lt\/index.php?rest_route=\/wp\/v2\/pages\/8034"}],"wp:attachment":[{"href":"https:\/\/www.kostkos.vilniausr.lm.lt\/index.php?rest_route=%2Fwp%2Fv2%2Fmedia&parent=9786"}],"curies":[{"name":"wp","href":"https:\/\/api.w.org\/{rel}","templated":true}]}}