{"id":9788,"date":"2023-05-24T14:26:35","date_gmt":"2023-05-24T12:26:35","guid":{"rendered":"https:\/\/www.kostkos.vilniausr.lm.lt\/?page_id=9788"},"modified":"2023-05-24T14:26:35","modified_gmt":"2023-05-24T12:26:35","slug":"teises-aktu-pazeidimai","status":"publish","type":"page","link":"https:\/\/www.kostkos.vilniausr.lm.lt\/?page_id=9788","title":{"rendered":"Teis\u0117s akt\u0173 pa\u017eeidimai"},"content":{"rendered":"\n<p>\u0160iuo metu Vilniaus r. Paber\u017e\u0117s \u0161v. Stanislavo Kostkos gimnazijoje teis\u0117s akt\u0173 pa\u017eeidim\u0173 nenustatyta.<\/p>\n","protected":false},"excerpt":{"rendered":"<p>\u0160iuo metu Vilniaus r. Paber\u017e\u0117s \u0161v. Stanislavo Kostkos gimnazijoje teis\u0117s akt\u0173 pa\u017eeidim\u0173 nenustatyta.<\/p>\n","protected":false},"author":1,"featured_media":0,"parent":8034,"menu_order":3,"comment_status":"closed","ping_status":"closed","template":"","meta":{"ngg_post_thumbnail":0,"footnotes":"","_links_to":"","_links_to_target":""},"_links":{"self":[{"href":"https:\/\/www.kostkos.vilniausr.lm.lt\/index.php?rest_route=\/wp\/v2\/pages\/9788"}],"collection":[{"href":"https:\/\/www.kostkos.vilniausr.lm.lt\/index.php?rest_route=\/wp\/v2\/pages"}],"about":[{"href":"https:\/\/www.kostkos.vilniausr.lm.lt\/index.php?rest_route=\/wp\/v2\/types\/page"}],"author":[{"embeddable":true,"href":"https:\/\/www.kostkos.vilniausr.lm.lt\/index.php?rest_route=\/wp\/v2\/users\/1"}],"replies":[{"embeddable":true,"href":"https:\/\/www.kostkos.vilniausr.lm.lt\/index.php?rest_route=%2Fwp%2Fv2%2Fcomments&post=9788"}],"version-history":[{"count":1,"href":"https:\/\/www.kostkos.vilniausr.lm.lt\/index.php?rest_route=\/wp\/v2\/pages\/9788\/revisions"}],"predecessor-version":[{"id":9789,"href":"https:\/\/www.kostkos.vilniausr.lm.lt\/index.php?rest_route=\/wp\/v2\/pages\/9788\/revisions\/9789"}],"up":[{"embeddable":true,"href":"https:\/\/www.kostkos.vilniausr.lm.lt\/index.php?rest_route=\/wp\/v2\/pages\/8034"}],"wp:attachment":[{"href":"https:\/\/www.kostkos.vilniausr.lm.lt\/index.php?rest_route=%2Fwp%2Fv2%2Fmedia&parent=9788"}],"curies":[{"name":"wp","href":"https:\/\/api.w.org\/{rel}","templated":true}]}}