{"id":98,"date":"2010-02-27T19:11:43","date_gmt":"2010-02-27T17:11:43","guid":{"rendered":"http:\/\/www2095.vu.lt\/?page_id=98"},"modified":"2024-04-15T14:34:13","modified_gmt":"2024-04-15T11:34:13","slug":"mokyklos-taryba","status":"publish","type":"page","link":"https:\/\/www.kostkos.vilniausr.lm.lt\/?page_id=98","title":{"rendered":"Savivalda"},"content":{"rendered":"<h3><strong>Darbo taryba<\/strong><\/h3>\n<p><strong>Pirminink\u0117 \u2013 <\/strong>Reda Kazimerevi\u010d<br \/>\n<strong>Sekretor\u0117<\/strong> \u2013 Danuta Pimanova<br \/>\n<strong>Narys<\/strong> \u2013 Jadvyga Gurecka<\/p>\n<h3><b>Gimnazijos taryba<\/b><\/h3>\n<p><strong>Pirminink\u0117<\/strong> \u2013 Kata\u017eina Bartusevi\u010d<br \/>\n<strong>Sekretor\u0117<\/strong> \u2013 Gelena \u0160neiderien\u0117<\/p>\n<p><strong>Nariai<\/strong>:<\/p>\n<p>Kata\u017eina \u0160ukevi\u010dien\u0117 (mokytoj\u0173 atstov\u0117)<br \/>\nReda Kazimerevi\u010d (mokytoj\u0173 atstov\u0117)<br \/>\nTeresa Kuzmicka (mokytoj\u0173 atstov\u0117)<br \/>\nRobert Liachovi\u010d (t\u0117v\u0173 atstovas)<br \/>\nVioleta Gorochova (t\u0117v\u0173 atstov\u0117)<br \/>\nJolanta Liudkevi\u010d (t\u0117v\u0173 atstov\u0117)<br \/>\nPaulina Filipovi\u010d (mokini\u0173 atstov\u0117)<br \/>\nFaustyna Savicka (mokini\u0173 atstov\u0117)<br \/>\nKatryna Pakultinis (mokini\u0173 atstov\u0117)<br \/>\nAriana Puncevi\u010di\u016bt\u0117 (mokini\u0173 atstov\u0117)<\/p>\n<p>Kuruoja direktor\u0117 <strong>Jolanta Driukien\u0117<\/strong><\/p>\n<p><strong>Gimnazijos tarybos tikslai:<\/strong><\/p>\n<ul>\n<li>U\u017etikrinti mokykloje, \u012fstatymais apibr\u0117\u017et\u0105, mokini\u0173 ugdymo proceso nepriekai\u0161ting\u0105 vykdym\u0105, ugdymo proceso kait\u0105, atsi\u017evelgiant \u012f \u0161iuolaikini\u0173 technologij\u0173 vystym\u0105si bei mokyklos bendruomen\u0117s nari\u0173 poreikius ir pasi\u016blymus.<\/li>\n<li>Pad\u0117ti \u012fgyvendinti mokyklos i\u0161keltus tikslus ir u\u017edavinius.<\/li>\n<\/ul>\n<h3><strong>Gimnazijos metodinis centras<\/strong><\/h3>\n<p><strong>Pirminink\u0117 <\/strong>\u2013 Valentina Gor\u0161anenko<br \/>\n<strong>Sekretor\u0117<\/strong> \u2013 Kristina Radzevi\u010d<\/p>\n<p><strong>Nariai:<\/strong><\/p>\n<p>Auks\u0117 Ma\u010dionien\u0117<br \/>\nTeresa Sadovskaja<br \/>\nDanut\u0117 Adomavi\u010dien\u0117<br \/>\nIvona Sosnovska<br \/>\nJolianta Markovska<br \/>\nAna Barto\u0161ko<\/p>\n<p>Kuruoja direktoriaus pavaduotoja ugdymui <strong>Ana Jankovska<\/strong><\/p>\n<h3><b>Mokini\u0173 taryba<\/b><\/h3>\n<p><span lang=\"LT\"><strong>Pirmininkas <\/strong> Liachovi\u010d Zuzana (I G kl.)<br \/>\n<b>Sekretor\u0117<\/b> Le\u0161\u010devskaja Karolina (III G kl.)<br \/>\n<b>Nariai<\/b>:<br \/>\n<\/span>IV G &#8211; <span lang=\"LT\">Filipovi\u010d Paulina<\/span><br \/>\nIV G -Drozd Norbert &nbsp;<br \/>\nIV G &#8211; Pakultinis Katryna&nbsp;<br \/>\nIII G &#8211; Puncevi\u010di\u016bt\u0117 Ariana<br \/>\nIII G &#8211; Savickaja Faustyna<br \/>\nII G &#8211; Purkina Diana&nbsp;<br \/>\nII G &#8211; \u017dukovskaja Adriana&nbsp;<br \/>\nI G &#8211; Gorochova Justina<br \/>\nI G &#8211; Pimanova Darija<br \/>\n8 kl. &#8211; Pakultinis Daniela&nbsp;<br \/>\n8 kl. &#8211;&nbsp; \u0160ukevi\u010di\u016bt\u0117 Juneta&nbsp;<br \/>\n8 kl. &#8211; Smyk Sofija&nbsp;<br \/>\n8 kl. &#8211; Volodko Inesa&nbsp;<\/p>\n<p>Kuruoja socialin\u0117 pedagog\u0117 Irena Macevi\u010d<\/p>\n<p>&nbsp;<\/p>\n<p>&nbsp;<\/p>\n","protected":false},"excerpt":{"rendered":"<p>Darbo taryba Pirminink\u0117 \u2013 Reda Kazimerevi\u010d Sekretor\u0117 \u2013 Danuta Pimanova Narys \u2013 Jadvyga Gurecka Gimnazijos taryba Pirminink\u0117 \u2013 Kata\u017eina Bartusevi\u010d Sekretor\u0117 \u2013 Gelena \u0160neiderien\u0117 Nariai: Kata\u017eina \u0160ukevi\u010dien\u0117 (mokytoj\u0173 atstov\u0117) Reda Kazimerevi\u010d (mokytoj\u0173 atstov\u0117) Teresa Kuzmicka (mokytoj\u0173 atstov\u0117) Robert Liachovi\u010d (t\u0117v\u0173 &hellip; <a href=\"https:\/\/www.kostkos.vilniausr.lm.lt\/?page_id=98\">Continue reading <span class=\"meta-nav\">&rarr;<\/span><\/a><\/p>\n","protected":false},"author":1,"featured_media":0,"parent":1813,"menu_order":6,"comment_status":"closed","ping_status":"closed","template":"","meta":{"ngg_post_thumbnail":0,"footnotes":"","_links_to":"","_links_to_target":""},"_links":{"self":[{"href":"https:\/\/www.kostkos.vilniausr.lm.lt\/index.php?rest_route=\/wp\/v2\/pages\/98"}],"collection":[{"href":"https:\/\/www.kostkos.vilniausr.lm.lt\/index.php?rest_route=\/wp\/v2\/pages"}],"about":[{"href":"https:\/\/www.kostkos.vilniausr.lm.lt\/index.php?rest_route=\/wp\/v2\/types\/page"}],"author":[{"embeddable":true,"href":"https:\/\/www.kostkos.vilniausr.lm.lt\/index.php?rest_route=\/wp\/v2\/users\/1"}],"replies":[{"embeddable":true,"href":"https:\/\/www.kostkos.vilniausr.lm.lt\/index.php?rest_route=%2Fwp%2Fv2%2Fcomments&post=98"}],"version-history":[{"count":24,"href":"https:\/\/www.kostkos.vilniausr.lm.lt\/index.php?rest_route=\/wp\/v2\/pages\/98\/revisions"}],"predecessor-version":[{"id":11762,"href":"https:\/\/www.kostkos.vilniausr.lm.lt\/index.php?rest_route=\/wp\/v2\/pages\/98\/revisions\/11762"}],"up":[{"embeddable":true,"href":"https:\/\/www.kostkos.vilniausr.lm.lt\/index.php?rest_route=\/wp\/v2\/pages\/1813"}],"wp:attachment":[{"href":"https:\/\/www.kostkos.vilniausr.lm.lt\/index.php?rest_route=%2Fwp%2Fv2%2Fmedia&parent=98"}],"curies":[{"name":"wp","href":"https:\/\/api.w.org\/{rel}","templated":true}]}}